{"id":8486,"date":"2024-12-12T19:57:31","date_gmt":"2024-12-12T19:57:31","guid":{"rendered":"https:\/\/purama.lt\/?post_type=product&#038;p=8486"},"modified":"2026-04-08T08:47:58","modified_gmt":"2026-04-08T06:47:58","slug":"hempo-30-tayden-spektrin-cbd-oljy","status":"publish","type":"product","link":"https:\/\/purama.lt\/fi\/produktas\/hempo-30-pilno-spektro-cbd-aliejus\/","title":{"rendered":"Hempo 30% T\u00e4yden spektrin CBD-\u00f6ljy"},"content":{"rendered":"<div>\n<div class=\"summary__title\">\n<p class=\"h4 accordion__title\"><strong>Kulutus:<\/strong> On suositeltavaa ottaa 3-4 tippaa s\u00e4\u00e4nn\u00f6llisesti, 2 kertaa p\u00e4iv\u00e4ss\u00e4 (aamulla ja illalla), ravistettuna ennen k\u00e4ytt\u00f6\u00e4. Huomaa, ett\u00e4 CBD-tuotteiden halutut vaikutukset ja sietokyky vaihtelevat henkil\u00f6itt\u00e4in, joten suosittelemme aloittamaan pienimm\u00e4ll\u00e4 suositellulla m\u00e4\u00e4r\u00e4ll\u00e4 ja lis\u00e4\u00e4m\u00e4\u00e4n sit\u00e4 v\u00e4hitellen tarpeen mukaan, mutta \u00e4l\u00e4 ylit\u00e4 200 mg CBD:t\u00e4 p\u00e4iv\u00e4ss\u00e4. Jos se joutuu silmiin: huuhtele varovasti vedell\u00e4 muutaman minuutin ajan.<\/p>\n<\/div>\n<\/div>\n<div id=\"ProductAccordion-b1532ee7-16af-4ae0-971e-18dbf3b6f278-template--14841473400972__main\" class=\"accordion__content rte\">\n<p><span style=\"font-size: 16px\"><strong>Ainesosat:<\/strong> T\u00e4yden spektrin kannabidioli (3000 mg CBD), jossa on j\u00e4\u00e4nn\u00f6sm\u00e4\u00e4ri\u00e4 muita hy\u00f6dyllisi\u00e4 kannabinoideja (CBDA, CBDV, CBG, CBC, CBN, CBGA jne.), orgaanista hampun (Cannabis Sativa L.) siemen\u00f6ljy\u00e4, terpeenej\u00e4, fenoleja, flavonoideja.<\/span><\/p>\n<p><strong>M\u00e4\u00e4r\u00e4:<\/strong> 10ml<\/p>\n<div class=\"product-details-module__content\">\n<div id=\"productDescription\" class=\"product-details__product-description\">\n<p><strong>Alkuper\u00e4maa:<\/strong> Sveitsi<\/p>\n<\/div>\n<\/div>\n<\/div>","protected":false},"excerpt":{"rendered":"<p><strong>Hempo 30% T\u00e4yden spektrin CBD-\u00f6ljy<\/strong> on eritt\u00e4in tiivis luonnollinen kannabis\u00f6ljy, joka tukee voimakkaasti kehoa ja mielt\u00e4. T\u00e4ydellinen spektri <strong>CBD<\/strong> \u00f6ljyss\u00e4 ei ole ainoastaan 30%<strong> CBD<\/strong>, mutta my\u00f6s pieni\u00e4 m\u00e4\u00e4ri\u00e4 muita hy\u00f6dyllisi\u00e4 kannabinoideja, kuten <strong>CBG, CBN ja CBDV<\/strong>, jotka yhdess\u00e4 tehostavat kokonaisvaikutusta. CO2-uuttomenetelm\u00e4 s\u00e4ilytt\u00e4\u00e4 kannabiksen luonnollisen koostumuksen ja korkean laadun. Tuote sis\u00e4lt\u00e4\u00e4 pienen m\u00e4\u00e4r\u00e4n THC:t\u00e4 (sallittujen rajojen sis\u00e4ll\u00e4, alle 0,2%), mutta ei aiheuta psykoaktiivisia vaikutuksia.<\/p>","protected":false},"featured_media":8494,"comment_status":"open","ping_status":"closed","template":"","meta":{"_acf_changed":false},"product_brand":[429],"product_cat":[61,77,500],"product_tag":[],"class_list":{"0":"post-8486","1":"product","2":"type-product","3":"status-publish","4":"has-post-thumbnail","6":"product_brand-hempo","7":"product_cat-ramybei","8":"product_cat-cbd-aliejai","9":"product_cat-outlet","11":"first","12":"instock","13":"sale","14":"shipping-taxable","15":"purchasable","16":"product-type-simple"},"acf":[],"tiered_pricing_type":"fixed","tiered_pricing_fixed_rules":[],"tiered_pricing_product_settings":{"layout":"default","base_unit_name":{"singular":null,"plural":null},"default_variation":null},"tiered_pricing_minimum_quantity":null,"tiered_pricing_roles_data":[],"tiered_pricing_percentage_rules":[],"_links":{"self":[{"href":"https:\/\/purama.lt\/fi\/wp-json\/wp\/v2\/product\/8486","targetHints":{"allow":["GET"]}}],"collection":[{"href":"https:\/\/purama.lt\/fi\/wp-json\/wp\/v2\/product"}],"about":[{"href":"https:\/\/purama.lt\/fi\/wp-json\/wp\/v2\/types\/product"}],"replies":[{"embeddable":true,"href":"https:\/\/purama.lt\/fi\/wp-json\/wp\/v2\/comments?post=8486"}],"wp:featuredmedia":[{"embeddable":true,"href":"https:\/\/purama.lt\/fi\/wp-json\/wp\/v2\/media\/8494"}],"wp:attachment":[{"href":"https:\/\/purama.lt\/fi\/wp-json\/wp\/v2\/media?parent=8486"}],"wp:term":[{"taxonomy":"product_brand","embeddable":true,"href":"https:\/\/purama.lt\/fi\/wp-json\/wp\/v2\/product_brand?post=8486"},{"taxonomy":"product_cat","embeddable":true,"href":"https:\/\/purama.lt\/fi\/wp-json\/wp\/v2\/product_cat?post=8486"},{"taxonomy":"product_tag","embeddable":true,"href":"https:\/\/purama.lt\/fi\/wp-json\/wp\/v2\/product_tag?post=8486"}],"curies":[{"name":"wp","href":"https:\/\/api.w.org\/{rel}","templated":true}]}}