{"id":8362,"date":"2024-12-11T17:27:10","date_gmt":"2024-12-11T17:27:10","guid":{"rendered":"https:\/\/purama.lt\/?post_type=product&#038;p=8362"},"modified":"2026-04-07T13:42:34","modified_gmt":"2026-04-07T11:42:34","slug":"biologinen-ikatesti-donotage","status":"publish","type":"product","link":"https:\/\/purama.lt\/fi\/produktas\/biologinio-amziaus-testas-donotage\/","title":{"rendered":"DoNotAge Biologinen ik\u00e4testi"},"content":{"rendered":"<p><strong>Miten testi tehd\u00e4\u00e4n<\/strong>?<\/p>\n\n\n\n<ol class=\"wp-block-list\">\n<li>Kun olet saanut paketin, ota sylkin\u00e4yte ohjeiden mukaisesti.<\/li>\n\n\n\n<li>\u00c4l\u00e4 k\u00e4yt\u00e4 <strong>kofeiinia 12 tunnin kuluessa<\/strong> ennen koetta (iltaisin, ei klo 17.00 j\u00e4lkeen).<\/li>\n\n\n\n<li><strong>\u00c4l\u00e4 ota k\u00e4sikauppalisi\u00e4<\/strong> 48 tuntia ennen testi\u00e4 (resepti\u00e4 ei tarvitse lopettaa).<\/li>\n\n\n\n<li>V\u00e4lt\u00e4 <strong>intensiivinen liikunta 48 tuntia ennen testi\u00e4<\/strong>, erityisesti voimaharjoitteluun.<\/li>\n\n\n\n<li>Ei <strong>tupakointi<\/strong> ennen testi\u00e4.<\/li>\n\n\n\n<li>L\u00e4het\u00e4 n\u00e4yte pikal\u00e4hetyksen\u00e4 (esim. DHL, UPS, FedEx), jonka ilmoitettu arvo on noin 5 euroa.<\/li>\n\n\n\n<li>Saatat joutua odottamaan jopa <strong>12 viikkoa<\/strong>.<\/li>\n<\/ol>\n\n\n\n<hr class=\"wp-block-separator has-alpha-channel-opacity\"\/>\n\n\n\n<p><strong>Perustuu edistyneimp\u00e4\u00e4n 2. sukupolven epigeneettiseen teknologiaan.<\/strong> - Aiemmista testeist\u00e4 poiketen t\u00e4ss\u00e4 testiss\u00e4 analysoidaan kymmeni\u00e4 tuhansia epigeneettisi\u00e4 merkkej\u00e4, mik\u00e4 johtaa paljon tarkempiin ja t\u00e4ydellisempiin tuloksiin. <br><strong>K\u00e4ytt\u00e4\u00e4 teko\u00e4lymalleja (koneoppiminen)<\/strong> - Epigeneettisi\u00e4 tietoja k\u00e4sitell\u00e4\u00e4n kehittyneill\u00e4 algoritmeilla, jotka tunnistavat DNA-metylaation ja ik\u00e4\u00e4ntymisen v\u00e4liset monimutkaiset yhteydet.<br><strong>Mahdollistaa edistymisen seuraamisen ajan mittaan<\/strong> - Uusintatestaus muutaman kuukauden kuluttua antaa sinulle mahdollisuuden n\u00e4hd\u00e4, miten el\u00e4m\u00e4ntapamuutokset ovat vaikuttaneet biologiseen ik\u00e4\u00e4si.<br><strong>Sis\u00e4lt\u00e4\u00e4 laajennetut terveysriskitekij\u00e4t<\/strong> - Analyysi ulottuu ik\u00e4\u00e4 pidemm\u00e4lle ja sis\u00e4lt\u00e4\u00e4 tietoa geneettisest\u00e4 alttiudesta syd\u00e4nsairauksille, Alzheimerin taudille ja muille ik\u00e4\u00e4n liittyville sairauksille.<br><strong>Henkil\u00f6kohtainen ruokavalio- ja elintapasuositusten j\u00e4rjestelm\u00e4.<\/strong> - epigeneettisten ja geneettisten tuloksien perusteella yksil\u00f6llisi\u00e4 neuvoja ruokavaliosta, urheilusta, lis\u00e4ravinteista ja tottumuksista.<br><strong>Yhteensopiva mobiilisovelluksen kanssa<\/strong> - Kaikki tulokset ja suositukset ovat saatavilla \u00e4lypuhelimellasi suojatun alustan kautta, jolloin voit tarkastella edistymist\u00e4 ja analysoida raportteja milloin tahansa.<br><strong>Testausprosessi on t\u00e4ysin ei-invasiivinen<\/strong> - k\u00e4ytet\u00e4\u00e4n vain sylkin\u00e4ytett\u00e4, eik\u00e4 verta tai l\u00e4\u00e4k\u00e4rik\u00e4yntej\u00e4 tarvita.<br><strong>Voidaan k\u00e4ytt\u00e4\u00e4 motivaatiov\u00e4lineen\u00e4<\/strong> - Biologisen i\u00e4n v\u00e4heneminen voi auttaa sinua s\u00e4ilytt\u00e4m\u00e4\u00e4n terveelliset tavat pitk\u00e4ll\u00e4 aikav\u00e4lill\u00e4.<\/p>","protected":false},"excerpt":{"rendered":"<p data-start=\"343\" data-end=\"461\"><strong data-start=\"347\" data-end=\"387\">DoNotAge biologinen ik\u00e4testipakkaus<\/strong> - kehittynyt epigeneettinen testi todellisen biologisen i\u00e4n m\u00e4\u00e4ritt\u00e4miseksi.\u00a0<strong data-start=\"463\" data-end=\"503\">DoNotAge.org biologinen ik\u00e4testipakkaus<\/strong> - on epigeneettiseen tieteeseen perustuva testi, jonka avulla voit m\u00e4\u00e4ritt\u00e4\u00e4 kehosi todellisen biologisen i\u00e4n, ei sen kalenteri-ik\u00e4\u00e4. Toisin kuin perinteiset testit, t\u00e4m\u00e4 sarja analysoi <strong data-start=\"678\" data-end=\"702\">DNA:n metylaatiomerkit<\/strong> - ik\u00e4\u00e4ntymisprosessien j\u00e4tt\u00e4m\u00e4t molekyylij\u00e4ljet perim\u00e4ss\u00e4si. Testi tehd\u00e4\u00e4n kotona sylkin\u00e4ytteen avulla, ja sen tulokset antavat tarkan arvion siit\u00e4, miten elintavat, ymp\u00e4rist\u00f6 ja tottumukset vaikuttavat elimist\u00f6n ik\u00e4\u00e4ntymisnopeuteen.\u00a0<strong data-start=\"950\" data-end=\"966\">DoNotAge.org<\/strong> on maailmanlaajuinen terveystutkimusorganisaatio, joka tukeutuu yksinomaan <strong data-start=\"1029\" data-end=\"1075\">tieteellinen n\u00e4ytt\u00f6, koneoppiminen<\/strong> ja <strong data-start=\"1079\" data-end=\"1123\">ensiluokkainen epigeneettinen analyysi<\/strong>, tarjota yli 100 henkil\u00f6kohtaista raporttia, jotka liittyv\u00e4t pitk\u00e4ik\u00e4isyyteen ja terveyteen. Se ei ole pelkk\u00e4 testi - se on <strong data-start=\"1257\" data-end=\"1321\">tieteeseen perustuva ty\u00f6kalu, jolla voit mitata terveyden edistymist\u00e4si<\/strong>. <\/p>\n<p><strong>Miksi valita?<br \/><\/strong>\u2714 <strong data-start=\"1398\" data-end=\"1433\">M\u00e4\u00e4ritt\u00e4\u00e4 todellisen biologisen i\u00e4n<\/strong> - kehon ik\u00e4\u00e4ntymisen idioottivarma indikaattori<br data-start=\"1471\" data-end=\"1474\" \/>\u2714 <strong data-start=\"1476\" data-end=\"1498\">Suoritetaan kotona<\/strong> - ei tarvetta l\u00e4\u00e4k\u00e4riss\u00e4 tai laboratoriossa k\u00e4ynteihin<br data-start=\"1547\" data-end=\"1550\" \/>\u2714 <strong data-start=\"1552\" data-end=\"1617\">Kehittyneeseen DNA-metylaatioanalyysiin perustuva epigeneettinen testi<\/strong><br data-start=\"1617\" data-end=\"1620\" \/>\u2714 <strong data-start=\"1622\" data-end=\"1674\">Sis\u00e4lt\u00e4\u00e4 yli 100 r\u00e4\u00e4t\u00e4l\u00f6ity\u00e4 raporttia<\/strong> - vitamiinipuutokset, immuniteetti, suoliston terveys, uni, stressi jne.<br data-start=\"1748\" data-end=\"1751\" \/>\u2714 <strong data-start=\"1753\" data-end=\"1776\">Lis\u00e4indikaattorit<\/strong> - muistin, kuulon, n\u00e4\u00f6n, tulehduksen ik\u00e4<br data-start=\"1824\" data-end=\"1827\" \/>\u2714 <strong data-start=\"1829\" data-end=\"1867\">Tulokset saatavilla sovelluksessa<\/strong> - seurata muutoksia helposti<br data-start=\"1896\" data-end=\"1899\" \/>\u2714 <strong data-start=\"1901\" data-end=\"1931\">Vankka tieteellinen metodologia<\/strong> - k\u00e4ytt\u00e4m\u00e4ll\u00e4 kehittyneit\u00e4 teko\u00e4lymalleja<\/p>","protected":false},"featured_media":8392,"comment_status":"open","ping_status":"closed","template":"","meta":{"_acf_changed":false},"product_brand":[242],"product_cat":[75,97],"product_tag":[],"class_list":{"0":"post-8362","1":"product","2":"type-product","3":"status-publish","4":"has-post-thumbnail","6":"product_brand-donotage","7":"product_cat-sveikatos-testai","8":"product_cat-tyrimai","10":"first","11":"outofstock","12":"shipping-taxable","13":"purchasable","14":"product-type-simple"},"acf":[],"tiered_pricing_type":"fixed","tiered_pricing_fixed_rules":[],"tiered_pricing_product_settings":{"layout":"default","base_unit_name":{"singular":null,"plural":null},"default_variation":null},"tiered_pricing_minimum_quantity":null,"tiered_pricing_roles_data":[],"tiered_pricing_percentage_rules":[],"_links":{"self":[{"href":"https:\/\/purama.lt\/fi\/wp-json\/wp\/v2\/product\/8362","targetHints":{"allow":["GET"]}}],"collection":[{"href":"https:\/\/purama.lt\/fi\/wp-json\/wp\/v2\/product"}],"about":[{"href":"https:\/\/purama.lt\/fi\/wp-json\/wp\/v2\/types\/product"}],"replies":[{"embeddable":true,"href":"https:\/\/purama.lt\/fi\/wp-json\/wp\/v2\/comments?post=8362"}],"wp:featuredmedia":[{"embeddable":true,"href":"https:\/\/purama.lt\/fi\/wp-json\/wp\/v2\/media\/8392"}],"wp:attachment":[{"href":"https:\/\/purama.lt\/fi\/wp-json\/wp\/v2\/media?parent=8362"}],"wp:term":[{"taxonomy":"product_brand","embeddable":true,"href":"https:\/\/purama.lt\/fi\/wp-json\/wp\/v2\/product_brand?post=8362"},{"taxonomy":"product_cat","embeddable":true,"href":"https:\/\/purama.lt\/fi\/wp-json\/wp\/v2\/product_cat?post=8362"},{"taxonomy":"product_tag","embeddable":true,"href":"https:\/\/purama.lt\/fi\/wp-json\/wp\/v2\/product_tag?post=8362"}],"curies":[{"name":"wp","href":"https:\/\/api.w.org\/{rel}","templated":true}]}}