{"id":7789,"date":"2024-12-04T14:36:47","date_gmt":"2024-12-04T14:36:47","guid":{"rendered":"https:\/\/purama.lt\/product\/maisto-papildas-resveratrolis-su-selenu-zenyth\/"},"modified":"2026-04-13T09:56:34","modified_gmt":"2026-04-13T07:56:34","slug":"ravintolisa-resveratrol-ja-seleeni-zenythin-kanssa","status":"publish","type":"product","link":"https:\/\/purama.lt\/fi\/produktas\/maisto-papildas-resveratrolis-su-selenu-zenyth\/","title":{"rendered":"Ravintolis\u00e4 resveratrol ja seleeni ZENYTH ZENYTH"},"content":{"rendered":"<p><strong>Ainesosat:<\/strong> Vitis vinifera -hedelm\u00e4n kuori- ja siemenuute (sis\u00e4lt\u00e4\u00e4 50% trans-resveratrolia), punaista porkkanamehua sis\u00e4lt\u00e4v\u00e4 mehujauhe, lasitusaine hydroksipropyylimetyyliselluloosa, granaattiomenamehujauhe, L-selenometioniini, kversetiinidihydraatti japanin sirkan (Sophora japonica) kukkanupuista.<\/p>","protected":false},"excerpt":{"rendered":"<p>\u201eZenyth-ravintolis\u00e4 - resveratrol ja seleeni.<\/p>\n<p>Seleeni auttaa yll\u00e4pit\u00e4m\u00e4\u00e4n normaaleja hiuksia ja kynsi\u00e4, immuunij\u00e4rjestelm\u00e4n toimintaa, kilpirauhasen toimintaa ja spermatogeneesi\u00e4. Auttaa suojaamaan soluja hapettumisvaurioilta.<br \/>\nTodelliset viinik\u00f6ynn\u00f6kset auttavat yll\u00e4pit\u00e4m\u00e4\u00e4n normaalia syd\u00e4men toimintaa.<br \/>\nMonipuolinen ja tasapainoinen ruokavalio ja terveelliset el\u00e4m\u00e4ntavat ovat t\u00e4rkeit\u00e4.<\/p>\n<p>Gluteeniton, soijaton, laktoositon, magnesiumstearaatiton ja makeutusaineeton. Sopii vegaaneille.<\/p>\n<p>Suositeltu k\u00e4ytt\u00f6: 1-2 kapselia p\u00e4iv\u00e4ss\u00e4 aterian yhteydess\u00e4.<\/p>","protected":false},"featured_media":8791,"comment_status":"open","ping_status":"closed","template":"","meta":{"_acf_changed":false},"product_brand":[463],"product_cat":[122,251,253,248,255,123,249,256,250,254],"product_tag":[],"class_list":{"0":"post-7789","1":"product","2":"type-product","3":"status-publish","4":"has-post-thumbnail","6":"product_brand-zenyth","7":"product_cat-lasteliu-jaunystei","8":"product_cat-antioksidantai","9":"product_cat-imuniteto-palaikymas","10":"product_cat-nad-ir-mitochondrijos","11":"product_cat-oksidacinio-streso-mazinimas","12":"product_cat-papildai-ilgaamziskumui","13":"product_cat-senolitikai","14":"product_cat-smegenims-ir-atminciai","15":"product_cat-telomeru-ir-dnr-apsauga","16":"product_cat-uzdegimo-mazinimas","18":"first","19":"outofstock","20":"shipping-taxable","21":"purchasable","22":"product-type-simple"},"acf":[],"tiered_pricing_type":"fixed","tiered_pricing_fixed_rules":[],"tiered_pricing_product_settings":{"layout":"default","base_unit_name":{"singular":null,"plural":null},"default_variation":null},"tiered_pricing_minimum_quantity":null,"tiered_pricing_roles_data":[],"tiered_pricing_percentage_rules":[],"_links":{"self":[{"href":"https:\/\/purama.lt\/fi\/wp-json\/wp\/v2\/product\/7789","targetHints":{"allow":["GET"]}}],"collection":[{"href":"https:\/\/purama.lt\/fi\/wp-json\/wp\/v2\/product"}],"about":[{"href":"https:\/\/purama.lt\/fi\/wp-json\/wp\/v2\/types\/product"}],"replies":[{"embeddable":true,"href":"https:\/\/purama.lt\/fi\/wp-json\/wp\/v2\/comments?post=7789"}],"wp:featuredmedia":[{"embeddable":true,"href":"https:\/\/purama.lt\/fi\/wp-json\/wp\/v2\/media\/8791"}],"wp:attachment":[{"href":"https:\/\/purama.lt\/fi\/wp-json\/wp\/v2\/media?parent=7789"}],"wp:term":[{"taxonomy":"product_brand","embeddable":true,"href":"https:\/\/purama.lt\/fi\/wp-json\/wp\/v2\/product_brand?post=7789"},{"taxonomy":"product_cat","embeddable":true,"href":"https:\/\/purama.lt\/fi\/wp-json\/wp\/v2\/product_cat?post=7789"},{"taxonomy":"product_tag","embeddable":true,"href":"https:\/\/purama.lt\/fi\/wp-json\/wp\/v2\/product_tag?post=7789"}],"curies":[{"name":"wp","href":"https:\/\/api.w.org\/{rel}","templated":true}]}}