{"id":7785,"date":"2024-12-04T14:36:44","date_gmt":"2024-12-04T14:36:44","guid":{"rendered":"https:\/\/purama.lt\/product\/maisto-papildas-cinkas-cytoplan-wholefood-zinc\/"},"modified":"2026-03-19T16:19:35","modified_gmt":"2026-03-19T14:19:35","slug":"ravintolisa-sinkki-cytoplan-wholefood-sinkki","status":"publish","type":"product","link":"https:\/\/purama.lt\/fi\/produktas\/maisto-papildas-cinkas-cytoplan-wholefood-zinc\/","title":{"rendered":"Ravintolis\u00e4 CYTOPLAN Wholefood Sinkki"},"content":{"rendered":"<p><strong>Ainesosat:<\/strong> vesiviljellyn Brassica juncea -lajin lehdet, kapselikuori (kasviper\u00e4inen selluloosa).<\/p>\n<p>1 kapseli sis\u00e4lt\u00e4\u00e4 7,5 mg sinkki\u00e4 (saflorin lehdist\u00e4) (75% RMV). RMV - ravintoarvon viitearvo.<\/p>\n<p><strong>Varoitukset:<\/strong> \u00c4l\u00e4 ylit\u00e4 suositeltua annosta. Ravintolis\u00e4\u00e4 ei saa k\u00e4ytt\u00e4\u00e4 ruoan korvikkeena. S\u00e4ilyt\u00e4 lasten ulottumattomissa. \u00c4l\u00e4 pakasta.<br \/>\n\u00c4l\u00e4 k\u00e4yt\u00e4 ravintolis\u00e4\u00e4, jos pakkauksen suojanauha on vaurioitunut tai puuttuu.<\/p>\n<p><strong>Nettom\u00e4\u00e4r\u00e4:<\/strong> 450 mg (60 kapselia 7,5 mg).\u00a0<strong>Muoviton pakkaus!<\/strong>\u00a0Pullo on valmistettu sokeriruokokuidusta.<\/p>","protected":false},"excerpt":{"rendered":"<p><strong>\u201eCytoplan ravintolis\u00e4<\/strong> - kasviper\u00e4ist\u00e4 sinkki\u00e4 hydroponisesti viljellyn Brassica sareptine -kasvin lehdist\u00e4 (Lat.\u00a0<em>Brassica juncea<\/em>). Yksi kapseli sis\u00e4lt\u00e4\u00e4 7,5 mg sinkki\u00e4 (100% RDA - Reference Nutrient Value).<\/p>\n<p><strong>Sinkki<\/strong>\u00a0auttaa yll\u00e4pit\u00e4m\u00e4\u00e4n normaalia immuunij\u00e4rjestelm\u00e4n toimintaa, auttaa suojaamaan soluja hapettumisvaurioilta, auttaa s\u00e4ilytt\u00e4m\u00e4\u00e4n normaalin n\u00e4k\u00f6kyvyn. Sinkki auttaa my\u00f6s yll\u00e4pit\u00e4m\u00e4\u00e4n normaalia: happo-em\u00e4saineenvaihduntaa, hiilihydraattiaineenvaihduntaa, kognitiivisia toimintoja, DNA-synteesi\u00e4, hedelm\u00e4llisyytt\u00e4 ja lis\u00e4\u00e4ntymist\u00e4, ravintoaineiden makroravintoaineaineenvaihduntaa, rasvahappoaineenvaihduntaa, A-vitamiiniaineenvaihduntaa, proteiinisynteesi\u00e4, luuston, kynsien, ihon ja hiusten kuntoa sek\u00e4 veren testosteronitasoa. Toimii solujen jakautumisessa. Monipuolinen ja tasapainoinen ruokavalio ja terveelliset el\u00e4m\u00e4ntavat ovat t\u00e4rkeit\u00e4.<\/p>\n<p>Ei sis\u00e4ll\u00e4 gluteenia, vehn\u00e4\u00e4, soijaa, maitotuotteita, keinotekoisia aromeja ja v\u00e4riaineita. Sopii kasvissy\u00f6jille ja vegaaneille.<\/p>\n<p><strong>Kulutus:<\/strong> Suositellaan 1-2 kapselia p\u00e4iv\u00e4ss\u00e4. 60 kapselia riitt\u00e4\u00e4 30-60 p\u00e4iv\u00e4n kuuriin.<\/p>","protected":false},"featured_media":8786,"comment_status":"open","ping_status":"closed","template":"","meta":{"_acf_changed":false},"product_brand":[],"product_cat":[252,253,273,255,500,123,254],"product_tag":[],"class_list":{"0":"post-7785","1":"product","2":"type-product","3":"status-publish","4":"has-post-thumbnail","6":"product_cat-imunitetui","7":"product_cat-imuniteto-palaikymas","8":"product_cat-odai-plaukams-nagams","9":"product_cat-oksidacinio-streso-mazinimas","10":"product_cat-outlet","11":"product_cat-papildai-ilgaamziskumui","12":"product_cat-uzdegimo-mazinimas","14":"first","15":"instock","16":"sale","17":"shipping-taxable","18":"purchasable","19":"product-type-simple"},"acf":[],"tiered_pricing_type":"fixed","tiered_pricing_fixed_rules":[],"tiered_pricing_product_settings":{"layout":"default","base_unit_name":{"singular":null,"plural":null},"default_variation":null},"tiered_pricing_minimum_quantity":null,"tiered_pricing_roles_data":[],"tiered_pricing_percentage_rules":[],"_links":{"self":[{"href":"https:\/\/purama.lt\/fi\/wp-json\/wp\/v2\/product\/7785","targetHints":{"allow":["GET"]}}],"collection":[{"href":"https:\/\/purama.lt\/fi\/wp-json\/wp\/v2\/product"}],"about":[{"href":"https:\/\/purama.lt\/fi\/wp-json\/wp\/v2\/types\/product"}],"replies":[{"embeddable":true,"href":"https:\/\/purama.lt\/fi\/wp-json\/wp\/v2\/comments?post=7785"}],"wp:featuredmedia":[{"embeddable":true,"href":"https:\/\/purama.lt\/fi\/wp-json\/wp\/v2\/media\/8786"}],"wp:attachment":[{"href":"https:\/\/purama.lt\/fi\/wp-json\/wp\/v2\/media?parent=7785"}],"wp:term":[{"taxonomy":"product_brand","embeddable":true,"href":"https:\/\/purama.lt\/fi\/wp-json\/wp\/v2\/product_brand?post=7785"},{"taxonomy":"product_cat","embeddable":true,"href":"https:\/\/purama.lt\/fi\/wp-json\/wp\/v2\/product_cat?post=7785"},{"taxonomy":"product_tag","embeddable":true,"href":"https:\/\/purama.lt\/fi\/wp-json\/wp\/v2\/product_tag?post=7785"}],"curies":[{"name":"wp","href":"https:\/\/api.w.org\/{rel}","templated":true}]}}