{"id":7779,"date":"2024-12-04T14:36:40","date_gmt":"2024-12-04T14:36:40","guid":{"rendered":"https:\/\/purama.lt\/product\/maisto-papildas-kurkuminas-ir-piperinas-zenyth\/"},"modified":"2026-04-14T14:13:10","modified_gmt":"2026-04-14T12:13:10","slug":"ravintolisa-kurkumiini-ja-piperiini-zenyth","status":"publish","type":"product","link":"https:\/\/purama.lt\/fi\/produktas\/maisto-papildas-kurkuminas-ir-piperinas-zenyth\/","title":{"rendered":"Ravintolis\u00e4 kurkumiini ja piperiini ZENYTH"},"content":{"rendered":"<p><strong>Ainesosat:<\/strong> Kurkuma (Curcuma longa) -juuriuute (sis\u00e4lt\u00e4\u00e4 95 % kurkuminoideja), kuorruteaine hydroksipropyylimetyyliselluloosa, riisijauho, standardoitu mustapippuriuute (Piper nigrum) (sis\u00e4lt\u00e4\u00e4 v\u00e4hint\u00e4\u00e4n 95% peperiini\u00e4).<\/p>\n<p><strong>1 kapseli \/ 2 kapselia sis\u00e4lt\u00e4\u00e4:<\/strong> kurkuma (Curcuma longa) -juuriuute 500 mg\/1000 mg (sis\u00e4lt\u00e4\u00e4 475 mg\/950 mg kurkuminoideja), standardoitu mustapippuriuute (Piper nigrum) 5 mg\/10 mg (sis\u00e4lt\u00e4\u00e4 v\u00e4hint\u00e4\u00e4n 4,75 mg\/9,5 mg peperiini\u00e4).<\/p>\n<p><strong>Varoitukset:<\/strong> \u00e4l\u00e4 ylit\u00e4 suositeltua annosta. Ravintolis\u00e4\u00e4 ei saa k\u00e4ytt\u00e4\u00e4 ruoan korvikkeena. S\u00e4ilyt\u00e4 lasten ulottumattomissa. Antikoagulanttien, verihiutaleiden tai tulehduskipul\u00e4\u00e4kkeiden vaikutus saattaa voimistua, kun ne yhdistet\u00e4\u00e4n t\u00e4m\u00e4n tuotteen kanssa. Ei suositella k\u00e4ytett\u00e4v\u00e4ksi raskaana oleville eik\u00e4 imett\u00e4ville naisille. Henkil\u00f6iden, joilla on maksan vajaatoiminta, sappiteiden litiaasi tai ruoansulatuskanavan h\u00e4iri\u00f6t, on neuvoteltava l\u00e4\u00e4k\u00e4rin kanssa ennen t\u00e4m\u00e4n tuotteen k\u00e4ytt\u00f6\u00e4.<\/p>\n<p><strong>Nettom\u00e4\u00e4r\u00e4:<\/strong> 19,86 g (30 kapselia, 662 mg).<\/p>\n<p>&nbsp;<\/p>\n<p>&nbsp;<\/p>","protected":false},"excerpt":{"rendered":"<p><strong>\u201e Zenyth ravintolis\u00e4 CURCUMIN &amp; PIPERINE<\/strong>. Tutustu luonnon voimaan <strong>ZENYTH kurkumiini ja piperiini<\/strong>! T\u00e4m\u00e4 ravintolis\u00e4 on tehokas antioksidanttien l\u00e4hde, joka auttaa tukemaan immuniteettia, v\u00e4hent\u00e4m\u00e4\u00e4n tulehduksia ja edist\u00e4m\u00e4\u00e4n ruoansulatusta. Kurkumiini ja piperiini toimivat yhdess\u00e4 tehokkaammin varmistaen, ett\u00e4 kehosi saa n\u00e4iden ainesosien t\u00e4yden hy\u00f6dyn. Luonnollista tukea terveydellesi ja elinvoimallesi joka p\u00e4iv\u00e4!<\/p>\n<p>Laktoositon, gluteeniton, soijaton, rasvahappojen magnesiumsuolat, makeutusaineet. Sopii kasvissy\u00f6jille ja vegaaneille.<\/p>\n<p><strong>Kulutus:<\/strong> 1-2 kapselia 2 kertaa p\u00e4iv\u00e4ss\u00e4 aterian yhteydess\u00e4. Ota t\u00e4m\u00e4 tuote 2 tuntia ennen tai j\u00e4lkeen l\u00e4\u00e4kkeiden ottamisen.<\/p>\n<p><strong>Varoitukset:<\/strong> \u00e4l\u00e4 ylit\u00e4 suositeltua annosta. Ravintolis\u00e4\u00e4 ei saa k\u00e4ytt\u00e4\u00e4 ruoan korvikkeena. S\u00e4ilyt\u00e4 lasten ulottumattomissa. Antikoagulanttien, verihiutaleiden tai tulehduskipul\u00e4\u00e4kkeiden vaikutus saattaa voimistua, kun ne yhdistet\u00e4\u00e4n t\u00e4m\u00e4n tuotteen kanssa. Ei suositella k\u00e4ytett\u00e4v\u00e4ksi raskaana oleville eik\u00e4 imett\u00e4ville naisille. Henkil\u00f6iden, joilla on maksan vajaatoiminta, sappiteiden litiaasi tai ruoansulatuskanavan h\u00e4iri\u00f6t, on neuvoteltava l\u00e4\u00e4k\u00e4rin kanssa ennen t\u00e4m\u00e4n tuotteen k\u00e4ytt\u00f6\u00e4.<\/p>","protected":false},"featured_media":8788,"comment_status":"open","ping_status":"closed","template":"","meta":{"_acf_changed":false},"product_brand":[463],"product_cat":[253,251,252,279,280,122,255,500,123,254],"product_tag":[],"class_list":{"0":"post-7779","1":"product","2":"type-product","3":"status-publish","4":"has-post-thumbnail","6":"product_brand-zenyth","7":"product_cat-imuniteto-palaikymas","8":"product_cat-antioksidantai","9":"product_cat-imunitetui","10":"product_cat-kaulams-ir-sanariams","11":"product_cat-kaulu-stiprinimas","12":"product_cat-lasteliu-jaunystei","13":"product_cat-oksidacinio-streso-mazinimas","14":"product_cat-outlet","15":"product_cat-papildai-ilgaamziskumui","16":"product_cat-uzdegimo-mazinimas","18":"first","19":"instock","20":"sale","21":"shipping-taxable","22":"purchasable","23":"product-type-simple"},"acf":[],"tiered_pricing_type":"fixed","tiered_pricing_fixed_rules":[],"tiered_pricing_product_settings":{"layout":"default","base_unit_name":{"singular":null,"plural":null},"default_variation":null},"tiered_pricing_minimum_quantity":null,"tiered_pricing_roles_data":[],"tiered_pricing_percentage_rules":[],"_links":{"self":[{"href":"https:\/\/purama.lt\/fi\/wp-json\/wp\/v2\/product\/7779","targetHints":{"allow":["GET"]}}],"collection":[{"href":"https:\/\/purama.lt\/fi\/wp-json\/wp\/v2\/product"}],"about":[{"href":"https:\/\/purama.lt\/fi\/wp-json\/wp\/v2\/types\/product"}],"replies":[{"embeddable":true,"href":"https:\/\/purama.lt\/fi\/wp-json\/wp\/v2\/comments?post=7779"}],"wp:featuredmedia":[{"embeddable":true,"href":"https:\/\/purama.lt\/fi\/wp-json\/wp\/v2\/media\/8788"}],"wp:attachment":[{"href":"https:\/\/purama.lt\/fi\/wp-json\/wp\/v2\/media?parent=7779"}],"wp:term":[{"taxonomy":"product_brand","embeddable":true,"href":"https:\/\/purama.lt\/fi\/wp-json\/wp\/v2\/product_brand?post=7779"},{"taxonomy":"product_cat","embeddable":true,"href":"https:\/\/purama.lt\/fi\/wp-json\/wp\/v2\/product_cat?post=7779"},{"taxonomy":"product_tag","embeddable":true,"href":"https:\/\/purama.lt\/fi\/wp-json\/wp\/v2\/product_tag?post=7779"}],"curies":[{"name":"wp","href":"https:\/\/api.w.org\/{rel}","templated":true}]}}