{"id":7777,"date":"2024-12-04T14:36:39","date_gmt":"2024-12-04T14:36:39","guid":{"rendered":"https:\/\/purama.lt\/product\/maisto-papildas-astaksantinas-zenyth-6mg\/"},"modified":"2026-04-14T14:11:56","modified_gmt":"2026-04-14T12:11:56","slug":"ravintolisa-astaksantiini-zenyth-6mg","status":"publish","type":"product","link":"https:\/\/purama.lt\/fi\/produktas\/maisto-papildas-astaksantinas-zenyth-6mg\/","title":{"rendered":"Ravintolis\u00e4 astaksantiini ZENYTH 6mg"},"content":{"rendered":"<p><strong>Ainesosat:<\/strong> mikrolev\u00e4t (Haematococcus pluvialis) (sis\u00e4lt\u00e4\u00e4 2,5 % astaksantiinia), inuliini (sikurin juuren uutteesta), hydroksipropyylimetyyliselluloosa.<\/p>\n<p><strong>1 kapseli sis\u00e4lt\u00e4\u00e4:<\/strong> mikrolev\u00e4t (Haematococcus pluvialis) (sis\u00e4lt\u00e4\u00e4 6 mg astaksantiinia) 240 mg, inuliini (sikurin juuren uutteesta) 210 mg.<\/p>\n<p><strong>Varoitukset:<\/strong> \u00c4l\u00e4 ylit\u00e4 suositeltua annosta. Ravintolis\u00e4\u00e4 ei saa k\u00e4ytt\u00e4\u00e4 ruoan korvikkeena. S\u00e4ilyt\u00e4 lasten ulottumattomissa. Ei suositella k\u00e4ytett\u00e4v\u00e4ksi henkil\u00f6ille, joilla on yliherkkyys leville ja inuliinille, raskaana oleville ja imett\u00e4ville naisille.<\/p>\n<p><strong>Nettom\u00e4\u00e4r\u00e4:<\/strong> 16,35 g (30 kapselia, 545 mg).<\/p>","protected":false},"excerpt":{"rendered":"<p><strong>\"Zenyth ravintolis\u00e4<\/strong> - Haematococcus pluvialis -mikrolev\u00e4st\u00e4 per\u00e4isin oleva astaksantiini. Ravintolis\u00e4, jossa on astaksantiinia - voimakas antioksidantti luonnosta! Jokaisessa <strong>\"Zenyth\"<\/strong> Kapseli sis\u00e4lt\u00e4\u00e4 6 mg astaksantiinia, joka auttaa suojaamaan elimist\u00f6\u00e4 hapetusstressilt\u00e4, vahvistamaan vastustuskyky\u00e4 ja tukemaan ihon terveytt\u00e4. Pid\u00e4 huolta terveydest\u00e4si ja elinvoimastasi astaksantiinilla - elimist\u00f6n luonnollisella liittolaisella taistelussa vapaita radikaaleja vastaan!<\/p>\n<p><strong>Laktoositon, gluteeniton, soijaton, rasvahappojen magnesiumsuolat, makeutusaineet.<\/strong><\/p>\n<p><strong>Kulutus:<\/strong> 1-2 kapselia p\u00e4iv\u00e4ss\u00e4 aterioiden yhteydess\u00e4.<\/p>\n<p>&nbsp;<\/p>","protected":false},"featured_media":8785,"comment_status":"open","ping_status":"closed","template":"","meta":{"_acf_changed":false},"product_brand":[463],"product_cat":[122,251,261,260,263,262,273,274,500,123,275,256],"product_tag":[],"class_list":{"0":"post-7777","1":"product","2":"type-product","3":"status-publish","4":"has-post-thumbnail","6":"product_brand-zenyth","7":"product_cat-lasteliu-jaunystei","8":"product_cat-antioksidantai","9":"product_cat-cukraus-balansas","10":"product_cat-energijai-ir-apykaitai","11":"product_cat-fizine-istverme","12":"product_cat-medziagu-apykaita","13":"product_cat-odai-plaukams-nagams","14":"product_cat-odos-jaunyste","15":"product_cat-outlet","16":"product_cat-papildai-ilgaamziskumui","17":"product_cat-plauku-ir-nagu-prieziura","18":"product_cat-smegenims-ir-atminciai","20":"first","21":"instock","22":"sale","23":"shipping-taxable","24":"purchasable","25":"product-type-simple"},"acf":[],"tiered_pricing_type":"fixed","tiered_pricing_fixed_rules":[],"tiered_pricing_product_settings":{"layout":"default","base_unit_name":{"singular":null,"plural":null},"default_variation":null},"tiered_pricing_minimum_quantity":null,"tiered_pricing_roles_data":[],"tiered_pricing_percentage_rules":[],"_links":{"self":[{"href":"https:\/\/purama.lt\/fi\/wp-json\/wp\/v2\/product\/7777","targetHints":{"allow":["GET"]}}],"collection":[{"href":"https:\/\/purama.lt\/fi\/wp-json\/wp\/v2\/product"}],"about":[{"href":"https:\/\/purama.lt\/fi\/wp-json\/wp\/v2\/types\/product"}],"replies":[{"embeddable":true,"href":"https:\/\/purama.lt\/fi\/wp-json\/wp\/v2\/comments?post=7777"}],"wp:featuredmedia":[{"embeddable":true,"href":"https:\/\/purama.lt\/fi\/wp-json\/wp\/v2\/media\/8785"}],"wp:attachment":[{"href":"https:\/\/purama.lt\/fi\/wp-json\/wp\/v2\/media?parent=7777"}],"wp:term":[{"taxonomy":"product_brand","embeddable":true,"href":"https:\/\/purama.lt\/fi\/wp-json\/wp\/v2\/product_brand?post=7777"},{"taxonomy":"product_cat","embeddable":true,"href":"https:\/\/purama.lt\/fi\/wp-json\/wp\/v2\/product_cat?post=7777"},{"taxonomy":"product_tag","embeddable":true,"href":"https:\/\/purama.lt\/fi\/wp-json\/wp\/v2\/product_tag?post=7777"}],"curies":[{"name":"wp","href":"https:\/\/api.w.org\/{rel}","templated":true}]}}