{"id":7271,"date":"2024-11-26T09:14:57","date_gmt":"2024-11-26T09:14:57","guid":{"rendered":"https:\/\/purama.lt\/?post_type=product&#038;p=7271"},"modified":"2026-04-10T13:03:23","modified_gmt":"2026-04-10T11:03:23","slug":"nacific-hyaluron-booster-facial-kit","status":"publish","type":"product","link":"https:\/\/purama.lt\/fi\/produktas\/nacific-hyaluron-booster-veido-priemoniu-rinkinys\/","title":{"rendered":"NACIFIC Hyaluron Booster kasvojenhoitosarja"},"content":{"rendered":"<p><b>Setti sis\u00e4lt\u00e4\u00e4:<\/b><\/p>\n<ul>\n<li>Hyal Booster Toner 150 ml<\/li>\n<li>Hyal Booster Ampulli 50 ml<\/li>\n<li>Hyal Booster Cream 50 g<\/li>\n<\/ul>\n<p>T\u00e4m\u00e4 paketti auttaa sinua luomaan p\u00e4ivitt\u00e4isen ihonhoitorutiinin eritt\u00e4in kuivalle, kuivalle iholle!<\/p>\n<p><b>Toner Hyal Booster Toner<\/b><\/p>\n<p>T\u00e4m\u00e4 monik\u00e4ytt\u00f6inen kasvovesi kuivalle iholle s\u00e4vytt\u00e4\u00e4 ihoa t\u00e4ydellisesti ja palauttaa sen pH:n. Se sis\u00e4lt\u00e4\u00e4 hell\u00e4varaisesti kuorivaa valkoisen pajun uutetta, ihoa pehment\u00e4v\u00e4\u00e4 nymfipuun lehti- ja kukkauutetta, pehme\u00e4\u00e4 ja sile\u00e4\u00e4 bambuvett\u00e4 sek\u00e4 syv\u00e4sti kosteuttavaa hyaluronihappoa. Veden pH on ihoyst\u00e4v\u00e4llinen (5,5). Sopii herkimm\u00e4llekin iholle.<\/p>\n<p><b>Kuinka k\u00e4ytt\u00e4\u00e4?<\/b><\/p>\n<ol>\n<li>Kostuta vanulappu tonerilla ja puhdista puhtaat kasvot ja kaula hell\u00e4varaisesti v\u00e4ltt\u00e4en silmien ja suun aluetta.<\/li>\n<li>Taputtele ihoa varovasti, jotta kasvovesi imeytyy paremmin.<\/li>\n<\/ol>\n<p><b>Seerumi Hyal Booster Ampulli\u00a0<\/b><\/p>\n<p>Pehment\u00e4v\u00e4, kosteuttava ja elvytt\u00e4v\u00e4 seerumi, jossa on kolmenlaista hyaluronihappoa (matala-, keski- ja korkeamolekyylipainoista) ja Jerikon ruusua kuivalle iholle. Ihoyst\u00e4v\u00e4llinen pH-arvo (5,5) sopii herkimm\u00e4llekin iholle. Nimbamedium-lehti- ja kukkauute pehment\u00e4\u00e4 ihoa, valkoisen pajunkuoren sis\u00e4lt\u00e4m\u00e4 salisiini (BHA) poistaa kuolleita ihosoluja ja bambuvesi tekee ihosta pehme\u00e4n ja sile\u00e4n.<\/p>\n<p><b>Kuinka k\u00e4ytt\u00e4\u00e4?<\/b><\/p>\n<ol>\n<li>Hiero kevyesti 1-2 tippaa seerumia puhtaille, puhdistetuille ja s\u00e4vytetyille kasvoille ja kaulalle.<\/li>\n<li>Seerumia voidaan levitt\u00e4\u00e4 2-3 kertaa uudelleen vaikutuksen tehostamiseksi.<\/li>\n<\/ol>\n<p><b>Hyal Booster Cream<\/b><\/p>\n<p>Kuivalle iholle tarkoitettu pehme\u00e4, voidemainen koostumus on rikastettu ihoa rakastavilla ainesosilla: syv\u00e4sti kosteuttavalla hyaluronihapolla, ihoa pehment\u00e4v\u00e4ll\u00e4 nymfipuun lehti- ja kukkauutteella, hell\u00e4varaisesti kuorivalla valkoisen pajun uutteella sek\u00e4 pehme\u00e4ll\u00e4 ja sile\u00e4ll\u00e4 bambuvedell\u00e4. Ihoyst\u00e4v\u00e4llinen pH (5,5) sopii herkimm\u00e4llekin iholle.<\/p>\n<p><b>Kuinka k\u00e4ytt\u00e4\u00e4?<\/b><\/p>\n<ol>\n<li>Levit\u00e4 voidetta puhtaalle ja s\u00e4vytetylle iholle viimeisen\u00e4 ihonhoitovaiheena.<\/li>\n<li>Levit\u00e4 pieni m\u00e4\u00e4r\u00e4 voidetta tasaisesti iholle ja hiero sit\u00e4 kasvoille ja kaulalle py\u00f6rivin liikkein, kunnes voide on imeytynyt kokonaan. V\u00e4lt\u00e4 silmien ja huulten aluetta.<\/li>\n<\/ol>\n<p><strong>Ainesosat:<\/strong> Hyaluronihappo, niasiiniamidi, glyseriini, betaiini, pantenoli, Centella asiatica -uute, vihre\u00e4 teeuute, aloe vera -uute, allantoiini, arginiini, butyleeniglykoli, 1,2-heksaanidioli, etyyliheksyyliglyseriini.<\/p>","protected":false},"excerpt":{"rendered":"<p><strong>NACIFIC Hyaluron Booster kolminkertainen<\/strong> Pakkaus on suunniteltu erityisesti kosteuttamaan ja elvytt\u00e4m\u00e4\u00e4n ihoa intensiivisesti. Hyaluronihappoa ja muita kosteuttavia ainesosia sis\u00e4lt\u00e4v\u00e4 sarja auttaa pit\u00e4m\u00e4\u00e4n ihon joustavana, sile\u00e4n\u00e4 ja terveen n\u00e4k\u00f6isen\u00e4.<\/p>","protected":false},"featured_media":9288,"comment_status":"closed","ping_status":"closed","template":"","meta":{"_acf_changed":false},"product_brand":[440],"product_cat":[92,93,55,56],"product_tag":[],"class_list":{"0":"post-7271","1":"product","2":"type-product","3":"status-publish","4":"has-post-thumbnail","6":"product_brand-nacific","7":"product_cat-groziui","8":"product_cat-rinkiniai","9":"product_cat-veido-kremai","10":"product_cat-veido-serumai","12":"first","13":"outofstock","14":"shipping-taxable","15":"purchasable","16":"product-type-simple"},"acf":[],"tiered_pricing_type":"fixed","tiered_pricing_fixed_rules":[],"tiered_pricing_product_settings":{"layout":"default","base_unit_name":{"singular":null,"plural":null},"default_variation":null},"tiered_pricing_minimum_quantity":null,"tiered_pricing_roles_data":[],"tiered_pricing_percentage_rules":[],"_links":{"self":[{"href":"https:\/\/purama.lt\/fi\/wp-json\/wp\/v2\/product\/7271","targetHints":{"allow":["GET"]}}],"collection":[{"href":"https:\/\/purama.lt\/fi\/wp-json\/wp\/v2\/product"}],"about":[{"href":"https:\/\/purama.lt\/fi\/wp-json\/wp\/v2\/types\/product"}],"replies":[{"embeddable":true,"href":"https:\/\/purama.lt\/fi\/wp-json\/wp\/v2\/comments?post=7271"}],"wp:featuredmedia":[{"embeddable":true,"href":"https:\/\/purama.lt\/fi\/wp-json\/wp\/v2\/media\/9288"}],"wp:attachment":[{"href":"https:\/\/purama.lt\/fi\/wp-json\/wp\/v2\/media?parent=7271"}],"wp:term":[{"taxonomy":"product_brand","embeddable":true,"href":"https:\/\/purama.lt\/fi\/wp-json\/wp\/v2\/product_brand?post=7271"},{"taxonomy":"product_cat","embeddable":true,"href":"https:\/\/purama.lt\/fi\/wp-json\/wp\/v2\/product_cat?post=7271"},{"taxonomy":"product_tag","embeddable":true,"href":"https:\/\/purama.lt\/fi\/wp-json\/wp\/v2\/product_tag?post=7271"}],"curies":[{"name":"wp","href":"https:\/\/api.w.org\/{rel}","templated":true}]}}