{"id":7270,"date":"2024-11-26T09:14:57","date_gmt":"2024-11-26T09:14:57","guid":{"rendered":"https:\/\/purama.lt\/?post_type=product&#038;p=7270"},"modified":"2026-04-10T13:03:23","modified_gmt":"2026-04-10T11:03:23","slug":"nacificin-ihon-vaalentamissarja","status":"publish","type":"product","link":"https:\/\/purama.lt\/fi\/produktas\/nacific-oda-sviesinanciu-priemoniu-rinkinys\/","title":{"rendered":"NACIFIC ihon kirkastussarja"},"content":{"rendered":"<p><b>Setti sis\u00e4lt\u00e4\u00e4:<\/b><\/p>\n<ul>\n<li>Phyto Niasiini kirkastava kasvovesi, 30 ml<\/li>\n<li>Phyto Niasiini valkaiseva Essence, 10 ml<\/li>\n<li>Phyto Niasiini kirkastava s\u00e4vytt\u00e4v\u00e4 voide, 20 ml<\/li>\n<li>Fresh EM Saippua, 30 g.<\/li>\n<\/ul>\n<p><b>Phyto Niasiini kirkastava s\u00e4vytin<\/b><\/p>\n<p>T\u00e4m\u00e4 kasvovesi sis\u00e4lt\u00e4\u00e4 ihoa kirkastavia ainesosia - niasiiniamidia ja\u00a0<i>Valmistettu valkoiseksi<\/i><i>TM<\/i>\u00a0Aasialaista tuhatjalkaista sis\u00e4lt\u00e4v\u00e4 kompleksi sek\u00e4 ihoa kirkastava bambuuute. Vesiohenteinen koostumus imeytyy nopeasti ihoon ja antaa iholle terveen hehkun.<\/p>\n<p><b>Kuinka k\u00e4ytt\u00e4\u00e4?<\/b><\/p>\n<ol>\n<li>Kostuta vanulappu tonerilla ja puhdista puhtaat kasvot ja kaula hell\u00e4varaisesti v\u00e4ltt\u00e4en silmien ja suun aluetta.<\/li>\n<li>Taputtele ihoa varovasti, jotta kasvovesi imeytyy paremmin.<\/li>\n<\/ol>\n<p><b>Phyto Niasiini valkaisu Essence<\/b><\/p>\n<p>T\u00e4m\u00e4n ytimen ihoa kirkastava vaikutus johtuu sen sis\u00e4lt\u00e4mist\u00e4 ainesosista:\u00a0<i>Valmistettu valkoiseksi<\/i><i>TM<\/i>\u00a0Kompleksi, jossa on aasialaista Centellaa ja niasiiniamidia (5 %) sek\u00e4 ihoa kirkastava bambuuute. Vesim\u00e4inen koostumus imeytyy nopeasti ihoon ja antaa iholle terveen hehkun.<\/p>\n<p><b>Kuinka k\u00e4ytt\u00e4\u00e4?<\/b><\/p>\n<ol>\n<li>Hiero kevyesti puhdistetulle, puhdistetulle ja s\u00e4vytetylle kasvojen ja kaulan alueelle.<\/li>\n<li>K\u00e4yt\u00e4 sen j\u00e4lkeen kosteusvoidetta tai ravitsevaa voidetta.<\/li>\n<\/ol>\n<p><strong>Ainesosat:<\/strong> Niasiiniamidi, hyaluronihappo, glyseriini, betaiini, arginiini, pantenoli, vihre\u00e4 teeuute, aloe vera -uute, Centella asiatica -uute, C-vitamiini, E-vitamiini, butyleeniglykoli, 1,2-heksaanidioli, etyyliheksyyliglyseriini.<\/p>","protected":false},"excerpt":{"rendered":"<p><strong>NACIFIC Phyto Niasiini Kirkastava vaikutus<\/strong> Pakkaus on suunniteltu antamaan ihollesi s\u00e4teilev\u00e4\u00e4 hehkua, v\u00e4hent\u00e4m\u00e4\u00e4n pigmenttil\u00e4iski\u00e4 ja tasoittamaan ihon s\u00e4vy\u00e4. Sarja on rikastettu niasiiniamidilla ja kasviuutteilla, jotka kosteuttavat ja kirkastavat ihoa tehokkaasti.<\/p>","protected":false},"featured_media":9289,"comment_status":"closed","ping_status":"closed","template":"","meta":{"_acf_changed":false},"product_brand":[440],"product_cat":[59,93],"product_tag":[],"class_list":{"0":"post-7270","1":"product","2":"type-product","3":"status-publish","4":"has-post-thumbnail","6":"product_brand-nacific","7":"product_cat-veidui","8":"product_cat-rinkiniai","10":"first","11":"outofstock","12":"shipping-taxable","13":"purchasable","14":"product-type-simple"},"acf":[],"tiered_pricing_type":"fixed","tiered_pricing_fixed_rules":[],"tiered_pricing_product_settings":{"layout":"default","base_unit_name":{"singular":null,"plural":null},"default_variation":null},"tiered_pricing_minimum_quantity":null,"tiered_pricing_roles_data":[],"tiered_pricing_percentage_rules":[],"_links":{"self":[{"href":"https:\/\/purama.lt\/fi\/wp-json\/wp\/v2\/product\/7270","targetHints":{"allow":["GET"]}}],"collection":[{"href":"https:\/\/purama.lt\/fi\/wp-json\/wp\/v2\/product"}],"about":[{"href":"https:\/\/purama.lt\/fi\/wp-json\/wp\/v2\/types\/product"}],"replies":[{"embeddable":true,"href":"https:\/\/purama.lt\/fi\/wp-json\/wp\/v2\/comments?post=7270"}],"wp:featuredmedia":[{"embeddable":true,"href":"https:\/\/purama.lt\/fi\/wp-json\/wp\/v2\/media\/9289"}],"wp:attachment":[{"href":"https:\/\/purama.lt\/fi\/wp-json\/wp\/v2\/media?parent=7270"}],"wp:term":[{"taxonomy":"product_brand","embeddable":true,"href":"https:\/\/purama.lt\/fi\/wp-json\/wp\/v2\/product_brand?post=7270"},{"taxonomy":"product_cat","embeddable":true,"href":"https:\/\/purama.lt\/fi\/wp-json\/wp\/v2\/product_cat?post=7270"},{"taxonomy":"product_tag","embeddable":true,"href":"https:\/\/purama.lt\/fi\/wp-json\/wp\/v2\/product_tag?post=7270"}],"curies":[{"name":"wp","href":"https:\/\/api.w.org\/{rel}","templated":true}]}}