{"id":7269,"date":"2024-11-26T09:14:57","date_gmt":"2024-11-26T09:14:57","guid":{"rendered":"https:\/\/purama.lt\/?post_type=product&#038;p=7269"},"modified":"2026-04-10T13:03:23","modified_gmt":"2026-04-10T11:03:23","slug":"nacific-herb-origin-kasvojen-ihonhoitosarja","status":"publish","type":"product","link":"https:\/\/purama.lt\/fi\/produktas\/nacific-herb-origin-veido-odos-prieziuros-rinkinys\/","title":{"rendered":"NACIFIC Herb Origin kasvohoitopakkaus"},"content":{"rendered":"<p><strong>Setti sis\u00e4lt\u00e4\u00e4:<\/strong><\/p>\n<ul>\n<li>Kasvovesi Fresh Herb Origin Toner 30 ml<\/li>\n<li>Fresh Herb Origin -seerumi 10 ml<\/li>\n<li>Fresh Herb Origin Cream 20 ml<\/li>\n<\/ul>\n<p>T\u00e4m\u00e4 setti auttaa sinua luomaan p\u00e4ivitt\u00e4isen ihonhoitorutiinin!<\/p>\n<p><b>Toner Fresh Herb Origin Toner<\/b><\/p>\n<p>Kosteuttavaa ja ravitsevaa keh\u00e4kukan kukkaisvett\u00e4 (82 %) sis\u00e4lt\u00e4v\u00e4 monik\u00e4ytt\u00f6inen kasvovesi poistaa meikinj\u00e4\u00e4m\u00e4t, ep\u00e4puhtaudet ja kuolleet ihosolut, kun taas ainutlaatuinen aminohappo- ja mineraaliyhdiste poistaa meikinj\u00e4\u00e4m\u00e4t, ep\u00e4puhtaudet ja kuolleet ihosolut.\u00a0<i>Sepicalm\u00a0<\/i>rauhoittaa \u00e4rtynytt\u00e4 ja herkk\u00e4\u00e4 ihoa.<\/p>\n<p><b>Kuinka k\u00e4ytt\u00e4\u00e4?<\/b><\/p>\n<p>T\u00e4t\u00e4 kosteuttavaa monik\u00e4ytt\u00f6ist\u00e4 kasvovett\u00e4 voidaan k\u00e4ytt\u00e4\u00e4 kasvoveten\u00e4 tai kosteusvoiteena.<\/p>\n<ol>\n<li><b>Tonic<\/b>. Kostuta vanulappu tonerilla ja puhdista puhtaaksi hangatut kasvot ja kaula hell\u00e4varaisin liikkein.<\/li>\n<li><b>Kosteuttava toimenpide<\/b>. Pese kasvosi puhtaasti. Lis\u00e4\u00e4 2 korkillista kasvovett\u00e4 500 ml:aan vett\u00e4 ja sekoita hyvin. Pese kasvot useita kertoja tai useammin ja taputtele ihoa kevyesti. Ei tarvitse huuhdella.<\/li>\n<li>K\u00e4yt\u00e4 kasvoveden j\u00e4lkeen tavanomaisia kasvojenhoitotuotteita, eli kasvovett\u00e4 ja -voidetta.<\/li>\n<\/ol>\n<p><strong>Ainesosat:<\/strong> Vesi (Aqua), Citrus Limon (sitruuna) -hedelm\u00e4uute, Aloe Barbadensis -lehtiuute, Chamomilla Recutita (Matricaria) -kukkauute, niasiiniamidi, glyseriini, tokoferoli (E-vitamiini), luonnolliset s\u00e4il\u00f6nt\u00e4aineet, hajuste.<\/p>\n<p><b>Fresh Herb Origin -seerumi 10 ml<\/b><\/p>\n<p>T\u00e4t\u00e4 kaksikerroksista seerumia suositellaan kuivalle, veltostuneelle iholle, jonka lipidikerros on vaurioitunut. Seerumin yrtti\u00f6ljy tasapainottaa, aloe vera -uute rauhoittaa ja sitrus\u00f6ljy kosteuttaa ja elvytt\u00e4\u00e4 ihoa. Seerumin 42-prosenttinen aloe vera -uute kosteuttaa ja pehment\u00e4\u00e4 ihoa, kun taas seerumin \u00f6ljyosuus koostuu moringa-, appelsiini- ja sitruunankuori\u00f6ljyist\u00e4, jotka vahvistavat ihon suojamuuria.<\/p>\n<p>Seerumin aktiiviset ainesosat, minttu ja sitruunaruohouutteet, kuorivat ihoa hell\u00e4varaisesti poistaen kuolleita ihosoluja, ylim\u00e4\u00e4r\u00e4ist\u00e4 talia ja pit\u00e4en huokoset puhtaina, kun taas vesililjauute kosteuttaa ihoa.<\/p>\n<p>Seerumi on huokosia tukkiva ja sopii ongelmaiholle.<\/p>\n<p><b>Kuinka k\u00e4ytt\u00e4\u00e4?<\/b><\/p>\n<ol>\n<li>Ravista pulloa ennen k\u00e4ytt\u00f6\u00e4 seerumin kahden kerroksen sekoittamiseksi.<\/li>\n<li>Levit\u00e4 seerumia puhtaalle, puhdistetulle ja s\u00e4vytetylle iholle.<\/li>\n<li>Seerumia voidaan levitt\u00e4\u00e4 2-3 kertaa uudelleen vaikutuksen tehostamiseksi.<\/li>\n<\/ol>\n<p><strong>Ainesosat: <\/strong>Vesi (Aqua), Citrus Limon (sitruuna) hedelm\u00e4uute, glyseriini, Aloe Barbadensis lehtiuute, niasiiniamidi, tokoferoli (E-vitamiini), Hamamelis Virginiana lehtiuute, Chamomilla Recutita (Matricaria) kukkauute, adenosiini, skvalaani, luonnolliset s\u00e4il\u00f6nt\u00e4aineet, hajuste.<\/p>\n<p><b>Tuore yrtti Alkuper\u00e4 kerma<\/b><\/p>\n<p>Voide sis\u00e4lt\u00e4\u00e4 jopa 62 % kamomillauutetta ja ainutlaatuisen yhdistelm\u00e4n aktiivisia ainesosia.\u00a0<i>-\u00a0<\/i><i>Sepicalm<\/i>\u00a0kosteuttaa ihoa syv\u00e4sti ja pehment\u00e4\u00e4 sit\u00e4, kun taas niasiiniamidi adonosidi kirkastaa ja auttaa torjumaan ryppyj\u00e4. Voide imeytyy helposti ihoon j\u00e4tt\u00e4m\u00e4tt\u00e4 ep\u00e4miellytt\u00e4v\u00e4\u00e4 tahmeaa tunnetta.<\/p>\n<p><b>Kuinka k\u00e4ytt\u00e4\u00e4?<\/b><\/p>\n<ol>\n<li>Levit\u00e4 voidetta puhtaalle ja s\u00e4vytetylle iholle viimeisen\u00e4 ihonhoitovaiheena.<\/li>\n<li>Levit\u00e4 pieni m\u00e4\u00e4r\u00e4 voidetta tasaisesti iholle ja hiero sit\u00e4 kasvoille ja kaulalle py\u00f6rivin liikkein, kunnes voide on imeytynyt kokonaan. V\u00e4lt\u00e4 silmien ja huulten aluetta.<\/li>\n<\/ol>\n<p><strong>Ainesosat:<\/strong> Centella asiatica -uute, niasiiniamidi, hyaluronihappo, glyseriini, pantenoli, vihre\u00e4 teeuute, aloe vera -uute, allantoiini, C-vitamiini, E-vitamiini.<\/p>","protected":false},"excerpt":{"rendered":"<p><strong>NACIFIC Fresh Herb Origin Kit<\/strong> tehokosteuttaa, ravitsee ja elvytt\u00e4\u00e4 ihoa. Runsaasti luonnollisia uutteita ja ravitsevia ainesosia sis\u00e4lt\u00e4v\u00e4 sarja auttaa pit\u00e4m\u00e4\u00e4n ihon terveen\u00e4, s\u00e4teilev\u00e4n\u00e4 ja nuorekkaana. Ihanteellinen kaikille ihotyypeille, erityisesti herk\u00e4lle ja kuivalle iholle.<\/p>\n<p>&nbsp;<\/p>\n<p>&nbsp;<\/p>","protected":false},"featured_media":9285,"comment_status":"closed","ping_status":"closed","template":"","meta":{"_acf_changed":false},"product_brand":[440],"product_cat":[92,93,55,56,59],"product_tag":[],"class_list":{"0":"post-7269","1":"product","2":"type-product","3":"status-publish","4":"has-post-thumbnail","6":"product_brand-nacific","7":"product_cat-groziui","8":"product_cat-rinkiniai","9":"product_cat-veido-kremai","10":"product_cat-veido-serumai","11":"product_cat-veidui","13":"first","14":"outofstock","15":"shipping-taxable","16":"purchasable","17":"product-type-simple"},"acf":[],"tiered_pricing_type":"fixed","tiered_pricing_fixed_rules":[],"tiered_pricing_product_settings":{"layout":"default","base_unit_name":{"singular":null,"plural":null},"default_variation":null},"tiered_pricing_minimum_quantity":null,"tiered_pricing_roles_data":[],"tiered_pricing_percentage_rules":[],"_links":{"self":[{"href":"https:\/\/purama.lt\/fi\/wp-json\/wp\/v2\/product\/7269","targetHints":{"allow":["GET"]}}],"collection":[{"href":"https:\/\/purama.lt\/fi\/wp-json\/wp\/v2\/product"}],"about":[{"href":"https:\/\/purama.lt\/fi\/wp-json\/wp\/v2\/types\/product"}],"replies":[{"embeddable":true,"href":"https:\/\/purama.lt\/fi\/wp-json\/wp\/v2\/comments?post=7269"}],"wp:featuredmedia":[{"embeddable":true,"href":"https:\/\/purama.lt\/fi\/wp-json\/wp\/v2\/media\/9285"}],"wp:attachment":[{"href":"https:\/\/purama.lt\/fi\/wp-json\/wp\/v2\/media?parent=7269"}],"wp:term":[{"taxonomy":"product_brand","embeddable":true,"href":"https:\/\/purama.lt\/fi\/wp-json\/wp\/v2\/product_brand?post=7269"},{"taxonomy":"product_cat","embeddable":true,"href":"https:\/\/purama.lt\/fi\/wp-json\/wp\/v2\/product_cat?post=7269"},{"taxonomy":"product_tag","embeddable":true,"href":"https:\/\/purama.lt\/fi\/wp-json\/wp\/v2\/product_tag?post=7269"}],"curies":[{"name":"wp","href":"https:\/\/api.w.org\/{rel}","templated":true}]}}