{"id":7268,"date":"2024-11-26T09:14:57","date_gmt":"2024-11-26T09:14:57","guid":{"rendered":"https:\/\/purama.lt\/?post_type=product&#038;p=7268"},"modified":"2026-04-10T13:03:23","modified_gmt":"2026-04-10T11:03:23","slug":"nacificin-ihonhoitosarja-jossa-on-aha-ja-bha-kuontalo","status":"publish","type":"product","link":"https:\/\/purama.lt\/fi\/produktas\/nacific-odos-prieziuros-rinkinys-su-aha-ir-bha-rugstimis\/","title":{"rendered":"NACIFIC Ihonhoitopakkaus AHA- ja BHA-hapoilla"},"content":{"rendered":"<p><b>Setti sis\u00e4lt\u00e4\u00e4:<\/b><\/p>\n<ul>\n<li>Puhdistusvaahto Pink AHABHA puhdistusvaahto 30 ml<\/li>\n<li>Toner Pink AHABHA Toner 30 ml<\/li>\n<li>Seerumi Pink AHABHA seerumi 10 ml<\/li>\n<li>Kasvovoide Pink AHABHA Cream 20ml<\/li>\n<\/ul>\n<p><b>Puhdistusvaahto Vaaleanpunainen AHABHA puhdistusvaahto\u00a0<\/b><\/p>\n<p>Pehme\u00e4 ja kuohkea puhdistusvaahto, jossa on AHA- ja BHA-happoja, poistaa tehokkaasti kuolleet ihosolut, ylim\u00e4\u00e4r\u00e4isen talin, lian ja meikinj\u00e4\u00e4m\u00e4t.<\/p>\n<p><b>Kuinka k\u00e4ytt\u00e4\u00e4?<\/b><\/p>\n<ol>\n<li>Purista pieni m\u00e4\u00e4r\u00e4 kosteisiin k\u00e4mmeniin ja hiero kevyesti kasvoille ja kaulalle poistaaksesi ep\u00e4puhtaudet, kuolleet ihosolut ja meikkij\u00e4\u00e4m\u00e4t.<\/li>\n<li>K\u00e4yt\u00e4 sen j\u00e4lkeen kasvovett\u00e4 ja voidetta.<\/li>\n<\/ol>\n<p><b>Toner Pink AHABHA Toner<\/b><\/p>\n<p>Kuivalle, kuivuneelle, hilseilev\u00e4lle ja \u00e4rtyneelle iholle tarkoitettu vaaleanpunainen kasvovesi kiinteytt\u00e4\u00e4 ihoa, kun taas AHA- ja BHA-hapot kuorivat hell\u00e4varaisesti kuolleita ihosoluja ja palauttavat elinvoiman ja terveen hehkun.<\/p>\n<p>Voiteessa on runsaasti vitamiineja sis\u00e4lt\u00e4v\u00e4\u00e4 kalamiittia, kosteuttavaa vesimeloniuutetta ja hyaluronihappoa, jolla on 5 eri molekyylipainoa.<\/p>\n<p><b>Kuinka k\u00e4ytt\u00e4\u00e4?<\/b><\/p>\n<ol>\n<li>Kostuta vanulappu tonerilla ja puhdista puhtaat kasvot ja kaula hell\u00e4varaisesti v\u00e4ltt\u00e4en silmien ja suun aluetta.<\/li>\n<li>Taputtele ihoa varovasti, jotta kasvovesi imeytyy paremmin.<\/li>\n<\/ol>\n<p><b>Seerumi Vaaleanpunainen AHABHA-seerumi<\/b><\/p>\n<p>T\u00e4m\u00e4 vaaleanpunainen seerumi, jossa on AHA- ja BHA-happoja ja hedelm\u00e4uutteita, ravitsee ja kosteuttaa ihoa, palauttaa elinvoiman ja terveen hehkun.<\/p>\n<p>AHA- ja BHA-hapot kuorivat hell\u00e4varaisesti, vesimeloni- ja fermentoitu soijauute ravitsevat ja rauhoittavat ihoa, ja tyrnimarjauute antaa iholle arvokkaita vitamiineja.<\/p>\n<p><b>Kuinka k\u00e4ytt\u00e4\u00e4?<\/b><\/p>\n<ol>\n<li>Levit\u00e4 seerumia puhtaalle, puhdistetulle ja s\u00e4vytetylle iholle.<\/li>\n<li>Seuraa seerumia kosteusvoiteella tai ravitsevalla voiteella.<\/li>\n<\/ol>\n<p><b>Kasvovoide Pink AHABHA Cream<\/b><\/p>\n<p>Kasvovoide, jonka erityiset ainesosat elvytt\u00e4v\u00e4t ja kosteuttavat v\u00e4synytt\u00e4 ihoa. AHA- ja BHA-hapot sek\u00e4 vesimeloniuute poistavat kuolleet ihosolut ja j\u00e4tt\u00e4v\u00e4t ihon sile\u00e4ksi ja pehme\u00e4ksi. Kalamiini, pist\u00e4v\u00e4 tyrniuute ja fermentoitu soijauute ravitsevat ja rauhoittavat ihoa, kun taas hyaluronihappo, jossa on 5 eri molekyylikokoa, kosteuttaa syv\u00e4lt\u00e4.<\/p>\n<p>Kevyt, kermainen geelim\u00e4inen koostumus imeytyy nopeasti ihoon eik\u00e4 j\u00e4t\u00e4 tahmeaa tunnetta.<\/p>\n<p><b>Kuinka k\u00e4ytt\u00e4\u00e4?<\/b><\/p>\n<ol>\n<li>Levit\u00e4 voidetta puhtaalle ja s\u00e4vytetylle iholle viimeisen\u00e4 ihonhoitovaiheena.<\/li>\n<li>Levit\u00e4 pieni m\u00e4\u00e4r\u00e4 voidetta tasaisesti iholle ja hiero sit\u00e4 kasvoille ja kaulalle py\u00f6rivin liikkein, kunnes voide on imeytynyt kokonaan. V\u00e4lt\u00e4 silmien ja huulten aluetta.<\/li>\n<\/ol>\n<p><strong>Koostumus:<\/strong> Glykolihappo, maitohappo, salisyylihappo, ruusuvesi, centella asiatica -uute, niasiiniamidi, hyaluronihappo, glyseriini, allantoiini, vihre\u00e4 teeuute, pantenoli, aloe vera -uute.<\/p>","protected":false},"excerpt":{"rendered":"<p><strong>NACIFIC Pink AHA BHA<\/strong> <strong>set<\/strong> on suunniteltu puhdistamaan, elvytt\u00e4m\u00e4\u00e4n ja nuorentamaan ihoa tehokkaasti. T\u00e4m\u00e4 AHA- ja BHA-hapoilla rikastettu tuotesarja auttaa poistamaan kuolleita ihosoluja, pienent\u00e4\u00e4 huokosia ja pit\u00e4\u00e4 ihon kirkkaana ja s\u00e4teilev\u00e4n\u00e4. T\u00e4m\u00e4n sarjan avulla voit nauttia hehkuvasta, sile\u00e4st\u00e4 ja terveen n\u00e4k\u00f6isest\u00e4 ihosta.<\/p>","protected":false},"featured_media":31446,"comment_status":"closed","ping_status":"closed","template":"","meta":{"_acf_changed":false},"product_brand":[440],"product_cat":[92,93,56,59],"product_tag":[],"class_list":{"0":"post-7268","1":"product","2":"type-product","3":"status-publish","4":"has-post-thumbnail","6":"product_brand-nacific","7":"product_cat-groziui","8":"product_cat-rinkiniai","9":"product_cat-veido-serumai","10":"product_cat-veidui","12":"first","13":"outofstock","14":"shipping-taxable","15":"purchasable","16":"product-type-simple"},"acf":[],"tiered_pricing_type":"fixed","tiered_pricing_fixed_rules":[],"tiered_pricing_product_settings":{"layout":"default","base_unit_name":{"singular":null,"plural":null},"default_variation":null},"tiered_pricing_minimum_quantity":null,"tiered_pricing_roles_data":[],"tiered_pricing_percentage_rules":[],"_links":{"self":[{"href":"https:\/\/purama.lt\/fi\/wp-json\/wp\/v2\/product\/7268","targetHints":{"allow":["GET"]}}],"collection":[{"href":"https:\/\/purama.lt\/fi\/wp-json\/wp\/v2\/product"}],"about":[{"href":"https:\/\/purama.lt\/fi\/wp-json\/wp\/v2\/types\/product"}],"replies":[{"embeddable":true,"href":"https:\/\/purama.lt\/fi\/wp-json\/wp\/v2\/comments?post=7268"}],"wp:featuredmedia":[{"embeddable":true,"href":"https:\/\/purama.lt\/fi\/wp-json\/wp\/v2\/media\/31446"}],"wp:attachment":[{"href":"https:\/\/purama.lt\/fi\/wp-json\/wp\/v2\/media?parent=7268"}],"wp:term":[{"taxonomy":"product_brand","embeddable":true,"href":"https:\/\/purama.lt\/fi\/wp-json\/wp\/v2\/product_brand?post=7268"},{"taxonomy":"product_cat","embeddable":true,"href":"https:\/\/purama.lt\/fi\/wp-json\/wp\/v2\/product_cat?post=7268"},{"taxonomy":"product_tag","embeddable":true,"href":"https:\/\/purama.lt\/fi\/wp-json\/wp\/v2\/product_tag?post=7268"}],"curies":[{"name":"wp","href":"https:\/\/api.w.org\/{rel}","templated":true}]}}