{"id":7267,"date":"2024-11-26T09:14:57","date_gmt":"2024-11-26T09:14:57","guid":{"rendered":"https:\/\/purama.lt\/?post_type=product&#038;p=7267"},"modified":"2026-04-10T13:03:23","modified_gmt":"2026-04-10T11:03:23","slug":"hayejin-blessing-of-sprout-matkakasvohoitosetti","status":"publish","type":"product","link":"https:\/\/purama.lt\/fi\/produktas\/kelioninis-veido-prieziuros-rinkinys-hayejin-blessing-of-sprout\/","title":{"rendered":"HAYEJIN \"Blessing of Sprout\" matkasetti"},"content":{"rendered":"<p>Sarjaan kuuluu 5 HAYEJIN-tuotetta:<\/p>\n<p>1. HAYEJIN Blessing of Sprout Soothing Gel Facial Wash, 15ml - Eritt\u00e4in hell\u00e4varainen rauhoittava geelikasvopesu, jossa on mikrokuplia, sopii p\u00e4ivitt\u00e4iseen k\u00e4ytt\u00f6\u00f6n.<br \/>\n2. HAYEJIN Blessing of Sprout Brightening Toner, 15ml - kosteuttaa ihoa intensiivisesti, minimoi ihohuokosia, tasapainottaa pH:ta ja valmistelee ihoa muille tuotteille.<br \/>\n3. HAYEJIN Blessing of Sprout Anti-Wrinkle Eye Cream, 5ml - antaa iholle elinvoimaa ja kimmoisuutta, sis\u00e4lt\u00e4\u00e4 kasviper\u00e4isi\u00e4 proteiineja juonteiden ja ryppyjen hoitoon sek\u00e4 CICA-kompleksia ja lootuksen uutetta ihon kirkastamiseksi.<br \/>\n4. HAYEJIN Blessing of Sprout Serum, 8ml - Silkkisen pehme\u00e4 seerumi, jossa on tiivistettyj\u00e4 itujen ravintoaineita, jotka suojaavat ryppyj\u00e4, elvytt\u00e4v\u00e4t v\u00e4syneen ihon, kosteuttavat ja rauhoittavat ihoa intensiivisesti.<br \/>\n5. HAYEJIN Blessing of Sprout Brightening Facial Cream, 10ml - Kevyt ja pehme\u00e4 koostumusvoide kosteuttaa intensiivisesti, kirkastaa, v\u00e4hent\u00e4\u00e4 ryppyj\u00e4 ja palauttaa ihon kimmoisuuden, imeytyy nopeasti.<\/p>","protected":false},"excerpt":{"rendered":"<p>Intensiivisesti kosteuttava ja rauhoittava 5-portainen kasvohoito matkapakkaus, jossa on lootuksen silmujen ja itujen voima. T\u00e4ydellinen valinta, kun matkustat tai haluat kokeilla HAYEJIN kosmetiikkaa.<\/p>","protected":false},"featured_media":7301,"comment_status":"open","ping_status":"closed","template":"","meta":{"_acf_changed":false},"product_brand":[427],"product_cat":[92,93,55,56,59],"product_tag":[],"class_list":{"0":"post-7267","1":"product","2":"type-product","3":"status-publish","4":"has-post-thumbnail","6":"product_brand-hayejin","7":"product_cat-groziui","8":"product_cat-rinkiniai","9":"product_cat-veido-kremai","10":"product_cat-veido-serumai","11":"product_cat-veidui","13":"first","14":"outofstock","15":"shipping-taxable","16":"purchasable","17":"product-type-simple"},"acf":[],"tiered_pricing_type":"fixed","tiered_pricing_fixed_rules":[],"tiered_pricing_product_settings":{"layout":"default","base_unit_name":{"singular":null,"plural":null},"default_variation":null},"tiered_pricing_minimum_quantity":null,"tiered_pricing_roles_data":[],"tiered_pricing_percentage_rules":[],"_links":{"self":[{"href":"https:\/\/purama.lt\/fi\/wp-json\/wp\/v2\/product\/7267","targetHints":{"allow":["GET"]}}],"collection":[{"href":"https:\/\/purama.lt\/fi\/wp-json\/wp\/v2\/product"}],"about":[{"href":"https:\/\/purama.lt\/fi\/wp-json\/wp\/v2\/types\/product"}],"replies":[{"embeddable":true,"href":"https:\/\/purama.lt\/fi\/wp-json\/wp\/v2\/comments?post=7267"}],"wp:featuredmedia":[{"embeddable":true,"href":"https:\/\/purama.lt\/fi\/wp-json\/wp\/v2\/media\/7301"}],"wp:attachment":[{"href":"https:\/\/purama.lt\/fi\/wp-json\/wp\/v2\/media?parent=7267"}],"wp:term":[{"taxonomy":"product_brand","embeddable":true,"href":"https:\/\/purama.lt\/fi\/wp-json\/wp\/v2\/product_brand?post=7267"},{"taxonomy":"product_cat","embeddable":true,"href":"https:\/\/purama.lt\/fi\/wp-json\/wp\/v2\/product_cat?post=7267"},{"taxonomy":"product_tag","embeddable":true,"href":"https:\/\/purama.lt\/fi\/wp-json\/wp\/v2\/product_tag?post=7267"}],"curies":[{"name":"wp","href":"https:\/\/api.w.org\/{rel}","templated":true}]}}