{"id":7266,"date":"2024-11-26T09:14:57","date_gmt":"2024-11-26T09:14:57","guid":{"rendered":"https:\/\/purama.lt\/?post_type=product&#038;p=7266"},"modified":"2026-04-22T12:24:01","modified_gmt":"2026-04-22T10:24:01","slug":"hayejin-siunaus-itujen-kasvopakkaus","status":"publish","type":"product","link":"https:\/\/purama.lt\/fi\/produktas\/hayejin-blessing-of-sprout-veido-priemoniu-rinkinys\/","title":{"rendered":"HAYEJIN \"Blessing of Sprout\" kasvohoitosarja"},"content":{"rendered":"<p>T\u00e4m\u00e4 setti koostuu kolmesta v\u00e4ltt\u00e4m\u00e4tt\u00f6m\u00e4st\u00e4 tuotteesta, jotka yhdess\u00e4 muodostavat t\u00e4ydellisen kasvojenhoitorituaalin. T\u00e4ss\u00e4 muutamia syit\u00e4 k\u00e4ytt\u00e4\u00e4 sit\u00e4:<\/p>\n<p><strong>1. Runsas koostumus ja luonnolliset ainesosat<\/strong><br \/>\nKaikki sarjan tuotteet on rikastettu luonnollisilla kasviuutteilla, jotka tunnetaan kosteuttavista, ravitsevista ja kirkastavista ominaisuuksistaan. Keskeisi\u00e4 ainesosia ovat Centella Asiatica, Madecassoside ja riisiuutteet, jotka antavat iholle elinvoimaisen ja terveen hehkun.<\/p>\n<p><strong>2. Kolmivaiheinen huolto<\/strong><br \/>\nPakkaus koostuu kolmesta vaiheesta, joihin kuuluvat:<\/p>\n<p><em>Puhdistus:<\/em> Hell\u00e4varainen kasvojenpuhdistusaine, joka puhdistaa ihon syv\u00e4sti ja poistaa lian ja ylim\u00e4\u00e4r\u00e4isen \u00f6ljyn vahingoittamatta ihon luonnollista suojaa.<br \/>\n<em>Pehment\u00e4minen:<\/em> Kirkastava kasvovesi, joka auttaa palauttamaan ihon pH-tason, kosteuttaa ja valmistelee ihoa seuraavaan hoitovaiheeseen.<br \/>\n<em>Ateriat:<\/em> Kosteuttava ja ravitseva seerumi tai voide, joka antaa iholle sen tarvitsemat ravintoaineet, jotka takaavat pitk\u00e4kestoisen kosteuden ja terveen hehkun.<\/p>\n<p><strong>3. Kastelu ja ravitsemus<\/strong><br \/>\nPakkauksen tuotteet kosteuttavat ihoa syv\u00e4sti ja auttavat pit\u00e4m\u00e4\u00e4n sen joustavana ja pehme\u00e4n\u00e4. Centella Asiatica- ja Madecassoside-ainesosat ovat tunnettuja rauhoittavista ja uudistavista ominaisuuksistaan, jotka tekev\u00e4t ihosta pehme\u00e4n ja sile\u00e4n.<\/p>\n<p><strong>4. Ihon elvytt\u00e4minen ja hehku<\/strong><br \/>\nTuotteet auttavat v\u00e4hent\u00e4m\u00e4\u00e4n v\u00e4symyksen merkkej\u00e4, tummia l\u00e4iski\u00e4 ja pigmenttil\u00e4iski\u00e4 ja antavat kasvoille luonnollisen hehkun ja tasaisen v\u00e4rin. S\u00e4\u00e4nn\u00f6llisell\u00e4 k\u00e4yt\u00f6ll\u00e4 ihosta tulee kirkkaampi ja elinvoimaisempi.<\/p>\n<p><strong>5. Luonnollinen koostumus<\/strong><br \/>\nTuotteet on valmistettu luonnollisista ainesosista, eik\u00e4 niiss\u00e4 ole haitallisia kemikaaleja, joten ne ovat turvallisia ja hell\u00e4varaisia iholle. T\u00e4m\u00e4 on erityisen t\u00e4rke\u00e4\u00e4 herk\u00e4lle iholle, joka vaatii erityist\u00e4 huomiota ja hoitoa.<\/p>\n<p><strong>6. K\u00e4ytt\u00e4j\u00e4yst\u00e4v\u00e4llinen j\u00e4rjestelm\u00e4<\/strong><br \/>\nJokainen vaihe on tarkkaan harkittu helppok\u00e4ytt\u00f6isyyden ja tehokkaiden tulosten varmistamiseksi. Se on t\u00e4ydellinen tapa tutustuttaa ihosi johdonmukaiseen ja tehokkaaseen hoitorituaaliin.<br \/>\nK\u00e4ytt\u00f6:<\/p>\n<p>VAIHE 1 - Toner. Levit\u00e4 puhdistuksen j\u00e4lkeen tarvittava m\u00e4\u00e4r\u00e4 kasvoille ja kaulalle ja taputtele kevyesti imeytym\u00e4\u00e4n.<\/p>\n<p>VAIHE 2 - Seerumi. Levit\u00e4 tarvittava m\u00e4\u00e4r\u00e4 aamuin ja illoin esipuhdistetuille kasvoille ja hiero kevyesti ihoon, kunnes se on imeytynyt.<\/p>\n<p>VAIHE 3 - Kasvovoide. Levit\u00e4 pieni m\u00e4\u00e4r\u00e4 tasaisesti puhdistetuille kasvoille ja kaulalle ja hiero kevyin liikkein.<\/p>\n<p><strong>Setti sis\u00e4lt\u00e4\u00e4: <\/strong><\/p>\n<p>1 HAYEJIN \"Blessing of Sprout\" kirkastava kasvovesi, 120ml.<\/p>\n<p><strong>Ainesosat:<\/strong> Aqua, glyseriini, niasiiniamidi, Hamamelis Virginiana -lehtiuute, Aloe Barbadensis -lehtiuute, Chlorella Vulgaris -uute, Panax Ginseng -juuriuute, Camellia Sinensis -lehtiuute, luonnolliset s\u00e4il\u00f6nt\u00e4aineet, hajuste.<\/p>\n<p>2 HAYEJIN \"Blessing of Sprout\" seerumi, 30ml<\/p>\n<p><strong>Ainesosat:<\/strong> Aqua, propaanidioli, niasiiniamidi, Chlorella Vulgaris -uute, Aloe Barbadensis -lehtiuute, beetaglukaani, Camellia Sinensis -lehtiuute, Portulaca Oleracea -uute, adenosiini, glyseriini, pantenoli, luonnolliset s\u00e4il\u00f6nt\u00e4aineet, hajuste.<\/p>\n<p>Vaihe 3 - HAYEJIN \"Blessing of Sprout\" Vitality Face Cream, 50ml.<\/p>\n<p><strong>Ainesosat:<\/strong>Vesi (Aqua), glyseriini, niasiiniamidi, Chlorella Vulgaris -uute, karitevoi (Butyrospermum Parkii -voi), Macadamia Ternifolian siemen\u00f6ljy, beetaglukaani, Vihre\u00e4n teen uute (Camellia Sinensis Leaf Extract), Centella Extract (Centella Asiatica Extract), pantenoli, E-vitamiini (Tocopherol), luonnolliset s\u00e4il\u00f6nt\u00e4aineet, hajuste.<\/p>\n<p>&nbsp;<\/p>","protected":false},"excerpt":{"rendered":"<p><strong>HAYEJIN \"Verson siunaaminen\"<\/strong> 3-vaiheinen lahjasetti on huomionarvoinen runsaan koostumuksensa ja monien ihohy\u00f6tyjens\u00e4 ansiosta. Se on ihanteellinen valinta terveen, s\u00e4teilev\u00e4n ja elinvoimaisen ihon saavuttamiseksi. Sen lis\u00e4ksi, ett\u00e4 t\u00e4m\u00e4 setti kosteuttaa ja ravitsee ihoa, se antaa sille luonnollisen hehkun, tasaisen v\u00e4rin ja kimmoisuuden. <strong>HAYEJIN \"Verson siunaaminen\"<\/strong> 3-vaiheinen lahjasetti on t\u00e4ydellinen valinta niille, jotka haluavat terveen, hehkuvan ja elvytetyn ihon.<\/p>","protected":false},"featured_media":9276,"comment_status":"open","ping_status":"closed","template":"","meta":{"_acf_changed":false},"product_brand":[427],"product_cat":[92,93,55,56,59],"product_tag":[],"class_list":{"0":"post-7266","1":"product","2":"type-product","3":"status-publish","4":"has-post-thumbnail","6":"product_brand-hayejin","7":"product_cat-groziui","8":"product_cat-rinkiniai","9":"product_cat-veido-kremai","10":"product_cat-veido-serumai","11":"product_cat-veidui","13":"first","14":"outofstock","15":"shipping-taxable","16":"purchasable","17":"product-type-simple"},"acf":[],"tiered_pricing_type":"fixed","tiered_pricing_fixed_rules":[],"tiered_pricing_product_settings":{"layout":"default","base_unit_name":{"singular":null,"plural":null},"default_variation":null},"tiered_pricing_minimum_quantity":null,"tiered_pricing_roles_data":[],"tiered_pricing_percentage_rules":[],"_links":{"self":[{"href":"https:\/\/purama.lt\/fi\/wp-json\/wp\/v2\/product\/7266","targetHints":{"allow":["GET"]}}],"collection":[{"href":"https:\/\/purama.lt\/fi\/wp-json\/wp\/v2\/product"}],"about":[{"href":"https:\/\/purama.lt\/fi\/wp-json\/wp\/v2\/types\/product"}],"replies":[{"embeddable":true,"href":"https:\/\/purama.lt\/fi\/wp-json\/wp\/v2\/comments?post=7266"}],"wp:featuredmedia":[{"embeddable":true,"href":"https:\/\/purama.lt\/fi\/wp-json\/wp\/v2\/media\/9276"}],"wp:attachment":[{"href":"https:\/\/purama.lt\/fi\/wp-json\/wp\/v2\/media?parent=7266"}],"wp:term":[{"taxonomy":"product_brand","embeddable":true,"href":"https:\/\/purama.lt\/fi\/wp-json\/wp\/v2\/product_brand?post=7266"},{"taxonomy":"product_cat","embeddable":true,"href":"https:\/\/purama.lt\/fi\/wp-json\/wp\/v2\/product_cat?post=7266"},{"taxonomy":"product_tag","embeddable":true,"href":"https:\/\/purama.lt\/fi\/wp-json\/wp\/v2\/product_tag?post=7266"}],"curies":[{"name":"wp","href":"https:\/\/api.w.org\/{rel}","templated":true}]}}