{"id":7265,"date":"2024-11-26T09:14:57","date_gmt":"2024-11-26T09:14:57","guid":{"rendered":"https:\/\/purama.lt\/?post_type=product&#038;p=7265"},"modified":"2026-04-23T09:43:13","modified_gmt":"2026-04-23T07:43:13","slug":"hayejin-ricefila-riisileseet-kasvojenhoitosetti","status":"publish","type":"product","link":"https:\/\/purama.lt\/fi\/produktas\/hayejin-ricefila-rice-bran-veido-priemoniu-rinkinys\/","title":{"rendered":"HAYEJIN RiceFila\u2122 &amp; Rice Bran kasvohoitosarja"},"content":{"rendered":"<p>T\u00e4m\u00e4 setti sis\u00e4lt\u00e4\u00e4 kolme keskeist\u00e4 tuotetta, jotka yhdess\u00e4 muodostavat t\u00e4ydellisen kasvojenhoitorituaalin:<\/p>\n<p><strong>1. Runsas koostumus ja luonnolliset ainesosat<\/strong><br \/>\nKaikki sarjan tuotteet on rikastettu luonnollisilla ainesosilla, kuten riisilese\u00f6ljyll\u00e4 ja riisiuutteilla, jotka tunnetaan kosteuttavista, ravitsevista ja kirkastavista ominaisuuksistaan.<\/p>\n<p><strong>2. Kolmivaiheinen huolto<\/strong><br \/>\nPakkaus koostuu kolmesta vaiheesta, joihin kuuluvat:<\/p>\n<p><em>Puhdistus<\/em>: Hell\u00e4varainen kasvojenpuhdistusaine, joka puhdistaa ihon syv\u00e4sti ja poistaa lian ja ylim\u00e4\u00e4r\u00e4isen \u00f6ljyn vahingoittamatta ihon luonnollista suojaa.<br \/>\n<em>Toning<\/em>: Kirkastava kasvovesi, joka auttaa palauttamaan ihon pH-tason, kosteuttaa ja valmistelee ihoa seuraavaan hoitovaiheeseen.<br \/>\n<em>Ateriapalvelut<\/em>: Kosteuttava ja ravitseva seerumi tai voide, joka antaa iholle sen tarvitsemat ravintoaineet, jotka takaavat pitk\u00e4kestoisen kosteuden ja terveen hehkun.<\/p>\n<p><strong>3. Kastelu ja ravitsemus<\/strong><br \/>\nRiisilese\u00f6ljy ja muut sarjan ainesosat kosteuttavat ihoa syv\u00e4sti ja auttavat pit\u00e4m\u00e4\u00e4n sen joustavana ja pehme\u00e4n\u00e4. N\u00e4iden tuotteiden s\u00e4\u00e4nn\u00f6llinen k\u00e4ytt\u00f6 varmistaa, ett\u00e4 iho on hyvin kosteutettu ja ravittu.<\/p>\n<p><strong>4. Vaalennus ja ihon tasoitus<\/strong><br \/>\nRiisiuutteet auttavat kirkastamaan ihoa, v\u00e4hent\u00e4m\u00e4\u00e4n tummia l\u00e4iski\u00e4 ja pigmenttil\u00e4iski\u00e4 ja antavat kasvoille luonnollisen hehkun ja tasaisen v\u00e4rin.<\/p>\n<p><strong>5. Luonnollinen koostumus<\/strong><br \/>\nTuotteet on valmistettu luonnollisista ainesosista, eik\u00e4 niiss\u00e4 ole haitallisia kemikaaleja, joten ne ovat turvallisia ja hell\u00e4varaisia iholle. T\u00e4m\u00e4 on erityisen t\u00e4rke\u00e4\u00e4 herk\u00e4lle iholle, joka vaatii erityist\u00e4 huomiota ja hoitoa.<\/p>\n<p><strong>K\u00e4ytt\u00f6:<\/strong><br \/>\nVAIHE 1 - \u00d6ljypohjainen v\u00e4riaine. Ravista pulloa ennen k\u00e4ytt\u00f6\u00e4, jotta \u00f6ljykerros ja uutekerros sekoittuvat. Levit\u00e4 kasvojen pesun j\u00e4lkeen kasvovett\u00e4 kuivalle iholle ja taputtele kevyesti, kunnes se on imeytynyt.<\/p>\n<p>VAIHE 2 - Kasvovoide. Levit\u00e4 puhdistuksen j\u00e4lkeen tarvittava m\u00e4\u00e4r\u00e4 kasvoille ja kaulalle ja taputtele kevyesti imeytym\u00e4\u00e4n.<\/p>\n<p>VAIHE 3 - Kasvo\u00f6ljy. Ihonhoitorutiinin viimeisess\u00e4 vaiheessa laita 2-3 tippaa k\u00e4mmenelle ja hiero l\u00e4mmitt\u00e4m\u00e4\u00e4n. Peit\u00e4 sitten kasvosi varovasti k\u00e4sill\u00e4si kosteuden lis\u00e4\u00e4miseksi. Voit my\u00f6s sekoittaa 1-2 tippaa tavallisiin ihonhoitotuotteisiisi lis\u00e4t\u00e4ksesi kosteuttavaa vaikutusta. Kun peset kasvosi, lis\u00e4\u00e4 tippa \u00f6ljy\u00e4 viimeiseen huuhteluun ravitsemuksen lis\u00e4\u00e4miseksi.<\/p>\n<p>&nbsp;<\/p>","protected":false},"excerpt":{"rendered":"<p><strong>HAYEJIN \"RiceFila\u2122 &amp; Rice Bran\" (RiisiFila\u2122 ja riisinlese)<\/strong> 3-Step Facial Care -lahjasetti on huomionarvoinen sen runsaan koostumuksen ja monien ihoa hy\u00f6dytt\u00e4vien ominaisuuksien vuoksi. Se on ihanteellinen valinta terveen, s\u00e4teilev\u00e4n ja huolitellun ihon saavuttamiseksi. Sen lis\u00e4ksi, ett\u00e4 t\u00e4m\u00e4 sarja kosteuttaa ja ravitsee ihoa, se antaa sille my\u00f6s luonnollisen hehkun, tasaisen v\u00e4rin ja kimmoisuuden. <strong>HAYEJIN \"RiceFila\u2122 &amp; Rice Bran\" (RiisiFila\u2122 ja riisinlese)<\/strong> 3-Step Facial Gift Set on t\u00e4ydellinen valinta niille, jotka haluavat terveen, hehkuvan ja huolitellun ihon.<\/p>","protected":false},"featured_media":9279,"comment_status":"open","ping_status":"closed","template":"","meta":{"_acf_changed":false},"product_brand":[427],"product_cat":[92,57,393,93,59],"product_tag":[],"class_list":{"0":"post-7265","1":"product","2":"type-product","3":"status-publish","4":"has-post-thumbnail","6":"product_brand-hayejin","7":"product_cat-groziui","8":"product_cat-akcijos","9":"product_cat-dovanu-idejos","10":"product_cat-rinkiniai","11":"product_cat-veidui","13":"first","14":"instock","15":"sale","16":"shipping-taxable","17":"purchasable","18":"product-type-simple"},"acf":[],"tiered_pricing_type":"fixed","tiered_pricing_fixed_rules":[],"tiered_pricing_product_settings":{"layout":"default","base_unit_name":{"singular":null,"plural":null},"default_variation":null},"tiered_pricing_minimum_quantity":null,"tiered_pricing_roles_data":[],"tiered_pricing_percentage_rules":[],"_links":{"self":[{"href":"https:\/\/purama.lt\/fi\/wp-json\/wp\/v2\/product\/7265","targetHints":{"allow":["GET"]}}],"collection":[{"href":"https:\/\/purama.lt\/fi\/wp-json\/wp\/v2\/product"}],"about":[{"href":"https:\/\/purama.lt\/fi\/wp-json\/wp\/v2\/types\/product"}],"replies":[{"embeddable":true,"href":"https:\/\/purama.lt\/fi\/wp-json\/wp\/v2\/comments?post=7265"}],"wp:featuredmedia":[{"embeddable":true,"href":"https:\/\/purama.lt\/fi\/wp-json\/wp\/v2\/media\/9279"}],"wp:attachment":[{"href":"https:\/\/purama.lt\/fi\/wp-json\/wp\/v2\/media?parent=7265"}],"wp:term":[{"taxonomy":"product_brand","embeddable":true,"href":"https:\/\/purama.lt\/fi\/wp-json\/wp\/v2\/product_brand?post=7265"},{"taxonomy":"product_cat","embeddable":true,"href":"https:\/\/purama.lt\/fi\/wp-json\/wp\/v2\/product_cat?post=7265"},{"taxonomy":"product_tag","embeddable":true,"href":"https:\/\/purama.lt\/fi\/wp-json\/wp\/v2\/product_tag?post=7265"}],"curies":[{"name":"wp","href":"https:\/\/api.w.org\/{rel}","templated":true}]}}