{"id":7264,"date":"2024-11-26T09:14:57","date_gmt":"2024-11-26T09:14:57","guid":{"rendered":"https:\/\/purama.lt\/?post_type=product&#038;p=7264"},"modified":"2026-04-10T13:03:23","modified_gmt":"2026-04-10T11:03:23","slug":"hayejin-puhdas-seleeni-kasvojen-oljy","status":"publish","type":"product","link":"https:\/\/purama.lt\/fi\/produktas\/hayejin-ryziu-selenu-aliejus-veidui\/","title":{"rendered":"HAYEJIN Riisilese-\u00f6ljy kasvoille"},"content":{"rendered":"<p><strong>Ainesosat:<\/strong><br \/>\nRiisilese\u00f6ljy on luonnollinen ainesosa, jossa on runsaasti vitamiineja, antioksidantteja ja rasvahappoja.<\/p>\n<p><strong>Keskeiset osat:<\/strong><\/p>\n<p>E-vitamiini: Voimakas antioksidantti, joka auttaa torjumaan vapaita radikaaleja ja suojaamaan ihoa ymp\u00e4rist\u00f6n aiheuttamilta vaurioilta.<br \/>\nOmega-3- ja Omega-6-rasvahapot: Auttaa palauttamaan ihoesteen ja yll\u00e4pit\u00e4m\u00e4\u00e4n kosteutta.<br \/>\nFytosterolit: auttavat v\u00e4hent\u00e4m\u00e4\u00e4n tulehdusta ja edist\u00e4v\u00e4t ihon uudistumista.<\/p>","protected":false},"excerpt":{"rendered":"<p><strong>HAYEJIN<\/strong> <strong>Riisileseet \u00f6ljy kasvoille<\/strong> on huomionarvoinen sen rikkaan koostumuksen ja monien ihoa hy\u00f6dytt\u00e4vien ominaisuuksien vuoksi. Se on tuote, joka paitsi kosteuttaa ja ravitsee ihoa syv\u00e4sti, my\u00f6s auttaa sit\u00e4 n\u00e4ytt\u00e4m\u00e4\u00e4n nuorekkaalta ja terveelt\u00e4. Ihostasi tulee pehme\u00e4mpi, kimmoisampi ja s\u00e4teilev\u00e4mpi.<strong> HAYEJIN Riisilese-\u00f6ljy kasvoille<\/strong> erottuu muista ihonhoitotuotteista sen runsaan koostumuksen ja monien ihohy\u00f6tyjen ansiosta. T\u00e4ss\u00e4 muutamia syit\u00e4 k\u00e4ytt\u00e4\u00e4 sit\u00e4:<\/p>\n<details >\n<summary>Kosteuttaa ja ravitsee ihoa syv\u00e4sti.<\/summary>\n<div class=\"cg-accordion-item\">\n<p>Riisilese\u00f6ljy kosteuttaa erinomaisesti ja auttaa yll\u00e4pit\u00e4m\u00e4\u00e4n ihon kimmoisuutta ja pehmeytt\u00e4. T\u00e4m\u00e4 on erityisen t\u00e4rke\u00e4\u00e4 kuivalle ja kuivuneelle iholle, joka voi tuntua kire\u00e4lt\u00e4 ja v\u00e4syneelt\u00e4.<\/p>\n<\/div>\n<\/details>\n<details >\n<summary>Antioksidanttiset ominaisuudet<\/summary>\n<div class=\"cg-accordion-item\">\n<p>Korkean antioksidanttipitoisuutensa ansiosta t\u00e4m\u00e4 \u00f6ljy auttaa suojaamaan ihoa hapettumisstressilt\u00e4 ja ennenaikaiselta ik\u00e4\u00e4ntymiselt\u00e4. Se neutralisoi vapaita radikaaleja, jotka voivat aiheuttaa ihovaurioita ja ryppyj\u00e4.<\/p>\n<\/div>\n<\/details>\n<details >\n<summary>Ihon s\u00e4vyn parantaminen<\/summary>\n<div class=\"cg-accordion-item\">\n<p>Riisilese-\u00f6ljyn s\u00e4\u00e4nn\u00f6llinen k\u00e4ytt\u00f6 tekee ihosta s\u00e4teilev\u00e4n ja terveen. \u00d6ljy auttaa tasoittamaan ihon s\u00e4vy\u00e4, v\u00e4hent\u00e4m\u00e4\u00e4n tummia l\u00e4iski\u00e4 ja pigmenttil\u00e4iski\u00e4 sek\u00e4 antamaan kasvoille luonnollisen hehkun.<\/p>\n<\/div>\n<\/details>\n<details >\n<summary>Kevyt rakenne<\/summary>\n<div class=\"cg-accordion-item\">\n<p>Riisilese\u00f6ljyn koostumus on kevyt ja se imeytyy nopeasti ihoon j\u00e4tt\u00e4m\u00e4tt\u00e4 rasvaista tunnetta. T\u00e4m\u00e4 takaa miellytt\u00e4v\u00e4n k\u00e4yt\u00f6n ja antaa ihon hengitt\u00e4\u00e4.<\/p>\n<\/div>\n<\/details>\n<details >\n<summary>Rauhoittava vaikutus<\/summary>\n<div class=\"cg-accordion-item\">\n<p>Rauhoittavien ominaisuuksiensa ansiosta t\u00e4m\u00e4 \u00f6ljy auttaa v\u00e4hent\u00e4m\u00e4\u00e4n iho\u00e4rsytyst\u00e4 ja tulehdusta, joten se on erinomainen valinta herk\u00e4lle iholle.<\/p>\n<\/div>\n<\/details>","protected":false},"featured_media":9280,"comment_status":"open","ping_status":"closed","template":"","meta":{"_acf_changed":false},"product_brand":[427],"product_cat":[56,500,59],"product_tag":[],"class_list":{"0":"post-7264","1":"product","2":"type-product","3":"status-publish","4":"has-post-thumbnail","6":"product_brand-hayejin","7":"product_cat-veido-serumai","8":"product_cat-outlet","9":"product_cat-veidui","11":"first","12":"instock","13":"sale","14":"shipping-taxable","15":"purchasable","16":"product-type-simple"},"acf":[],"tiered_pricing_type":"fixed","tiered_pricing_fixed_rules":[],"tiered_pricing_product_settings":{"layout":"default","base_unit_name":{"singular":null,"plural":null},"default_variation":null},"tiered_pricing_minimum_quantity":null,"tiered_pricing_roles_data":[],"tiered_pricing_percentage_rules":[],"_links":{"self":[{"href":"https:\/\/purama.lt\/fi\/wp-json\/wp\/v2\/product\/7264","targetHints":{"allow":["GET"]}}],"collection":[{"href":"https:\/\/purama.lt\/fi\/wp-json\/wp\/v2\/product"}],"about":[{"href":"https:\/\/purama.lt\/fi\/wp-json\/wp\/v2\/types\/product"}],"replies":[{"embeddable":true,"href":"https:\/\/purama.lt\/fi\/wp-json\/wp\/v2\/comments?post=7264"}],"wp:featuredmedia":[{"embeddable":true,"href":"https:\/\/purama.lt\/fi\/wp-json\/wp\/v2\/media\/9280"}],"wp:attachment":[{"href":"https:\/\/purama.lt\/fi\/wp-json\/wp\/v2\/media?parent=7264"}],"wp:term":[{"taxonomy":"product_brand","embeddable":true,"href":"https:\/\/purama.lt\/fi\/wp-json\/wp\/v2\/product_brand?post=7264"},{"taxonomy":"product_cat","embeddable":true,"href":"https:\/\/purama.lt\/fi\/wp-json\/wp\/v2\/product_cat?post=7264"},{"taxonomy":"product_tag","embeddable":true,"href":"https:\/\/purama.lt\/fi\/wp-json\/wp\/v2\/product_tag?post=7264"}],"curies":[{"name":"wp","href":"https:\/\/api.w.org\/{rel}","templated":true}]}}