{"id":7263,"date":"2024-11-26T09:14:57","date_gmt":"2024-11-26T09:14:57","guid":{"rendered":"https:\/\/purama.lt\/?post_type=product&#038;p=7263"},"modified":"2026-04-10T13:03:22","modified_gmt":"2026-04-10T11:03:22","slug":"hayejin-blessing-of-sprout-kasvoseerumi","status":"publish","type":"product","link":"https:\/\/purama.lt\/fi\/produktas\/hayejin-blessing-of-sprout-veido-serumas\/","title":{"rendered":"HAYEJIN \u201eBlessing of Sprout\u201d kasvoseerumi kasvoille"},"content":{"rendered":"<p><strong>HAYEJIN \"Verson siunaaminen\"<\/strong> Seerumi erottuu muista seerumeista edistyksellisen koostumuksensa ja tehokkaan ihovaikutuksensa ansiosta. T\u00e4ss\u00e4 muutamia syit\u00e4 k\u00e4ytt\u00e4\u00e4 sit\u00e4:<\/p>\n<p><strong>1:<\/strong><br \/>\nSeerumi on rikastettu luonnollisilla kasviuutteilla ja aktiivisilla ainesosilla, jotka yhdess\u00e4 antavat iholle s\u00e4teilev\u00e4n, kosteutetun ja terveen hehkun. Keskeisi\u00e4 ainesosia ovat mm:<\/p>\n<p>Nelumbo Nucifera Germ Extract: Auttaa kosteuttamaan ja elvytt\u00e4m\u00e4\u00e4n ihoa.<br \/>\nCentella Asiatica Leaf Extract: Tunnetaan sen rauhoittavista ja uudistavista ominaisuuksista.<br \/>\nNiasiiniamidi: Auttaa kirkastamaan ihoa, v\u00e4hent\u00e4m\u00e4\u00e4n pigmenttil\u00e4iski\u00e4 ja tasoittamaan ihon s\u00e4vy\u00e4.<br \/>\nHyaluronihappo: Kosteuttaa ihoa syv\u00e4sti ja auttaa s\u00e4ilytt\u00e4m\u00e4\u00e4n kosteutta.<\/p>\n<p><strong>2. Intensiivinen kosteutus<\/strong><br \/>\nSeerumi antaa syv\u00e4n ja pitk\u00e4kestoisen kosteuttavan vaikutuksen, joka auttaa torjumaan kuivuutta ja kuivumista. Se j\u00e4tt\u00e4\u00e4 ihon pehme\u00e4ksi ja joustavaksi ja auttaa yll\u00e4pit\u00e4m\u00e4\u00e4n tervett\u00e4 ulkon\u00e4k\u00f6\u00e4.<\/p>\n<p><strong>3. Rauhoittava vaikutus<\/strong><br \/>\nSen sis\u00e4lt\u00e4mien kasviuutteiden ansiosta seerumilla on rauhoittava vaikutus, joka v\u00e4hent\u00e4\u00e4 iho\u00e4rsytyst\u00e4 ja tulehdusta. Se on t\u00e4ydellinen valinta herk\u00e4lle ja \u00e4rtyneelle iholle.<\/p>\n<p><strong>4. Kirkastaa ja tasoittaa ihon v\u00e4ri\u00e4<\/strong><br \/>\nSeerumi auttaa v\u00e4hent\u00e4m\u00e4\u00e4n tummia l\u00e4iski\u00e4 ja pigmentaatiota, tasoittaa ihon s\u00e4vy\u00e4 ja antaa luonnollisen hehkun. Niasiiniamidi on t\u00e4rkein ainesosa, joka auttaa saavuttamaan t\u00e4m\u00e4n vaikutuksen.<\/p>\n<p><strong>5. Anti-ageing-ominaisuudet<\/strong><br \/>\nVoiteen ainesosat, kuten adenosiini ja ferulihappo, auttavat torjumaan ik\u00e4\u00e4ntymisen merkkej\u00e4, v\u00e4hent\u00e4m\u00e4\u00e4n ryppyj\u00e4 ja edist\u00e4m\u00e4\u00e4n ihon uudistumista. T\u00e4m\u00e4 auttaa yll\u00e4pit\u00e4m\u00e4\u00e4n nuorekasta ja tervett\u00e4 ulkon\u00e4k\u00f6\u00e4.<\/p>\n<p><strong>6. Kevyt rakenne<\/strong><br \/>\nSeerumin koostumus on kevyt ja nopeasti imeytyv\u00e4, eik\u00e4 se tunnu tahmealta ja antaa ihon hengitt\u00e4\u00e4. T\u00e4m\u00e4 takaa miellytt\u00e4v\u00e4n ja miellytt\u00e4v\u00e4n levityksen.<\/p>\n<p><strong><em>K\u00e4ytt\u00f6:<\/em><\/strong> Levit\u00e4 pieni m\u00e4\u00e4r\u00e4 seerumia aamuin ja illoin esipuhdistetulle, kasvovedell\u00e4 kostutetulle iholle ja taputtele kevyesti, kunnes se imeytyy.<\/p>\n<p><strong>Koostumus:<\/strong> Aqua, propaanidioli, niasiiniamidi, Chlorella Vulgaris -uute, Aloe Barbadensis -lehtiuute, beetaglukaani, Camellia Sinensis -lehtiuute, Portulaca Oleracea -uute, adenosiini, glyseriini, pantenoli, luonnolliset s\u00e4il\u00f6nt\u00e4aineet, hajuste.<\/p>","protected":false},"excerpt":{"rendered":"<p><strong>HAYEJIN \"Verson siunaaminen\"<\/strong>\u00a0 Kasvoseerumi on huomionarvoinen sen runsaan koostumuksen, monien ihohy\u00f6tyjen ja miellytt\u00e4v\u00e4n k\u00e4ytt\u00f6tuntuman vuoksi. Se on tuote, joka paitsi kosteuttaa ja ravitsee ihoa intensiivisesti, my\u00f6s auttaa sit\u00e4 n\u00e4ytt\u00e4m\u00e4\u00e4n nuorekkaalta ja terveelt\u00e4 sek\u00e4 luonnolliselta hehkulta.<\/p>","protected":false},"featured_media":7293,"comment_status":"open","ping_status":"closed","template":"","meta":{"_acf_changed":false},"product_brand":[],"product_cat":[56,92,500,59],"product_tag":[],"class_list":{"0":"post-7263","1":"product","2":"type-product","3":"status-publish","4":"has-post-thumbnail","6":"product_cat-veido-serumai","7":"product_cat-groziui","8":"product_cat-outlet","9":"product_cat-veidui","11":"first","12":"instock","13":"sale","14":"shipping-taxable","15":"purchasable","16":"product-type-simple"},"acf":[],"tiered_pricing_type":"fixed","tiered_pricing_fixed_rules":[],"tiered_pricing_product_settings":{"layout":"default","base_unit_name":{"singular":null,"plural":null},"default_variation":null},"tiered_pricing_minimum_quantity":null,"tiered_pricing_roles_data":[],"tiered_pricing_percentage_rules":[],"_links":{"self":[{"href":"https:\/\/purama.lt\/fi\/wp-json\/wp\/v2\/product\/7263","targetHints":{"allow":["GET"]}}],"collection":[{"href":"https:\/\/purama.lt\/fi\/wp-json\/wp\/v2\/product"}],"about":[{"href":"https:\/\/purama.lt\/fi\/wp-json\/wp\/v2\/types\/product"}],"replies":[{"embeddable":true,"href":"https:\/\/purama.lt\/fi\/wp-json\/wp\/v2\/comments?post=7263"}],"wp:featuredmedia":[{"embeddable":true,"href":"https:\/\/purama.lt\/fi\/wp-json\/wp\/v2\/media\/7293"}],"wp:attachment":[{"href":"https:\/\/purama.lt\/fi\/wp-json\/wp\/v2\/media?parent=7263"}],"wp:term":[{"taxonomy":"product_brand","embeddable":true,"href":"https:\/\/purama.lt\/fi\/wp-json\/wp\/v2\/product_brand?post=7263"},{"taxonomy":"product_cat","embeddable":true,"href":"https:\/\/purama.lt\/fi\/wp-json\/wp\/v2\/product_cat?post=7263"},{"taxonomy":"product_tag","embeddable":true,"href":"https:\/\/purama.lt\/fi\/wp-json\/wp\/v2\/product_tag?post=7263"}],"curies":[{"name":"wp","href":"https:\/\/api.w.org\/{rel}","templated":true}]}}