{"id":48537,"date":"2026-04-22T09:04:26","date_gmt":"2026-04-22T07:04:26","guid":{"rendered":"https:\/\/purama.lt\/produktas\/sapiens-serum-anti-chute-cheveux-plauku-slinkima-mazinantis-serumas\/"},"modified":"2026-04-23T09:32:48","modified_gmt":"2026-04-23T07:32:48","slug":"sapiens-serum-anti-chute-cheveux-plauku-slinkima-mazinantis-serumas","status":"publish","type":"product","link":"https:\/\/purama.lt\/fi\/produktas\/sapiens-serum-anti-chute-cheveux-plauku-slinkima-mazinantis-serumas\/","title":{"rendered":"SAPIENS S\u00e9rum Anti-chute cheveux hiustenl\u00e4ht\u00f6\u00e4 v\u00e4hent\u00e4v\u00e4 seerumi"},"content":{"rendered":"<p><strong>K\u00e4ytt\u00f6<\/strong><br>Piln\u0105 pipet\u0119 tepkite tiesiai ant \u0161varios, sausos galvos odos, ypa\u010d ten, kur plaukai retesni<br>\u0160velniai \u012fmasa\u017euokite sukamaisiais judesiais ir nenuplaukite<br>Naudokite kasdien, geriausia vakare po du\u0161o, ant sausos galvos odos<\/p>\n\n\n\n<p><strong>Ainesosat<\/strong><br>aqua (water), glycerin, isomalt, curcuma longa (tumeric) root extract, bioflavonoids, pisum sativum (pea) sprout extract, pentylene glycol, biotin, aloe barbadensis leaf juice powder, xanthan gum, sodium benzoate, levulinic acid, phytic acid, alcohol, sodium hyaluronate, sodium levulinate, citric acid<\/p>","protected":false},"excerpt":{"rendered":"<p data-start=\"0\" data-end=\"685\"><strong data-start=\"16\" data-end=\"55\">Sapiens \u2014 Anti-Hair Loss Hair Serum<\/strong> plauk\u0173 serumas, skirtas kasdienei galvos odos ir plauk\u0173 prie\u017ei\u016brai, kai norisi stipresni\u0173, tankesnio vaizdo plauk\u0173 ir ma\u017eesnio slinkimo poj\u016b\u010dio. Jis padeda puosel\u0117ti galvos od\u0105, suteikia plaukams stipresn\u012f ir pilnesn\u012f vaizd\u0105, neapsunkina, nepalieka riebaus poj\u016b\u010dio, tinka \u012fvairi\u0173 tip\u0173 plaukams ir yra patogiai naudojamas pipete tiesiai ant galvos odos. Formul\u0117 yra 99,4 % nat\u016bralios kilm\u0117s, be silikon\u0173, paraben\u0173 ir mineralini\u0173 aliej\u0173. Sud\u0117tyje esantys biotinas bei augaliniai ekstraktai plauk\u0173 prie\u017ei\u016broje vertinami d\u0117l plauk\u0105 kondicionuojan\u010di\u0173 ir galvos odos prie\u017ei\u016br\u0105 papildan\u010di\u0173 savybi\u0173.<\/p>\n<p data-start=\"687\" data-end=\"1048\"><strong data-start=\"687\" data-end=\"710\">Miksi valita<\/strong><br data-start=\"710\" data-end=\"713\" \/><strong data-start=\"713\" data-end=\"719\">\u2714\ufe0f<\/strong> Padeda puosel\u0117ti plaukus, kai norisi ma\u017eesnio slinkimo poj\u016b\u010dio<br data-start=\"782\" data-end=\"785\" \/><strong data-start=\"785\" data-end=\"791\">\u2714\ufe0f<\/strong> Suteikia plaukams stipresn\u012f ir tankesnio vaizdo efekt\u0105<br data-start=\"846\" data-end=\"849\" \/><strong data-start=\"849\" data-end=\"855\">\u2714\ufe0f<\/strong> Lengva formul\u0117 nepalieka riebaus poj\u016b\u010dio<br data-start=\"896\" data-end=\"899\" \/><strong data-start=\"899\" data-end=\"905\">\u2714\ufe0f<\/strong> Patogi pipet\u0117 tiksliam paskirstymui ant galvos odos<br data-start=\"957\" data-end=\"960\" \/><strong data-start=\"960\" data-end=\"966\">\u2714\ufe0f<\/strong> Be silikon\u0173, paraben\u0173 ir mineralini\u0173 aliej\u0173<\/p>","protected":false},"featured_media":48569,"comment_status":"open","ping_status":"closed","template":"","meta":{"_acf_changed":true},"product_brand":[532],"product_cat":[57,92,304],"product_tag":[],"class_list":{"0":"post-48537","1":"product","2":"type-product","3":"status-publish","4":"has-post-thumbnail","6":"product_brand-sapiens","7":"product_cat-akcijos","8":"product_cat-groziui","9":"product_cat-plaukams","11":"first","12":"instock","13":"sale","14":"shipping-taxable","15":"purchasable","16":"product-type-simple"},"acf":[],"tiered_pricing_type":"fixed","tiered_pricing_fixed_rules":[],"tiered_pricing_product_settings":{"layout":"default","base_unit_name":{"singular":null,"plural":null},"default_variation":null},"tiered_pricing_minimum_quantity":null,"tiered_pricing_roles_data":[],"tiered_pricing_percentage_rules":[],"_links":{"self":[{"href":"https:\/\/purama.lt\/fi\/wp-json\/wp\/v2\/product\/48537","targetHints":{"allow":["GET"]}}],"collection":[{"href":"https:\/\/purama.lt\/fi\/wp-json\/wp\/v2\/product"}],"about":[{"href":"https:\/\/purama.lt\/fi\/wp-json\/wp\/v2\/types\/product"}],"replies":[{"embeddable":true,"href":"https:\/\/purama.lt\/fi\/wp-json\/wp\/v2\/comments?post=48537"}],"wp:featuredmedia":[{"embeddable":true,"href":"https:\/\/purama.lt\/fi\/wp-json\/wp\/v2\/media\/48569"}],"wp:attachment":[{"href":"https:\/\/purama.lt\/fi\/wp-json\/wp\/v2\/media?parent=48537"}],"wp:term":[{"taxonomy":"product_brand","embeddable":true,"href":"https:\/\/purama.lt\/fi\/wp-json\/wp\/v2\/product_brand?post=48537"},{"taxonomy":"product_cat","embeddable":true,"href":"https:\/\/purama.lt\/fi\/wp-json\/wp\/v2\/product_cat?post=48537"},{"taxonomy":"product_tag","embeddable":true,"href":"https:\/\/purama.lt\/fi\/wp-json\/wp\/v2\/product_tag?post=48537"}],"curies":[{"name":"wp","href":"https:\/\/api.w.org\/{rel}","templated":true}]}}