{"id":48487,"date":"2026-04-21T09:24:11","date_gmt":"2026-04-21T07:24:11","guid":{"rendered":"https:\/\/purama.lt\/produktas\/sveikadienis-detoxbalansas-kapsulese\/"},"modified":"2026-04-23T10:24:19","modified_gmt":"2026-04-23T08:24:19","slug":"sveikadienis-detoxbalansas-kapsulese","status":"publish","type":"product","link":"https:\/\/purama.lt\/fi\/produktas\/sveikadienis-detoxbalansas-kapsulese\/","title":{"rendered":"Hei DetoxBalance kapseleina"},"content":{"rendered":"<p><strong>Kulutus<\/strong><br>Ota 1 kapseli 2 kertaa p\u00e4iv\u00e4ss\u00e4 vesilasillisen kanssa ennen ateriaa tai aterian yhteydess\u00e4.<br>\u00c4l\u00e4 ylit\u00e4 suositeltua vuorokausiannosta<br>Ravintolis\u00e4\u00e4 ei saa k\u00e4ytt\u00e4\u00e4 ruoan korvikkeena.<\/p>\n\n\n\n<p><strong>Ainesosat<\/strong><br>Keh\u00e4kukan siemenet (20 %), takiaisen juuret (20 %), voikukan juuret (20 %), sarviapilan siemenet (20 %), sarviapilan siemenet (20 %), kapseli (hydroksipropyylimetyyliselluloosa).<\/p>","protected":false},"excerpt":{"rendered":"<p data-start=\"0\" data-end=\"635\"><strong data-start=\"16\" data-end=\"48\">DetoxBalance<\/strong> on kasviper\u00e4inen ravintolis\u00e4 kapseleissa p\u00e4ivitt\u00e4isiin rutiineihin, kun haluat lis\u00e4\u00e4 keveytt\u00e4 ja tasapainoisia valintoja. Kaavassa yhdistyv\u00e4t <strong data-start=\"193\" data-end=\"226\">viisi kasviper\u00e4ist\u00e4 ainesosaa<\/strong> - Voikukka, takiainen, voikukka, mustikka ja sarviapila - joten tuote sopii niille, jotka etsiv\u00e4t <strong data-start=\"319\" data-end=\"339\">puhdas koostumus<\/strong>, <strong data-start=\"341\" data-end=\"369\">K\u00e4tev\u00e4t kapselimuodot<\/strong>, <strong data-start=\"371\" data-end=\"400\">kasviper\u00e4inen koostumus<\/strong>, tuki <strong data-start=\"412\" data-end=\"436\">ruoansulatuskanavan mukavuuden vuoksi<\/strong> ja <strong data-start=\"440\" data-end=\"472\">aineenvaihduntaprosessit<\/strong>. Lis\u00e4osa sopii my\u00f6s <strong data-start=\"498\" data-end=\"524\">vegaaneille ja kasvissy\u00f6jille<\/strong>, ja kun se otetaan ennen aterioita, se on helppo sis\u00e4llytt\u00e4\u00e4 p\u00e4ivitt\u00e4iseen ohjelmaan.<\/p>\n<p data-start=\"637\" data-end=\"920\"><strong data-start=\"637\" data-end=\"660\">Miksi valita<\/strong><br data-start=\"660\" data-end=\"663\" \/><strong data-start=\"663\" data-end=\"669\">\u2714\ufe0f<\/strong> Viiden kasvin yhdistelm\u00e4 p\u00e4ivitt\u00e4iseen k\u00e4ytt\u00f6\u00f6n<br data-start=\"713\" data-end=\"716\" \/><strong data-start=\"716\" data-end=\"722\">\u2714\ufe0f<\/strong> K\u00e4tev\u00e4 kapselimuoto yksinkertaista rutiinia varten<br data-start=\"762\" data-end=\"765\" \/><strong data-start=\"765\" data-end=\"771\">\u2714\ufe0f<\/strong> Puhdas kasvikoostumus<br data-start=\"794\" data-end=\"797\" \/><strong data-start=\"797\" data-end=\"803\">\u2714\ufe0f<\/strong> Sopii vegaaneille ja kasvissy\u00f6jille<br data-start=\"832\" data-end=\"835\" \/><strong data-start=\"835\" data-end=\"841\">\u2714\ufe0f<\/strong> Suunniteltu k\u00e4tev\u00e4sti ateriaa edelt\u00e4v\u00e4\u00e4n kulutukseen<\/p>","protected":false},"featured_media":48455,"comment_status":"open","ping_status":"closed","template":"","meta":{"_acf_changed":true},"product_brand":[458],"product_cat":[57,123,264,265],"product_tag":[],"class_list":{"0":"post-48487","1":"product","2":"type-product","3":"status-publish","4":"has-post-thumbnail","6":"product_brand-sveikadienis","7":"product_cat-akcijos","8":"product_cat-papildai-ilgaamziskumui","9":"product_cat-virskinimui-ir-detoksui","10":"product_cat-zarnynas-ir-mikrobioma","12":"first","13":"instock","14":"sale","15":"shipping-taxable","16":"purchasable","17":"product-type-simple"},"acf":[],"tiered_pricing_type":"fixed","tiered_pricing_fixed_rules":[],"tiered_pricing_product_settings":{"layout":"default","base_unit_name":{"singular":null,"plural":null},"default_variation":null},"tiered_pricing_minimum_quantity":null,"tiered_pricing_roles_data":[],"tiered_pricing_percentage_rules":[],"_links":{"self":[{"href":"https:\/\/purama.lt\/fi\/wp-json\/wp\/v2\/product\/48487","targetHints":{"allow":["GET"]}}],"collection":[{"href":"https:\/\/purama.lt\/fi\/wp-json\/wp\/v2\/product"}],"about":[{"href":"https:\/\/purama.lt\/fi\/wp-json\/wp\/v2\/types\/product"}],"replies":[{"embeddable":true,"href":"https:\/\/purama.lt\/fi\/wp-json\/wp\/v2\/comments?post=48487"}],"wp:featuredmedia":[{"embeddable":true,"href":"https:\/\/purama.lt\/fi\/wp-json\/wp\/v2\/media\/48455"}],"wp:attachment":[{"href":"https:\/\/purama.lt\/fi\/wp-json\/wp\/v2\/media?parent=48487"}],"wp:term":[{"taxonomy":"product_brand","embeddable":true,"href":"https:\/\/purama.lt\/fi\/wp-json\/wp\/v2\/product_brand?post=48487"},{"taxonomy":"product_cat","embeddable":true,"href":"https:\/\/purama.lt\/fi\/wp-json\/wp\/v2\/product_cat?post=48487"},{"taxonomy":"product_tag","embeddable":true,"href":"https:\/\/purama.lt\/fi\/wp-json\/wp\/v2\/product_tag?post=48487"}],"curies":[{"name":"wp","href":"https:\/\/api.w.org\/{rel}","templated":true}]}}