{"id":48483,"date":"2026-04-21T09:24:09","date_gmt":"2026-04-21T07:24:09","guid":{"rendered":"https:\/\/purama.lt\/produktas\/wild-eye-cooling-patch-vesinantis-akiu-pleistras\/"},"modified":"2026-04-21T12:30:06","modified_gmt":"2026-04-21T10:30:06","slug":"wild-eye-cooling-patch-vesinantis-akiu-pleistras","status":"publish","type":"product","link":"https:\/\/purama.lt\/fi\/produktas\/wild-eye-cooling-patch-vesinantis-akiu-pleistras\/","title":{"rendered":"WILD+ Eye Cooling Patch Viilent\u00e4v\u00e4 silm\u00e4laastari Viilent\u00e4v\u00e4 silm\u00e4laastari"},"content":{"rendered":"<p><strong>K\u00e4ytt\u00f6<\/strong><br>Atidarykite pakuot\u0119 ir u\u017ed\u0117kite pleistr\u0105 ant u\u017emerkt\u0173 aki\u0173<br>Naudokite tada, kai norisi v\u0117sinan\u010dio komforto namuose, darbe ar kelion\u0117je<br>\u0160aldyti nereikia; vadovaukit\u0117s pakuot\u0117s instrukcija.<\/p>\n\n\n\n<p><strong>Ainesosat<\/strong><br>non-woven fabric, medical hydrogel (water content &gt;60 %), medical pressure-sensitive adhesive, plastic film, release liner<\/p>\n\n\n\n<p>Reikia duomen\u0173: pilna gamintojo INCI arba visa med\u017eiag\u0173 sud\u0117tis nuo pakuot\u0117s<\/p>","protected":false},"excerpt":{"rendered":"<p data-start=\"0\" data-end=\"591\"><strong data-start=\"16\" data-end=\"45\">WILD+ \u2014 Eye Cooling Patch<\/strong> tai vienkartinis v\u0117sinantis aki\u0173 pleistras, skirtas greitam gaivos ir komforto poj\u016b\u010diui pavargusioms akims. Jis pasi\u017eymi <strong data-start=\"167\" data-end=\"198\">savaime v\u0117sinan\u010diu poveikiu<\/strong>, tod\u0117l jo nereikia laikyti \u0161aldytuve, padeda suma\u017einti <strong data-start=\"254\" data-end=\"301\">aki\u0173 nuovargio, sausumo ir paburkimo poj\u016bt\u012f<\/strong>, yra patogus tur\u0117ti namuose, darbe ar kelion\u0117je, lengvai naudojamas ir priglunda patogiau d\u0117l reguliuojamos juostel\u0117s. Hydrogelio pagrindas su <strong data-start=\"445\" data-end=\"481\">didesniu nei 60 % vandens kiekiu<\/strong> siejamas su maloniu v\u0117sos poj\u016b\u010diu ir patogesniu naudojimu aki\u0173 srityje.<\/p>\n<p data-start=\"593\" data-end=\"1073\"><strong data-start=\"593\" data-end=\"616\">Miksi valita<\/strong><br data-start=\"616\" data-end=\"619\" \/><strong data-start=\"619\" data-end=\"625\">\u2714\ufe0f<\/strong> Savaime v\u0117sinantis, tod\u0117l nereikia \u0161aldyti <br data-start=\"706\" data-end=\"709\" \/><strong data-start=\"709\" data-end=\"715\">\u2714\ufe0f<\/strong> Padeda suteikti komforto poj\u016bt\u012f pavargusioms akims <br data-start=\"804\" data-end=\"807\" \/><strong data-start=\"807\" data-end=\"813\">\u2714\ufe0f<\/strong> Hydrogelio pagrindas su &gt;60 % vandens kiekiu <br data-start=\"896\" data-end=\"899\" \/><strong data-start=\"899\" data-end=\"905\">\u2714\ufe0f<\/strong> Patogu pasiimti \u012f darb\u0105 ar kelion\u0119 <br data-start=\"978\" data-end=\"981\" \/><strong data-start=\"981\" data-end=\"987\">\u2714\ufe0f<\/strong> Reguliuojama juostel\u0117 patogesniam prigludimui<\/p>","protected":false},"featured_media":48450,"comment_status":"open","ping_status":"closed","template":"","meta":{"_acf_changed":false},"product_brand":[],"product_cat":[61],"product_tag":[],"class_list":{"0":"post-48483","1":"product","2":"type-product","3":"status-publish","4":"has-post-thumbnail","6":"product_cat-ramybei","8":"first","9":"instock","10":"shipping-taxable","11":"purchasable","12":"product-type-simple"},"acf":[],"tiered_pricing_type":"fixed","tiered_pricing_fixed_rules":[],"tiered_pricing_product_settings":{"layout":"default","base_unit_name":{"singular":null,"plural":null},"default_variation":null},"tiered_pricing_minimum_quantity":null,"tiered_pricing_roles_data":[],"tiered_pricing_percentage_rules":[],"_links":{"self":[{"href":"https:\/\/purama.lt\/fi\/wp-json\/wp\/v2\/product\/48483","targetHints":{"allow":["GET"]}}],"collection":[{"href":"https:\/\/purama.lt\/fi\/wp-json\/wp\/v2\/product"}],"about":[{"href":"https:\/\/purama.lt\/fi\/wp-json\/wp\/v2\/types\/product"}],"replies":[{"embeddable":true,"href":"https:\/\/purama.lt\/fi\/wp-json\/wp\/v2\/comments?post=48483"}],"wp:featuredmedia":[{"embeddable":true,"href":"https:\/\/purama.lt\/fi\/wp-json\/wp\/v2\/media\/48450"}],"wp:attachment":[{"href":"https:\/\/purama.lt\/fi\/wp-json\/wp\/v2\/media?parent=48483"}],"wp:term":[{"taxonomy":"product_brand","embeddable":true,"href":"https:\/\/purama.lt\/fi\/wp-json\/wp\/v2\/product_brand?post=48483"},{"taxonomy":"product_cat","embeddable":true,"href":"https:\/\/purama.lt\/fi\/wp-json\/wp\/v2\/product_cat?post=48483"},{"taxonomy":"product_tag","embeddable":true,"href":"https:\/\/purama.lt\/fi\/wp-json\/wp\/v2\/product_tag?post=48483"}],"curies":[{"name":"wp","href":"https:\/\/api.w.org\/{rel}","templated":true}]}}