{"id":48481,"date":"2026-04-21T09:24:08","date_gmt":"2026-04-21T07:24:08","guid":{"rendered":"https:\/\/purama.lt\/?post_type=product&#038;p=48481"},"modified":"2026-04-21T12:36:19","modified_gmt":"2026-04-21T10:36:19","slug":"wild-migraine-relief-cap-saldanti-kepure-migrenos-ir-galvos-skausmui-malsinti","status":"publish","type":"product","link":"https:\/\/purama.lt\/fi\/produktas\/wild-migraine-relief-cap-saldanti-kepure-migrenos-ir-galvos-skausmui-malsinti\/","title":{"rendered":"WILD+ Migreenin lievityskorkki Migreenin ja p\u00e4\u00e4ns\u00e4ryn lievitt\u00e4miseen tarkoitettu viilent\u00e4v\u00e4 korkki."},"content":{"rendered":"<p><strong>K\u00e4ytt\u00f6<\/strong><br>Prie\u0161 \u0161alt\u0105 naudojim\u0105 laikykite \u0161aldytuve nuo 30 minu\u010di\u0173 iki 2 valand\u0173, prie\u0161 \u0161ilt\u0105 naudojim\u0105 pa\u0161ildykite mikrobang\u0117je apie 40 sekund\u017ei\u0173<br>Prie\u0161 pirm\u0105 naudojim\u0105 i\u0161plaukite, nes gaminys lie\u010diasi su oda<br>Po naudojimo galima i\u0161plauti ir palikti nat\u016braliai i\u0161d\u017ei\u016bti<\/p>\n\n\n\n<p><strong>Ainesosat<\/strong><br>high polymer gel, lycra smooth fabric<\/p>","protected":false},"excerpt":{"rendered":"<p data-start=\"0\" data-end=\"625\"><strong data-start=\"16\" data-end=\"80\">WILD+ \u2014 Headache Relief Cap, Reusable Heat Cold Migraine Cap<\/strong> tai daugkartin\u0117 \u0161aldanti ir \u0161ildanti kepur\u0117, skirta patogesniam poilsiui ir komfortui, kai norisi apgaubian\u010dio v\u0117sos ar \u0161ilumos poj\u016b\u010dio galvos srityje. Ji i\u0161siskiria <strong data-start=\"247\" data-end=\"273\">pilnu galvos padengimu<\/strong>, <strong data-start=\"275\" data-end=\"299\">elastingu prigludimu<\/strong>, <strong data-start=\"301\" data-end=\"336\">\u0161velniu ir kv\u0117puojan\u010diu audiniu<\/strong>, <strong data-start=\"338\" data-end=\"364\">daugkartiniu naudojimu<\/strong> ir galimybe naudoti tiek <strong data-start=\"390\" data-end=\"400\">\u0161altai<\/strong>, molemmat <strong data-start=\"407\" data-end=\"417\">\u0161iltai<\/strong>. Kepur\u0117s forma leid\u017eia j\u0105 patraukti \u017eemiau aki\u0173 zonos, tod\u0117l ji gali pad\u0117ti sukurti tamsesn\u0119, ramesn\u0119 aplink\u0105 poilsiui, o gelio pagrindas i\u0161lieka lankstus ir at\u0161aldytas.<\/p>\n<p data-start=\"627\" data-end=\"1141\"><strong data-start=\"627\" data-end=\"650\">Miksi valita<\/strong><br data-start=\"650\" data-end=\"653\" \/><strong data-start=\"653\" data-end=\"659\">\u2714\ufe0f<\/strong> Tinka tiek \u0161altai, tiek \u0161iltai terapijai <br data-start=\"738\" data-end=\"741\" \/><strong data-start=\"741\" data-end=\"747\">\u2714\ufe0f<\/strong> Pilnai apgaubia galvos srit\u012f ir patogiai priglunda <br data-start=\"836\" data-end=\"839\" \/><strong data-start=\"839\" data-end=\"845\">\u2714\ufe0f<\/strong> Elastinga forma prisitaiko prie skirting\u0173 galvos form\u0173 <br data-start=\"938\" data-end=\"941\" \/><strong data-start=\"941\" data-end=\"947\">\u2714\ufe0f<\/strong> \u0160velni, kv\u0117puojanti ir daugkartinio naudojimo <br data-start=\"1031\" data-end=\"1034\" \/><strong data-start=\"1034\" data-end=\"1040\">\u2714\ufe0f<\/strong> Gali pad\u0117ti suma\u017einti \u0161viesos dirgikli\u0173 poveik\u012f poilsio metu<\/p>","protected":false},"featured_media":48451,"comment_status":"open","ping_status":"closed","template":"","meta":{"_acf_changed":false},"product_brand":[],"product_cat":[61],"product_tag":[],"class_list":{"0":"post-48481","1":"product","2":"type-product","3":"status-publish","4":"has-post-thumbnail","6":"product_cat-ramybei","8":"first","9":"instock","10":"shipping-taxable","11":"purchasable","12":"product-type-variable"},"acf":[],"tiered_pricing_type":"fixed","tiered_pricing_fixed_rules":[],"tiered_pricing_product_settings":{"layout":"default","base_unit_name":{"singular":null,"plural":null},"default_variation":null},"tiered_pricing_minimum_quantity":null,"tiered_pricing_roles_data":[],"tiered_pricing_percentage_rules":[],"_links":{"self":[{"href":"https:\/\/purama.lt\/fi\/wp-json\/wp\/v2\/product\/48481","targetHints":{"allow":["GET"]}}],"collection":[{"href":"https:\/\/purama.lt\/fi\/wp-json\/wp\/v2\/product"}],"about":[{"href":"https:\/\/purama.lt\/fi\/wp-json\/wp\/v2\/types\/product"}],"replies":[{"embeddable":true,"href":"https:\/\/purama.lt\/fi\/wp-json\/wp\/v2\/comments?post=48481"}],"wp:featuredmedia":[{"embeddable":true,"href":"https:\/\/purama.lt\/fi\/wp-json\/wp\/v2\/media\/48451"}],"wp:attachment":[{"href":"https:\/\/purama.lt\/fi\/wp-json\/wp\/v2\/media?parent=48481"}],"wp:term":[{"taxonomy":"product_brand","embeddable":true,"href":"https:\/\/purama.lt\/fi\/wp-json\/wp\/v2\/product_brand?post=48481"},{"taxonomy":"product_cat","embeddable":true,"href":"https:\/\/purama.lt\/fi\/wp-json\/wp\/v2\/product_cat?post=48481"},{"taxonomy":"product_tag","embeddable":true,"href":"https:\/\/purama.lt\/fi\/wp-json\/wp\/v2\/product_tag?post=48481"}],"curies":[{"name":"wp","href":"https:\/\/api.w.org\/{rel}","templated":true}]}}