{"id":47826,"date":"2026-04-08T12:51:48","date_gmt":"2026-04-08T10:51:48","guid":{"rendered":"https:\/\/purama.lt\/produktas\/cosrx-pure-fit-cica-serum-veido-serumas-su-cica-kompleksu\/"},"modified":"2026-04-08T13:16:00","modified_gmt":"2026-04-08T11:16:00","slug":"cosrx-pure-fit-cica-serum-veido-serumas-su-cica-kompleksu","status":"publish","type":"product","link":"https:\/\/purama.lt\/fi\/produktas\/cosrx-pure-fit-cica-serum-veido-serumas-su-cica-kompleksu\/","title":{"rendered":"COSRX Pure Fit Cica Serum veido serumas su CICA kompleksu"},"content":{"rendered":"<p><strong>K\u00e4ytt\u00f6<\/strong><br>Tepkite 2\u20133 la\u0161us ant \u0161varios odos prie\u0161 krem\u0105, vengdami aki\u0173 ir burnos srities<br>\u0160velniai paskirstykite ir lengvai \u012ftap\u0161nokite, kad geriau \u012fsigert\u0173<br>Naudokite ryte ir (arba) vakare pagal odos poreik\u012f<\/p>\n\n\n\n<p><strong>Ainesosat<\/strong><br>centella asiatica extract, centella asiatica leaf extract, centella asiatica root extract, butylene glycol, glycerin, 1,2-hexanediol, betaine, panthenol, hydroxyethyl acrylate\/sodium acryloyldimethyl taurate copolymer, polyglyceryl-10 laurate, polyglyceryl-10 myristate, sodium hyaluronate, allantoin, ethylhexylglycerin, xanthan gum, water, pinus pinaster bark extract, asiaticoside, asiatic acid, madecassic acid, madecassoside<\/p>","protected":false},"excerpt":{"rendered":"<p data-start=\"0\" data-end=\"613\"><strong data-start=\"16\" data-end=\"47\">COSRX \u2014 Pure Fit Cica Serum<\/strong> raminantis veido serumas, skirtas jautriai, sudirgusiai ir \u012f paraudim\u0105 linkusiai odai. Koncentruota formul\u0117 su CICA-7 kompleksu ir pu\u0161\u0173 \u017eiev\u0117s ekstraktu padeda <strong data-start=\"208\" data-end=\"225\">nuraminti od\u0105<\/strong>, <strong data-start=\"227\" data-end=\"272\">palaikyti jos apsauginio barjero komfort\u0105<\/strong>, <strong data-start=\"274\" data-end=\"309\">ma\u017einti paraudusios odos vaizd\u0105<\/strong>, <strong data-start=\"311\" data-end=\"323\">dr\u0117kinti<\/strong> ir suteikia lengv\u0105, nelipn\u0173 poj\u016bt\u012f. \u0160is serumas ypa\u010d tinka, kai oda jau\u010diasi silpnesn\u0117, jautresn\u0117 ar reaguoja \u012f aplinkos dirgiklius. Centella asiatica yra gerai i\u0161tirtas kosmetinis ingredientas, vertinamas d\u0117l savo raminam\u0173j\u0173 savybi\u0173 ir geb\u0117jimo pad\u0117ti palaikyti komforti\u0161kesn\u0119 odos b\u016bkl\u0119.<\/p>\n<p data-start=\"615\" data-end=\"878\"><strong data-start=\"615\" data-end=\"638\">Miksi valita<\/strong><br data-start=\"638\" data-end=\"641\" \/><strong data-start=\"641\" data-end=\"647\">\u2714\ufe0f<\/strong> Padeda raminti jautri\u0105 ir sudirgusi\u0105 od\u0105<br data-start=\"688\" data-end=\"691\" \/><strong data-start=\"691\" data-end=\"697\">\u2714\ufe0f<\/strong> Prisideda prie odos barjero komforto palaikymo<br data-start=\"744\" data-end=\"747\" \/><strong data-start=\"747\" data-end=\"753\">\u2714\ufe0f<\/strong> Padeda ma\u017einti paraudusios odos vaizd\u0105<br data-start=\"792\" data-end=\"795\" \/><strong data-start=\"795\" data-end=\"801\">\u2714\ufe0f<\/strong> Dr\u0117kina ir neapsunkina odos<br data-start=\"829\" data-end=\"832\" \/><strong data-start=\"832\" data-end=\"838\">\u2714\ufe0f<\/strong> Lengva, greitai susigerianti tekst\u016bra<\/p>","protected":false},"featured_media":47828,"comment_status":"open","ping_status":"closed","template":"","meta":{"_acf_changed":true},"product_brand":[418],"product_cat":[92,56,59],"product_tag":[],"class_list":{"0":"post-47826","1":"product","2":"type-product","3":"status-publish","4":"has-post-thumbnail","6":"product_brand-cosrx","7":"product_cat-groziui","8":"product_cat-veido-serumai","9":"product_cat-veidui","11":"first","12":"instock","13":"shipping-taxable","14":"purchasable","15":"product-type-simple"},"acf":[],"tiered_pricing_type":"fixed","tiered_pricing_fixed_rules":[],"tiered_pricing_product_settings":{"layout":"default","base_unit_name":{"singular":null,"plural":null},"default_variation":null},"tiered_pricing_minimum_quantity":null,"tiered_pricing_roles_data":[],"tiered_pricing_percentage_rules":[],"_links":{"self":[{"href":"https:\/\/purama.lt\/fi\/wp-json\/wp\/v2\/product\/47826","targetHints":{"allow":["GET"]}}],"collection":[{"href":"https:\/\/purama.lt\/fi\/wp-json\/wp\/v2\/product"}],"about":[{"href":"https:\/\/purama.lt\/fi\/wp-json\/wp\/v2\/types\/product"}],"replies":[{"embeddable":true,"href":"https:\/\/purama.lt\/fi\/wp-json\/wp\/v2\/comments?post=47826"}],"wp:featuredmedia":[{"embeddable":true,"href":"https:\/\/purama.lt\/fi\/wp-json\/wp\/v2\/media\/47828"}],"wp:attachment":[{"href":"https:\/\/purama.lt\/fi\/wp-json\/wp\/v2\/media?parent=47826"}],"wp:term":[{"taxonomy":"product_brand","embeddable":true,"href":"https:\/\/purama.lt\/fi\/wp-json\/wp\/v2\/product_brand?post=47826"},{"taxonomy":"product_cat","embeddable":true,"href":"https:\/\/purama.lt\/fi\/wp-json\/wp\/v2\/product_cat?post=47826"},{"taxonomy":"product_tag","embeddable":true,"href":"https:\/\/purama.lt\/fi\/wp-json\/wp\/v2\/product_tag?post=47826"}],"curies":[{"name":"wp","href":"https:\/\/api.w.org\/{rel}","templated":true}]}}