{"id":47825,"date":"2026-04-08T12:51:47","date_gmt":"2026-04-08T10:51:47","guid":{"rendered":"https:\/\/purama.lt\/produktas\/cosrx-hydrium-triple-hyaluronic-moisture-ampoule-veido-serumas\/"},"modified":"2026-04-08T13:14:41","modified_gmt":"2026-04-08T11:14:41","slug":"cosrx-hydrium-triple-hyaluronic-moisture-ampoule-veido-serumas","status":"publish","type":"product","link":"https:\/\/purama.lt\/fi\/produktas\/cosrx-hydrium-triple-hyaluronic-moisture-ampoule-veido-serumas\/","title":{"rendered":"COSRX Hydrium Triple Hyaluronic Moisture Ampoule Facial Serum -kasvoseerumi, kolminkertainen hyaluroninen kosteusampulli"},"content":{"rendered":"<p><strong>K\u00e4ytt\u00f6<\/strong><br>Tepkite 2\u20133 la\u0161us ant \u0161varios odos, vengdami aki\u0173 ir burnos srities<br>Tolygiai paskirstykite ir \u0161velniai \u012fmasa\u017euokite, kol \u012fsigers<br>Naudokite prie\u0161 krem\u0105, ryte ir (arba) vakare<\/p>\n\n\n\n<p><strong>Ainesosat<\/strong><br>water, glycerin, butylene glycol, dipropylene glycol, 1,2-hexanediol, methyl gluceth-10, sodium hyaluronate, carbomer, panthenol, tromethamine, ethylhexylglycerin, hyaluronic acid, hydrolyzed hyaluronic acid, gluconolactone, lactobionic acid<\/p>","protected":false},"excerpt":{"rendered":"<p data-start=\"0\" data-end=\"730\"><strong data-start=\"16\" data-end=\"70\">COSRX \u2014 Hydrium Triple Hyaluronic Moisture Ampoule<\/strong> intensyviai dr\u0117kinantis veido serumas, skirtas sausai, dehidratuotai ir tempimo poj\u016bt\u012f patirian\u010diai odai. Formul\u0117 su trimis hialurono r\u016bg\u0161ties formomis ir pantenoliu padeda <strong data-start=\"244\" data-end=\"270\">greitai sudr\u0117kinti od\u0105<\/strong>, <strong data-start=\"272\" data-end=\"292\">i\u0161laikyti dr\u0117gm\u0119<\/strong>, <strong data-start=\"294\" data-end=\"328\">suteikti putlesn\u0117s odos poj\u016bt\u012f<\/strong>, <strong data-start=\"330\" data-end=\"369\">ma\u017einti sausumo sukelt\u0105 diskomfort\u0105<\/strong> ja <strong data-start=\"373\" data-end=\"408\">palaikyti odos barjero komfort\u0105<\/strong>. Serumas pasi\u017eymi lengva, neapsunkinan\u010dia tekst\u016bra, tod\u0117l tinka ir tiems, kurie nori intensyvaus dr\u0117kinimo be riebaus poj\u016b\u010dio. Hialurono r\u016bg\u0161tis yra pla\u010diai naudojamas ir gerai i\u0161tirtas dr\u0117kinantis ingredientas, vertinamas d\u0117l geb\u0117jimo pritraukti ir i\u0161laikyti dr\u0117gm\u0119 odos pavir\u0161iuje.<\/p>\n<p data-start=\"732\" data-end=\"1049\"><strong data-start=\"732\" data-end=\"755\">Miksi valita<\/strong><br data-start=\"755\" data-end=\"758\" \/><strong data-start=\"758\" data-end=\"764\">\u2714\ufe0f<\/strong> Intensyviai dr\u0117kina ir padeda suma\u017einti tempimo poj\u016bt\u012f<br data-start=\"819\" data-end=\"822\" \/><strong data-start=\"822\" data-end=\"828\">\u2714\ufe0f<\/strong> Padeda palaikyti \u0161velnesn\u0117s ir putlesn\u0117s odos poj\u016bt\u012f<br data-start=\"881\" data-end=\"884\" \/><strong data-start=\"884\" data-end=\"890\">\u2714\ufe0f<\/strong> Lengva tekst\u016bra neapsunkina odos<br data-start=\"923\" data-end=\"926\" \/><strong data-start=\"926\" data-end=\"932\">\u2714\ufe0f<\/strong> Tinka sausai, dehidratuotai ir pavargusiai atrodan\u010diai odai<br data-start=\"992\" data-end=\"995\" \/><strong data-start=\"995\" data-end=\"1001\">\u2714\ufe0f<\/strong> Papildyta pantenoliu odos komfortui palaikyti<\/p>","protected":false},"featured_media":47833,"comment_status":"open","ping_status":"closed","template":"","meta":{"_acf_changed":true},"product_brand":[418],"product_cat":[92,56,59],"product_tag":[],"class_list":{"0":"post-47825","1":"product","2":"type-product","3":"status-publish","4":"has-post-thumbnail","6":"product_brand-cosrx","7":"product_cat-groziui","8":"product_cat-veido-serumai","9":"product_cat-veidui","11":"first","12":"instock","13":"shipping-taxable","14":"purchasable","15":"product-type-simple"},"acf":[],"tiered_pricing_type":"fixed","tiered_pricing_fixed_rules":[],"tiered_pricing_product_settings":{"layout":"default","base_unit_name":{"singular":null,"plural":null},"default_variation":null},"tiered_pricing_minimum_quantity":null,"tiered_pricing_roles_data":[],"tiered_pricing_percentage_rules":[],"_links":{"self":[{"href":"https:\/\/purama.lt\/fi\/wp-json\/wp\/v2\/product\/47825","targetHints":{"allow":["GET"]}}],"collection":[{"href":"https:\/\/purama.lt\/fi\/wp-json\/wp\/v2\/product"}],"about":[{"href":"https:\/\/purama.lt\/fi\/wp-json\/wp\/v2\/types\/product"}],"replies":[{"embeddable":true,"href":"https:\/\/purama.lt\/fi\/wp-json\/wp\/v2\/comments?post=47825"}],"wp:featuredmedia":[{"embeddable":true,"href":"https:\/\/purama.lt\/fi\/wp-json\/wp\/v2\/media\/47833"}],"wp:attachment":[{"href":"https:\/\/purama.lt\/fi\/wp-json\/wp\/v2\/media?parent=47825"}],"wp:term":[{"taxonomy":"product_brand","embeddable":true,"href":"https:\/\/purama.lt\/fi\/wp-json\/wp\/v2\/product_brand?post=47825"},{"taxonomy":"product_cat","embeddable":true,"href":"https:\/\/purama.lt\/fi\/wp-json\/wp\/v2\/product_cat?post=47825"},{"taxonomy":"product_tag","embeddable":true,"href":"https:\/\/purama.lt\/fi\/wp-json\/wp\/v2\/product_tag?post=47825"}],"curies":[{"name":"wp","href":"https:\/\/api.w.org\/{rel}","templated":true}]}}