{"id":47823,"date":"2026-04-08T12:51:46","date_gmt":"2026-04-08T10:51:46","guid":{"rendered":"https:\/\/purama.lt\/produktas\/cosrx-aha-7-whitehead-power-liquid-sveiciamoji-esencija-su-aha-rugstimis\/"},"modified":"2026-04-08T13:11:41","modified_gmt":"2026-04-08T11:11:41","slug":"cosrx-aha-7-whitehead-power-liquid-sveiciamoji-esencija-su-aha-rugstimis","status":"publish","type":"product","link":"https:\/\/purama.lt\/fi\/produktas\/cosrx-aha-7-whitehead-power-liquid-sveiciamoji-esencija-su-aha-rugstimis\/","title":{"rendered":"COSRX AHA 7 Whitehead Power Liquid \u0161vei\u010diamoji esencija su AHA r\u016bg\u0161timis"},"content":{"rendered":"<p><strong>K\u00e4ytt\u00f6<\/strong><br>Po prausimo sudr\u0117kinkite vatos diskel\u012f ir plonu sluoksniu paskirstykite ant odos, vengdami aki\u0173 ir burnos srities<br>Naudojant dienos metu, po to naudokite plataus spektro apsaug\u0105 nuo saul\u0117s<br>Geresniam odos komfortui prad\u0117kite nuo retesnio naudojimo pagal odos poreik\u012f<\/p>\n\n\n\n<p><strong>Ainesosat<\/strong><br>pyrus malus (apple) fruit water, butylene glycol, glycolic acid, niacinamide, sodium hydroxide, 1,2-hexanediol, panthenol, sodium hyaluronate, xanthan gum, ethyl hexanediol<\/p>","protected":false},"excerpt":{"rendered":"<p data-start=\"0\" data-end=\"734\"><strong data-start=\"16\" data-end=\"56\">COSRX \u2014 AHA 7 Whitehead Power Liquid<\/strong> \u0161vei\u010diamoji veido esencija su 7 % glikolio r\u016bg\u0161timi, skirta odos <strong data-start=\"122\" data-end=\"187\">glotnumui, skaistesnei i\u0161vaizdai ir \u0161varesniam odos pavir\u0161iui<\/strong>. Ji padeda \u0161velniai pa\u0161alinti negyvas odos l\u0105steles, ma\u017einti nelygaus reljefo ir u\u017esikim\u0161usi\u0173 por\u0173 vaizd\u0105, tod\u0117l oda atrodo lygesn\u0117 ir gyvybingesn\u0117. Formul\u0117 papildyta niacinamidu, pantenoliu ir natrio hialuronatu, tod\u0117l produktas ne tik eksfolijuoja, bet ir padeda palaikyti odos komfort\u0105. \u0160i esencija ypa\u010d tinka odai, kuri atrodo papilk\u0117jusi, \u0161iurk\u0161ti ar linkusi \u012f smulkius baltus spuogelius. Glikolio r\u016bg\u0161tis yra viena geriausiai i\u0161tirt\u0173 AHA r\u016bg\u0161\u010di\u0173, vertinama d\u0117l savo geb\u0117jimo pad\u0117ti gerinti odos tekst\u016br\u0105 ir suteikti jai skaistesn\u0119 i\u0161vaizd\u0105.<\/p>\n<p data-start=\"736\" data-end=\"1056\"><strong data-start=\"736\" data-end=\"759\">Miksi valita<\/strong><br data-start=\"759\" data-end=\"762\" \/><strong data-start=\"762\" data-end=\"768\">\u2714\ufe0f<\/strong> \u0160velniai eksfolijuoja ir glotnina odos pavir\u0161i\u0173<br data-start=\"816\" data-end=\"819\" \/><strong data-start=\"819\" data-end=\"825\">\u2714\ufe0f<\/strong> Padeda ma\u017einti balt\u0173 spuogeli\u0173 ir nelygios tekst\u016bros vaizd\u0105<br data-start=\"885\" data-end=\"888\" \/><strong data-start=\"888\" data-end=\"894\">\u2714\ufe0f<\/strong> Suteikia odai skaistesn\u0117s ir tolygesn\u0117s i\u0161vaizdos<br data-start=\"944\" data-end=\"947\" \/><strong data-start=\"947\" data-end=\"953\">\u2714\ufe0f<\/strong> Padeda pa\u0161alinti negyvas odos l\u0105steles<br data-start=\"992\" data-end=\"995\" \/><strong data-start=\"995\" data-end=\"1001\">\u2714\ufe0f<\/strong> Papildyta dr\u0117kinan\u010diais ir raminan\u010diais komponentais<\/p>","protected":false},"featured_media":47830,"comment_status":"open","ping_status":"closed","template":"","meta":{"_acf_changed":true},"product_brand":[418],"product_cat":[92,150,59],"product_tag":[],"class_list":{"0":"post-47823","1":"product","2":"type-product","3":"status-publish","4":"has-post-thumbnail","6":"product_brand-cosrx","7":"product_cat-groziui","8":"product_cat-veido-prausikliai","9":"product_cat-veidui","11":"first","12":"instock","13":"shipping-taxable","14":"purchasable","15":"product-type-simple"},"acf":[],"tiered_pricing_type":"fixed","tiered_pricing_fixed_rules":[],"tiered_pricing_product_settings":{"layout":"default","base_unit_name":{"singular":null,"plural":null},"default_variation":null},"tiered_pricing_minimum_quantity":null,"tiered_pricing_roles_data":[],"tiered_pricing_percentage_rules":[],"_links":{"self":[{"href":"https:\/\/purama.lt\/fi\/wp-json\/wp\/v2\/product\/47823","targetHints":{"allow":["GET"]}}],"collection":[{"href":"https:\/\/purama.lt\/fi\/wp-json\/wp\/v2\/product"}],"about":[{"href":"https:\/\/purama.lt\/fi\/wp-json\/wp\/v2\/types\/product"}],"replies":[{"embeddable":true,"href":"https:\/\/purama.lt\/fi\/wp-json\/wp\/v2\/comments?post=47823"}],"wp:featuredmedia":[{"embeddable":true,"href":"https:\/\/purama.lt\/fi\/wp-json\/wp\/v2\/media\/47830"}],"wp:attachment":[{"href":"https:\/\/purama.lt\/fi\/wp-json\/wp\/v2\/media?parent=47823"}],"wp:term":[{"taxonomy":"product_brand","embeddable":true,"href":"https:\/\/purama.lt\/fi\/wp-json\/wp\/v2\/product_brand?post=47823"},{"taxonomy":"product_cat","embeddable":true,"href":"https:\/\/purama.lt\/fi\/wp-json\/wp\/v2\/product_cat?post=47823"},{"taxonomy":"product_tag","embeddable":true,"href":"https:\/\/purama.lt\/fi\/wp-json\/wp\/v2\/product_tag?post=47823"}],"curies":[{"name":"wp","href":"https:\/\/api.w.org\/{rel}","templated":true}]}}