{"id":47822,"date":"2026-04-08T12:51:45","date_gmt":"2026-04-08T10:51:45","guid":{"rendered":"https:\/\/purama.lt\/produktas\/cosrx-advanced-snail-radiance-dual-essence-veido-esencija\/"},"modified":"2026-04-08T13:09:31","modified_gmt":"2026-04-08T11:09:31","slug":"cosrx-advanced-snail-radiance-dual-essence-facial-essence","status":"publish","type":"product","link":"https:\/\/purama.lt\/fi\/produktas\/cosrx-advanced-snail-radiance-dual-essence-veido-esencija\/","title":{"rendered":"COSRX Advanced Snail Radiance Dual Essence kasvojen olemus"},"content":{"rendered":"<p><strong>K\u00e4ytt\u00f6<\/strong><br>Purista oikea m\u00e4\u00e4r\u00e4, sekoita kaksi esanssia ja levit\u00e4 varovasti kasvoille.<br>Taputtele kevyesti, jotta tuote imeytyy paremmin<br>K\u00e4yt\u00e4 kasvoveden j\u00e4lkeen, ennen voidetta<\/p>\n\n\n\n<p><strong>Ainesosat<\/strong><br>etanan eritysfiltraatti, butyleeniglykoli, niasiiniamidi, 1,2-heksaanidioli, betaiini, pantenoli, vesi, glyseriini, limnanthes alba (niittysuopa) siemen\u00f6ljy, helianthus annuus (auringonkukka) siemen\u00f6ljy, allantoiini, karbomeeri, macadamia ternifolian siemen\u00f6ljy, natriumpolyakrylaatti, natriumhyaluronaatti, inuliinilauryylikarbamaatti, arginiini, argania spinosa -ydin\u00f6ljy, ksantaanikumi, natriumpinta-aktiivinen aine, etyyliheksyyliglyseriini, glutationi.<\/p>","protected":false},"excerpt":{"rendered":"<p data-start=\"0\" data-end=\"721\"><strong data-start=\"16\" data-end=\"64\">COSRX - Advanced Snail Radiance Dual Essence - etanoiden s\u00e4teily\u00e4 edist\u00e4v\u00e4 kaksoissisusuute<\/strong> iholle luotu kasvojen olemus <strong data-start=\"94\" data-end=\"151\">kosteuttaa, tekee ihon hele\u00e4ksi ja antaa joustavamman tunteen.<\/strong>. Etanan erityst\u00e4, niasiiniamidia ja glutationia sis\u00e4lt\u00e4v\u00e4 kaksoiskoostumus auttaa elvytt\u00e4m\u00e4\u00e4n v\u00e4syneen n\u00e4k\u00f6ist\u00e4 ihoa ja tekee siit\u00e4 s\u00e4teilev\u00e4mm\u00e4n, pehme\u00e4mm\u00e4n ja miellytt\u00e4v\u00e4mm\u00e4n. T\u00e4m\u00e4 uute sopii erityisesti silloin, kun iho n\u00e4ytt\u00e4\u00e4 pullealta, kuivalta tai elinvoimaa vailla olevalta. Tuote auttaa <strong data-start=\"424\" data-end=\"448\">intensiivinen kosteutus<\/strong>, <strong data-start=\"450\" data-end=\"478\">kirkastaa ihoa visuaalisesti<\/strong>, <strong data-start=\"480\" data-end=\"504\">sen sileyden parantaminen<\/strong>, <strong data-start=\"506\" data-end=\"541\">yll\u00e4pit\u00e4\u00e4 ihoesteen mukavuutta<\/strong> ja lehdet <strong data-start=\"553\" data-end=\"578\">ei tahmea, raikas tuntuma<\/strong>. Niasiiniamidi on hyvin tutkittu kosmeettinen ainesosa, jota arvostetaan sen kyvyst\u00e4 auttaa yll\u00e4pit\u00e4m\u00e4\u00e4n tasaisempaa ja hele\u00e4mp\u00e4\u00e4 ihon ulkon\u00e4k\u00f6\u00e4.<\/p>\n<p data-start=\"723\" data-end=\"1041\"><strong data-start=\"723\" data-end=\"746\">Miksi valita<\/strong><br data-start=\"746\" data-end=\"749\" \/><strong data-start=\"749\" data-end=\"755\">\u2714\ufe0f<\/strong> Kosteuttaa ihoa intensiivisesti ja antaa sille mukavuutta.<br data-start=\"801\" data-end=\"804\" \/><strong data-start=\"804\" data-end=\"810\">\u2714\ufe0f<\/strong> Auttaa antamaan vaikutelman kirkkaammasta ja elinvoimaisemmasta ihosta.<br data-start=\"867\" data-end=\"870\" \/><strong data-start=\"870\" data-end=\"876\">\u2714\ufe0f<\/strong> Vaikuttaa sile\u00e4mp\u00e4\u00e4n ja t\u00e4ytel\u00e4isemp\u00e4\u00e4n ihoon.<br data-start=\"928\" data-end=\"931\" \/><strong data-start=\"931\" data-end=\"937\">\u2714\ufe0f<\/strong> Sopii v\u00e4syneelle, kuivalle ja karhealle iholle<br data-start=\"984\" data-end=\"987\" \/><strong data-start=\"987\" data-end=\"993\">\u2714\ufe0f<\/strong> Tarttumaton, raikas koostumus p\u00e4ivitt\u00e4iseen k\u00e4ytt\u00f6\u00f6n.<\/p>","protected":false},"featured_media":47829,"comment_status":"open","ping_status":"closed","template":"","meta":{"_acf_changed":false},"product_brand":[418],"product_cat":[92,56,59],"product_tag":[],"class_list":{"0":"post-47822","1":"product","2":"type-product","3":"status-publish","4":"has-post-thumbnail","6":"product_brand-cosrx","7":"product_cat-groziui","8":"product_cat-veido-serumai","9":"product_cat-veidui","11":"first","12":"instock","13":"shipping-taxable","14":"purchasable","15":"product-type-simple"},"acf":[],"tiered_pricing_type":"fixed","tiered_pricing_fixed_rules":[],"tiered_pricing_product_settings":{"layout":"default","base_unit_name":{"singular":null,"plural":null},"default_variation":null},"tiered_pricing_minimum_quantity":null,"tiered_pricing_roles_data":[],"tiered_pricing_percentage_rules":[],"_links":{"self":[{"href":"https:\/\/purama.lt\/fi\/wp-json\/wp\/v2\/product\/47822","targetHints":{"allow":["GET"]}}],"collection":[{"href":"https:\/\/purama.lt\/fi\/wp-json\/wp\/v2\/product"}],"about":[{"href":"https:\/\/purama.lt\/fi\/wp-json\/wp\/v2\/types\/product"}],"replies":[{"embeddable":true,"href":"https:\/\/purama.lt\/fi\/wp-json\/wp\/v2\/comments?post=47822"}],"wp:featuredmedia":[{"embeddable":true,"href":"https:\/\/purama.lt\/fi\/wp-json\/wp\/v2\/media\/47829"}],"wp:attachment":[{"href":"https:\/\/purama.lt\/fi\/wp-json\/wp\/v2\/media?parent=47822"}],"wp:term":[{"taxonomy":"product_brand","embeddable":true,"href":"https:\/\/purama.lt\/fi\/wp-json\/wp\/v2\/product_brand?post=47822"},{"taxonomy":"product_cat","embeddable":true,"href":"https:\/\/purama.lt\/fi\/wp-json\/wp\/v2\/product_cat?post=47822"},{"taxonomy":"product_tag","embeddable":true,"href":"https:\/\/purama.lt\/fi\/wp-json\/wp\/v2\/product_tag?post=47822"}],"curies":[{"name":"wp","href":"https:\/\/api.w.org\/{rel}","templated":true}]}}