{"id":47015,"date":"2026-03-17T09:28:07","date_gmt":"2026-03-17T07:28:07","guid":{"rendered":"https:\/\/purama.lt\/produktas\/cosrx-two-in-one-poreless-power-liquid-poras-mazinanti-esencija\/"},"modified":"2026-04-13T16:02:14","modified_gmt":"2026-04-13T14:02:14","slug":"cosrx-two-in-one-poreless-power-nestemainen-huokosia-minimoiva-essentiaalioljy","status":"publish","type":"product","link":"https:\/\/purama.lt\/fi\/produktas\/cosrx-two-in-one-poreless-power-liquid-poras-mazinanti-esencija\/","title":{"rendered":"COSRX TWO IN ONE PORELESS POWER LIQUID huokosia minimoiva ydinvoide."},"content":{"rendered":"<p><strong>K\u00e4ytt\u00f6<\/strong><br>Pesun j\u00e4lkeen kostuta vanulappu ja pyyhk\u00e4ise varovasti kasvoille v\u00e4ltt\u00e4en silmien ja huulten aluetta.<br>Voidaan k\u00e4ytt\u00e4\u00e4 my\u00f6s lyhyen\u00e4 tonic-kompressiona iltaisin 5-10 minuutin ajan huokoisemmilla tai valkaistuilla alueilla.<br>Noudata pakkauksen ohjeita.<\/p>\n\n\n\n<p><strong>Ainesosat<\/strong><br>salix alba (pajun) kuorivesi, butyleeniglykoli, hydroksipropyylisyklodekstriini, vesi, pentyleeniglykoli, 1,2-heksaanidioli, betaiinisalisylaatti, arginiini, betaiini, peg-60 hydrattu risiini\u00f6ljy, allantoiini, pantenoli, etyyliheksyyliglyseriini, natriumhyaluronaatti, karbomeeri, cassia obtusifolian siemenuute, mentyylilaktaatti, mentha haplocalix -uute.<\/p>\n\n\n\n<p>Etsitk\u00f6 lis\u00e4\u00e4? Katso kaikki <a href=\"\/fi\/tuoteselosteet\/cosrx\/\">COSRX-valikoima<\/a>.<\/p>","protected":false},"excerpt":{"rendered":"<p data-start=\"0\" data-end=\"795\"><strong data-start=\"16\" data-end=\"60\">COSRX - Kaksi yhdess\u00e4 huokosettomassa tehonesteess\u00e4<\/strong> on kevyt koostumukseltaan olemus-tonic iholle, joka on altis altistumaan <strong data-start=\"129\" data-end=\"191\">tukkeutuneet ihohuokoset, ylim\u00e4\u00e4r\u00e4inen tali ja ep\u00e4tasainen rakenne.<\/strong>. Kaava, jossa on <strong data-start=\"204\" data-end=\"245\">88 % Valkoinen pajunkuorivesi<\/strong>, betaiinisalisylaatti, betaiini, pantenoli ja natriumhyaluronaatti auttavat. <strong data-start=\"316\" data-end=\"443\">kuorii ihoa hell\u00e4varaisesti, tasoittaa ihoa, yll\u00e4pit\u00e4\u00e4 puhtaampien huokosten ulkon\u00e4k\u00f6\u00e4, v\u00e4hent\u00e4\u00e4 rasvaisuutta ja antaa lis\u00e4\u00e4 raikkautta.<\/strong>. Se sopii erityisesti yhdistelm\u00e4-, rasvaiselle tai ongelmalliselle ihotyypille, jos haluat p\u00e4ivitt\u00e4isen hoitorutiinin, joka ei rasita ja auttaa yll\u00e4pit\u00e4m\u00e4\u00e4n sile\u00e4mp\u00e4\u00e4 ihon ulkon\u00e4k\u00f6\u00e4. White Willow Bark Water ja Betaine Salicylate ovat kosmetiikassa arvostettuja niiden hell\u00e4varaisen pintakuorinnan ja ruuhkautuneelle iholle suotuisan hoidon vuoksi.<\/p>\n<p data-start=\"797\" data-end=\"1108\"><strong data-start=\"797\" data-end=\"820\">Miksi valita<\/strong><br data-start=\"820\" data-end=\"823\" \/><strong data-start=\"823\" data-end=\"829\">\u2714\ufe0f<\/strong> Auttaa kuorimaan ja tasoittamaan ihon pintaa hell\u00e4varaisesti.<br data-start=\"882\" data-end=\"885\" \/><strong data-start=\"885\" data-end=\"891\">\u2714\ufe0f<\/strong> Edist\u00e4\u00e4 huokosten puhtaampaa ja huomaamattomampaa ulkon\u00e4k\u00f6\u00e4.<br data-start=\"951\" data-end=\"954\" \/><strong data-start=\"954\" data-end=\"960\">\u2714\ufe0f<\/strong> Tarjoaa kevyen raikkauden ja viileyden tunteen.<br data-start=\"999\" data-end=\"1002\" \/><strong data-start=\"1002\" data-end=\"1008\">\u2714\ufe0f<\/strong> Sopii rasvaiselle, sekaiholle ja ep\u00e4tasaiselle ihotyypille.<\/p>","protected":false},"featured_media":47001,"comment_status":"open","ping_status":"closed","template":"","meta":{"_acf_changed":false},"product_brand":[418],"product_cat":[57,92,56,59],"product_tag":[],"class_list":{"0":"post-47015","1":"product","2":"type-product","3":"status-publish","4":"has-post-thumbnail","6":"product_brand-cosrx","7":"product_cat-akcijos","8":"product_cat-groziui","9":"product_cat-veido-serumai","10":"product_cat-veidui","12":"first","13":"instock","14":"sale","15":"shipping-taxable","16":"purchasable","17":"product-type-simple"},"acf":[],"tiered_pricing_type":"fixed","tiered_pricing_fixed_rules":[],"tiered_pricing_product_settings":{"layout":"default","base_unit_name":{"singular":null,"plural":null},"default_variation":null},"tiered_pricing_minimum_quantity":null,"tiered_pricing_roles_data":[],"tiered_pricing_percentage_rules":[],"_links":{"self":[{"href":"https:\/\/purama.lt\/fi\/wp-json\/wp\/v2\/product\/47015","targetHints":{"allow":["GET"]}}],"collection":[{"href":"https:\/\/purama.lt\/fi\/wp-json\/wp\/v2\/product"}],"about":[{"href":"https:\/\/purama.lt\/fi\/wp-json\/wp\/v2\/types\/product"}],"replies":[{"embeddable":true,"href":"https:\/\/purama.lt\/fi\/wp-json\/wp\/v2\/comments?post=47015"}],"wp:featuredmedia":[{"embeddable":true,"href":"https:\/\/purama.lt\/fi\/wp-json\/wp\/v2\/media\/47001"}],"wp:attachment":[{"href":"https:\/\/purama.lt\/fi\/wp-json\/wp\/v2\/media?parent=47015"}],"wp:term":[{"taxonomy":"product_brand","embeddable":true,"href":"https:\/\/purama.lt\/fi\/wp-json\/wp\/v2\/product_brand?post=47015"},{"taxonomy":"product_cat","embeddable":true,"href":"https:\/\/purama.lt\/fi\/wp-json\/wp\/v2\/product_cat?post=47015"},{"taxonomy":"product_tag","embeddable":true,"href":"https:\/\/purama.lt\/fi\/wp-json\/wp\/v2\/product_tag?post=47015"}],"curies":[{"name":"wp","href":"https:\/\/api.w.org\/{rel}","templated":true}]}}