{"id":47013,"date":"2026-03-17T09:28:00","date_gmt":"2026-03-17T07:28:00","guid":{"rendered":"https:\/\/purama.lt\/produktas\/cosrx-the-6-peptide-skin-booster-serumas-su-peptidais\/"},"modified":"2026-04-13T16:03:18","modified_gmt":"2026-04-13T14:03:18","slug":"cosrx-the-6-peptide-skin-booster-seerumi-peptideja-sisaltaen","status":"publish","type":"product","link":"https:\/\/purama.lt\/fi\/produktas\/cosrx-the-6-peptide-skin-booster-serumas-su-peptidais\/","title":{"rendered":"COSRX The 6 Peptide Skin Booster -seerumi, jossa on peptidej\u00e4."},"content":{"rendered":"<p><strong>K\u00e4ytt\u00f6<\/strong><br>Pesun j\u00e4lkeen levit\u00e4 2-3 napsautusta kasvoille.<br>Hiero varovasti, kunnes se on imeytynyt, ja jatka sitten rutiinia muilla keinoin.<\/p>\n\n\n\n<p><strong>Ainesosat<\/strong><br>vesi, dipropyleeniglykoli, glyseriini, pentyleeniglykoli, 1,2-heksaanidioli, niasiiniamidi, asetyyliheksapeptidi-8, kuparitripeptidi-1, sh-polypeptidi-121, dipeptidi diaminobutyroyylibentsyyliamididiasetaatti, oligopeptidi-68, palmitoyylitripeptidi-8, allantoiini, natriumhyaluronaatti, asetyyliglukosamiini, seriini, alaniini, glysiini, treoniini, arginiini, proliini, betaiini, natriumpca, natriumlaktaatti, pca, glutamiinihappo, lysiini hcl, tokoferoli, dekstraani, glysiini soija\u00f6ljy, hydrattu lesitiini, ammoniumakryloyylidimetyylituraatti\/vp-kopolymeeri, polyakrylaatti ristipolymeeri-6, butyleeniglykoli, ksantaanikumi, etyyliheksyyliglyseriini, adenosiini, polykvaternium-51, dinatriumedta, sitruunahappo, kapryyliliglykoli, t-butyylialkoholi, kaliumsorbaatti, natriumoleaatti.<\/p>\n\n\n\n<p>Etsitk\u00f6 lis\u00e4\u00e4? Katso kaikki <a href=\"\/fi\/tuoteselosteet\/cosrx\/\">COSRX-valikoima<\/a>.<\/p>","protected":false},"excerpt":{"rendered":"<p data-start=\"0\" data-end=\"754\"><strong data-start=\"16\" data-end=\"60\">COSRX - 6 Peptidien iho Booster -seerumi<\/strong> on kevyt, tonic-tyyppinen kasvoseerumi iholle, josta puuttuu <strong data-start=\"140\" data-end=\"197\">kosteutta, sileytt\u00e4, kirkkautta ja kiinte\u00e4mp\u00e4\u00e4 ulkon\u00e4k\u00f6\u00e4.<\/strong>. Se sis\u00e4lt\u00e4\u00e4 6 peptidikompleksia, niasiiniamidia, adenosiinia, natriumhyaluronaattia ja aminohappoja, jotka auttavat pit\u00e4m\u00e4\u00e4n ihon parhaimman n\u00e4k\u00f6isen\u00e4. <strong data-start=\"313\" data-end=\"362\">sile\u00e4mpi, kimmoisampi ja kosteutetumpi.<\/strong>, sek\u00e4 valmistella sit\u00e4 rutiinin seuraaviin vaiheisiin. Sopii monenlaisille ihotyypeille, my\u00f6s herkemm\u00e4lle iholle, kun haluat yhdest\u00e4 tuotteesta p\u00e4ivitt\u00e4isen mukavuuden, pehme\u00e4mm\u00e4n rakenteen, tasaisemman ulkon\u00e4\u00f6n ja terveemm\u00e4n hehkun. Peptidej\u00e4 ja kosteuttavia aineita arvostetaan kosmetiikassa niiden kyvyn vuoksi auttaa yll\u00e4pit\u00e4m\u00e4\u00e4n ihon kosteutta ja antamaan sile\u00e4mm\u00e4n ja kiinte\u00e4mm\u00e4n ulkon\u00e4\u00f6n.<\/p>\n<p data-start=\"756\" data-end=\"1116\"><strong data-start=\"756\" data-end=\"779\">Miksi valita<\/strong><br data-start=\"779\" data-end=\"782\" \/><strong data-start=\"782\" data-end=\"788\">\u2714\ufe0f<\/strong> Auttaa kosteuttamaan ja pehment\u00e4m\u00e4\u00e4n ihoa.<br data-start=\"826\" data-end=\"829\" \/><strong data-start=\"829\" data-end=\"835\">\u2714\ufe0f<\/strong> Antaa tasaisemman ja kirkkaamman tunteen.<br data-start=\"880\" data-end=\"883\" \/><strong data-start=\"883\" data-end=\"889\">\u2714\ufe0f<\/strong> Auttaa yll\u00e4pit\u00e4m\u00e4\u00e4n kiinte\u00e4mp\u00e4\u00e4 ja kimmoisampaa ihon ulkon\u00e4k\u00f6\u00e4.<br data-start=\"947\" data-end=\"950\" \/><strong data-start=\"950\" data-end=\"956\">\u2714\ufe0f<\/strong> Sopii ensimm\u00e4iseksi vaiheeksi ennen muita seerumeita tai ampulleja.<br data-start=\"1016\" data-end=\"1019\" \/><strong data-start=\"1019\" data-end=\"1025\">\u2714\ufe0f<\/strong> Kevyt, tahmea koostumus sopii jokap\u00e4iv\u00e4iseen k\u00e4ytt\u00f6\u00f6n.<\/p>","protected":false},"featured_media":47000,"comment_status":"open","ping_status":"closed","template":"","meta":{"_acf_changed":true},"product_brand":[418],"product_cat":[57,92,56,59],"product_tag":[],"class_list":{"0":"post-47013","1":"product","2":"type-product","3":"status-publish","4":"has-post-thumbnail","6":"product_brand-cosrx","7":"product_cat-akcijos","8":"product_cat-groziui","9":"product_cat-veido-serumai","10":"product_cat-veidui","12":"first","13":"instock","14":"sale","15":"shipping-taxable","16":"purchasable","17":"product-type-simple"},"acf":[],"tiered_pricing_type":"fixed","tiered_pricing_fixed_rules":[],"tiered_pricing_product_settings":{"layout":"default","base_unit_name":{"singular":null,"plural":null},"default_variation":null},"tiered_pricing_minimum_quantity":null,"tiered_pricing_roles_data":[],"tiered_pricing_percentage_rules":[],"_links":{"self":[{"href":"https:\/\/purama.lt\/fi\/wp-json\/wp\/v2\/product\/47013","targetHints":{"allow":["GET"]}}],"collection":[{"href":"https:\/\/purama.lt\/fi\/wp-json\/wp\/v2\/product"}],"about":[{"href":"https:\/\/purama.lt\/fi\/wp-json\/wp\/v2\/types\/product"}],"replies":[{"embeddable":true,"href":"https:\/\/purama.lt\/fi\/wp-json\/wp\/v2\/comments?post=47013"}],"wp:featuredmedia":[{"embeddable":true,"href":"https:\/\/purama.lt\/fi\/wp-json\/wp\/v2\/media\/47000"}],"wp:attachment":[{"href":"https:\/\/purama.lt\/fi\/wp-json\/wp\/v2\/media?parent=47013"}],"wp:term":[{"taxonomy":"product_brand","embeddable":true,"href":"https:\/\/purama.lt\/fi\/wp-json\/wp\/v2\/product_brand?post=47013"},{"taxonomy":"product_cat","embeddable":true,"href":"https:\/\/purama.lt\/fi\/wp-json\/wp\/v2\/product_cat?post=47013"},{"taxonomy":"product_tag","embeddable":true,"href":"https:\/\/purama.lt\/fi\/wp-json\/wp\/v2\/product_tag?post=47013"}],"curies":[{"name":"wp","href":"https:\/\/api.w.org\/{rel}","templated":true}]}}