{"id":47011,"date":"2026-03-17T09:27:55","date_gmt":"2026-03-17T07:27:55","guid":{"rendered":"https:\/\/purama.lt\/produktas\/cosrx-the-vitamin-c-13-serumas-su-vitaminu-c\/"},"modified":"2026-04-13T16:03:39","modified_gmt":"2026-04-13T14:03:39","slug":"cosrx-c-vitamiini-13-seerumi-jossa-on-c-vitamiinia","status":"publish","type":"product","link":"https:\/\/purama.lt\/fi\/produktas\/cosrx-the-vitamin-c-13-serumas-su-vitaminu-c\/","title":{"rendered":"COSRX C-vitamiini 13 seerumi, jossa on C-vitamiini"},"content":{"rendered":"<p><strong>K\u00e4ytt\u00f6<\/strong><br>Levit\u00e4 muutama tippa kasvoille puhdistuksen ja kasvojenpuhdistuksen j\u00e4lkeen.<br>Levit\u00e4 ja hiero kevyesti kasvojen keskelt\u00e4 ulosp\u00e4in, kunnes se on imeytynyt.<\/p>\n\n\n\n<p><strong>Ainesosat<\/strong><br>vesi, askorbiinihappo (13%), butyleeniglykoli, dipropyleeniglykoli, trometamiini, 3-oetyyliaskorbiinihappo, pantenoli, asetyyliglukosamiini, kofeiini, natriumhyaluronaatti, natriumsulfiitti, dinatriumedta, glutationi, adenosiini, gardenia florida -hedelm\u00e4uute, allantoiini, dekstriini, skvalaani, tokotrienolit, tokoferoli, elaeis guineensis (palmu) \u00f6ljy, arginiini, niasiiniamidi, niasiiniamidi, pentyleeniglykoli, glycyrrhiza glabra (lakritsi) -juuriuute.<\/p>\n\n\n\n<p>Etsitk\u00f6 lis\u00e4\u00e4? Katso kaikki <a href=\"\/fi\/tuoteselosteet\/cosrx\/\">COSRX-valikoima<\/a>.<\/p>","protected":false},"excerpt":{"rendered":"<p data-start=\"0\" data-end=\"721\"><strong data-start=\"16\" data-end=\"50\">COSRX - C-vitamiini 13 -seerumi<\/strong> on kevyt, vesipohjainen kasvoseerumi p\u00e4ivitt\u00e4iseen k\u00e4ytt\u00f6\u00f6n, joka on suunniteltu iholle, josta puuttuu <strong data-start=\"147\" data-end=\"193\">kirkkautta, kosteutta ja tasaisempaa ulkon\u00e4k\u00f6\u00e4<\/strong>. Kaava, jossa on <strong data-start=\"206\" data-end=\"231\">13 % puhdasta C-vitamiinia<\/strong>, E-vitamiinikompleksi, hyaluronihappo, pantenoli ja allantoiini auttavat ihoa n\u00e4ytt\u00e4m\u00e4\u00e4n hyv\u00e4lt\u00e4. <strong data-start=\"320\" data-end=\"359\">kirkkaampi, sile\u00e4mpi ja raikkaampi<\/strong>, samalla kun se tarjoaa mukavuutta eik\u00e4 j\u00e4t\u00e4 tahmeutta. T\u00e4m\u00e4 seerumi sopii erityisesti pullealle, v\u00e4syneelle tai ep\u00e4tasaisen s\u00e4vyiselle iholle, kun haluat kevyemm\u00e4n C-vitamiinihoidon p\u00e4ivitt\u00e4iseen rutiiniin. C-vitamiinia arvostetaan kosmetiikassa laajalti sen antioksidanttisten ominaisuuksien vuoksi ja siksi, ett\u00e4 se auttaa yll\u00e4pit\u00e4m\u00e4\u00e4n kirkkaampaa ja tasaisempaa ihonv\u00e4ri\u00e4.<\/p>\n<p data-start=\"723\" data-end=\"1025\"><strong data-start=\"723\" data-end=\"746\">Miksi valita<\/strong><br data-start=\"746\" data-end=\"749\" \/><strong data-start=\"749\" data-end=\"755\">\u2714\ufe0f<\/strong> Sopii p\u00e4ivitt\u00e4iseen k\u00e4ytt\u00f6\u00f6n ja imeytyy nopeasti<br data-start=\"804\" data-end=\"807\" \/><strong data-start=\"807\" data-end=\"813\">\u2714\ufe0f<\/strong> Auttaa antamaan iholle kirkkaamman ja raikkaamman ulkon\u00e4\u00f6n.<br data-start=\"866\" data-end=\"869\" \/><strong data-start=\"869\" data-end=\"875\">\u2714\ufe0f<\/strong> Edist\u00e4\u00e4 tasaisempaa ihon s\u00e4vy\u00e4<br data-start=\"921\" data-end=\"924\" \/><strong data-start=\"924\" data-end=\"930\">\u2714\ufe0f<\/strong> Kosteuttaa ja tekee ihosta miellytt\u00e4v\u00e4mm\u00e4n<br data-start=\"972\" data-end=\"975\" \/><strong data-start=\"975\" data-end=\"981\">\u2714\ufe0f<\/strong> Kevyt, tahmea koostumus, joka ei paina ihoa.<\/p>","protected":false},"featured_media":46998,"comment_status":"open","ping_status":"closed","template":"","meta":{"_acf_changed":false},"product_brand":[418],"product_cat":[57,92,56,59],"product_tag":[],"class_list":{"0":"post-47011","1":"product","2":"type-product","3":"status-publish","4":"has-post-thumbnail","6":"product_brand-cosrx","7":"product_cat-akcijos","8":"product_cat-groziui","9":"product_cat-veido-serumai","10":"product_cat-veidui","12":"first","13":"instock","14":"sale","15":"shipping-taxable","16":"purchasable","17":"product-type-simple"},"acf":[],"tiered_pricing_type":"fixed","tiered_pricing_fixed_rules":[],"tiered_pricing_product_settings":{"layout":"default","base_unit_name":{"singular":null,"plural":null},"default_variation":null},"tiered_pricing_minimum_quantity":null,"tiered_pricing_roles_data":[],"tiered_pricing_percentage_rules":[],"_links":{"self":[{"href":"https:\/\/purama.lt\/fi\/wp-json\/wp\/v2\/product\/47011","targetHints":{"allow":["GET"]}}],"collection":[{"href":"https:\/\/purama.lt\/fi\/wp-json\/wp\/v2\/product"}],"about":[{"href":"https:\/\/purama.lt\/fi\/wp-json\/wp\/v2\/types\/product"}],"replies":[{"embeddable":true,"href":"https:\/\/purama.lt\/fi\/wp-json\/wp\/v2\/comments?post=47011"}],"wp:featuredmedia":[{"embeddable":true,"href":"https:\/\/purama.lt\/fi\/wp-json\/wp\/v2\/media\/46998"}],"wp:attachment":[{"href":"https:\/\/purama.lt\/fi\/wp-json\/wp\/v2\/media?parent=47011"}],"wp:term":[{"taxonomy":"product_brand","embeddable":true,"href":"https:\/\/purama.lt\/fi\/wp-json\/wp\/v2\/product_brand?post=47011"},{"taxonomy":"product_cat","embeddable":true,"href":"https:\/\/purama.lt\/fi\/wp-json\/wp\/v2\/product_cat?post=47011"},{"taxonomy":"product_tag","embeddable":true,"href":"https:\/\/purama.lt\/fi\/wp-json\/wp\/v2\/product_tag?post=47011"}],"curies":[{"name":"wp","href":"https:\/\/api.w.org\/{rel}","templated":true}]}}