{"id":47010,"date":"2026-03-17T09:27:52","date_gmt":"2026-03-17T07:27:52","guid":{"rendered":"https:\/\/purama.lt\/produktas\/cosrx-the-skin-barrier-drekinamoji-veido-dulksna\/"},"modified":"2026-04-13T16:03:54","modified_gmt":"2026-04-13T14:03:54","slug":"cosrx-the-skin-barrier-kosteuttava-kasvosumu","status":"publish","type":"product","link":"https:\/\/purama.lt\/fi\/produktas\/cosrx-the-skin-barrier-drekinamoji-veido-dulksna\/","title":{"rendered":"COSRX The Skin Barrier Kosteuttava kasvosumu"},"content":{"rendered":"<p><strong>K\u00e4ytt\u00f6<\/strong><br>Pid\u00e4 pullo noin 20 cm:n et\u00e4isyydell\u00e4 kasvoistasi.<br>Sulje silm\u00e4si ja suihkuta tasaisesti, sitten varovasti taputtele...<br>K\u00e4yt\u00e4 aina kun iho tuntuu kuivalta, tarvittaessa my\u00f6s meikin p\u00e4\u00e4lle.<\/p>\n\n\n\n<p><strong>Ainesosat<\/strong><br>aqua\/vesi, glyseriini, butyleeniglykoli, kapryyli\/kapriinitriglyseridi, hydrattu poly(c6-14 olefiini), dimetikoni, setyylietyyliheksanoaatti, hydroksipropyylibislauramidi mea, 1,2-heksaanidioli, kolesteroli, natriumpinta-aktiivinen aine, glyseryylikaprylaatti, etyyliheksyyliglyseriini, dinatriumedta, behenihappo, skvalaani, pantenoli, allantoiini, hydrattu lesitiini, ketearyylialkoholi, tokoferoli, betaiini, steariinihappo, propaanidioli, natriumpca, natriumhyaluronaatti, natriumlaktaatti, pca, seriini, alaniini, glysiini, hydrolysoitu hyaluronihappo, ceramide np, glutamiinihappo, natriumhyaluronaattiristipolymeeri, lysiini hcl, treoniini, arginiini, hyaluronihappo, keramidi ns, fytosfingosiini, keramidi ap, keramidi as, proliini, natriumasetyloidut hyaluronaatti, keramidi eop.<\/p>\n\n\n\n<p>Etsitk\u00f6 lis\u00e4\u00e4? Katso kaikki <a href=\"\/fi\/tuoteselosteet\/cosrx\/\">COSRX-valikoima<\/a>.<\/p>","protected":false},"excerpt":{"rendered":"<p data-start=\"0\" data-end=\"775\"><strong data-start=\"16\" data-end=\"71\">COSRX - The Ceramide Skin Barrier Moisturising Mist - kosteuttava sumu<\/strong> on kevyt, eritt\u00e4in hienojakoinen kasvosumu iholle, josta puuttuu <strong data-start=\"139\" data-end=\"192\">yll\u00e4pit\u00e4\u00e4 kosteutta, mukavuutta ja suojaavaa suojaa<\/strong>. Koostumus sis\u00e4lt\u00e4\u00e4 5 erilaista keramidia, kolesterolia, rasvahappoja, pantenolia, allantoiinia ja useita hyaluronihapon muotoja, jotka auttavat ihoa... <strong data-start=\"325\" data-end=\"436\">Kosteuttaa, rauhoittaa, pehment\u00e4\u00e4, v\u00e4hent\u00e4\u00e4 venytyksen tunnetta ja yll\u00e4pit\u00e4\u00e4 sile\u00e4mp\u00e4\u00e4 ja joustavampaa ulkon\u00e4k\u00f6\u00e4.<\/strong>. Se sopii kuivalle, herk\u00e4lle tai \u00e4rsytykseen taipuvaiselle iholle, levittyy nopeasti, ei j\u00e4t\u00e4 tahmeaa j\u00e4lke\u00e4 ja sit\u00e4 voidaan k\u00e4ytt\u00e4\u00e4 jopa meikin p\u00e4\u00e4lle p\u00e4iv\u00e4n aikana. Keramideja, kolesterolia ja kosteuttavia aineita arvostetaan kosmetiikassa laajalti niiden kyvyn vuoksi auttaa s\u00e4ilytt\u00e4m\u00e4\u00e4n kosteutta ja yll\u00e4pit\u00e4m\u00e4\u00e4n ihon suojaavaa toimintaa.<\/p>\n<p data-start=\"777\" data-end=\"1132\"><strong data-start=\"777\" data-end=\"800\">Miksi valita<\/strong><br data-start=\"800\" data-end=\"803\" \/><strong data-start=\"803\" data-end=\"809\">\u2714\ufe0f<\/strong> Auttaa kosteuttamaan ja elvytt\u00e4m\u00e4\u00e4n ihoa nopeasti.<br data-start=\"853\" data-end=\"856\" \/><strong data-start=\"856\" data-end=\"862\">\u2714\ufe0f<\/strong> S\u00e4ilytt\u00e4\u00e4 ihoesteen mukavuuden ja pehmeyden.<br data-start=\"904\" data-end=\"907\" \/><strong data-start=\"907\" data-end=\"913\">\u2714\ufe0f<\/strong> Sopii kuivalle, herk\u00e4lle ja venyv\u00e4lle iholle.<br data-start=\"971\" data-end=\"974\" \/><strong data-start=\"974\" data-end=\"980\">\u2714\ufe0f<\/strong> Ei j\u00e4t\u00e4 tahmeaa j\u00e4lke\u00e4 ja sit\u00e4 voidaan k\u00e4ytt\u00e4\u00e4 meikin p\u00e4\u00e4lle.<br data-start=\"1033\" data-end=\"1036\" \/><strong data-start=\"1036\" data-end=\"1042\">\u2714\ufe0f<\/strong> K\u00e4tev\u00e4 jokap\u00e4iv\u00e4iseen k\u00e4ytt\u00f6\u00f6n kotona ja p\u00e4iv\u00e4n aikana.<\/p>","protected":false},"featured_media":46996,"comment_status":"open","ping_status":"closed","template":"","meta":{"_acf_changed":true},"product_brand":[418],"product_cat":[57,92,59],"product_tag":[],"class_list":{"0":"post-47010","1":"product","2":"type-product","3":"status-publish","4":"has-post-thumbnail","6":"product_brand-cosrx","7":"product_cat-akcijos","8":"product_cat-groziui","9":"product_cat-veidui","11":"first","12":"instock","13":"sale","14":"shipping-taxable","15":"purchasable","16":"product-type-simple"},"acf":[],"tiered_pricing_type":"fixed","tiered_pricing_fixed_rules":[],"tiered_pricing_product_settings":{"layout":"default","base_unit_name":{"singular":null,"plural":null},"default_variation":null},"tiered_pricing_minimum_quantity":null,"tiered_pricing_roles_data":[],"tiered_pricing_percentage_rules":[],"_links":{"self":[{"href":"https:\/\/purama.lt\/fi\/wp-json\/wp\/v2\/product\/47010","targetHints":{"allow":["GET"]}}],"collection":[{"href":"https:\/\/purama.lt\/fi\/wp-json\/wp\/v2\/product"}],"about":[{"href":"https:\/\/purama.lt\/fi\/wp-json\/wp\/v2\/types\/product"}],"replies":[{"embeddable":true,"href":"https:\/\/purama.lt\/fi\/wp-json\/wp\/v2\/comments?post=47010"}],"wp:featuredmedia":[{"embeddable":true,"href":"https:\/\/purama.lt\/fi\/wp-json\/wp\/v2\/media\/46996"}],"wp:attachment":[{"href":"https:\/\/purama.lt\/fi\/wp-json\/wp\/v2\/media?parent=47010"}],"wp:term":[{"taxonomy":"product_brand","embeddable":true,"href":"https:\/\/purama.lt\/fi\/wp-json\/wp\/v2\/product_brand?post=47010"},{"taxonomy":"product_cat","embeddable":true,"href":"https:\/\/purama.lt\/fi\/wp-json\/wp\/v2\/product_cat?post=47010"},{"taxonomy":"product_tag","embeddable":true,"href":"https:\/\/purama.lt\/fi\/wp-json\/wp\/v2\/product_tag?post=47010"}],"curies":[{"name":"wp","href":"https:\/\/api.w.org\/{rel}","templated":true}]}}