{"id":46582,"date":"2026-03-10T09:16:10","date_gmt":"2026-03-10T07:16:10","guid":{"rendered":"https:\/\/purama.lt\/produktas\/malie-kakava-vaikams-su-kalciu-kaulams-ir-dantims\/"},"modified":"2026-03-24T11:16:10","modified_gmt":"2026-03-24T09:16:10","slug":"malie-kaakao-lapsille-kalsiumia-luustolle-ja-hampaille","status":"publish","type":"product","link":"https:\/\/purama.lt\/fi\/produktas\/malie-kakava-vaikams-su-kalciu-kaulams-ir-dantims\/","title":{"rendered":"MALIE Kaakao lapsille, kalsiumia luustolle ja hampaille."},"content":{"rendered":"<p><strong>K\u00e4ytt\u00f6<\/strong><br>Sekoita 2 ruokalusikallista kuumaan veteen, kasvisjuomaan tai maitoon. Odota 2-3 minuuttia ja nauti.<br>\u00c4l\u00e4 ylit\u00e4 suositeltua p\u00e4ivitt\u00e4ist\u00e4 saantia; saattaa sis\u00e4lt\u00e4\u00e4 pieni\u00e4 m\u00e4\u00e4ri\u00e4 maap\u00e4hkin\u00f6it\u00e4, p\u00e4hkin\u00f6it\u00e4 ja seesamia.<\/p>\n\n\n\n<p><strong>Ainesosat<\/strong><br>Luomukaakaojauhe, luomukookossokeri, kalsiumsitraatti (0,6 %).<\/p>","protected":false},"excerpt":{"rendered":"<p data-start=\"15\" data-end=\"580\"><strong data-start=\"15\" data-end=\"55\">MALIE Bio Cacao juoma kalsiumin kanssa<\/strong> - Kalsiumia sis\u00e4lt\u00e4v\u00e4 luomukaakaojuoma, joka on suunniteltu niille, jotka etsiv\u00e4t maukasta ja yksinkertaista jokap\u00e4iv\u00e4ist\u00e4 vaihtoehtoa. Siin\u00e4 on <strong data-start=\"179\" data-end=\"206\">miellytt\u00e4v\u00e4n suklaan makuinen<\/strong>, on <strong data-start=\"212\" data-end=\"236\">ilman puhdistettua sokeria<\/strong>, <strong data-start=\"238\" data-end=\"256\">sopii vegaaneille<\/strong>, on <strong data-start=\"263\" data-end=\"280\">runsaasti kuitua<\/strong> ja on <strong data-start=\"288\" data-end=\"335\">kalsiumin, magnesiumin, raudan ja sinkin l\u00e4hde.<\/strong>. Sis\u00e4lt\u00e4\u00e4 kalsiumia <strong data-start=\"361\" data-end=\"411\">auttaa yll\u00e4pit\u00e4m\u00e4\u00e4n normaaleja luita ja hampaita<\/strong>. T\u00e4m\u00e4 juoma edist\u00e4\u00e4 my\u00f6s <strong data-start=\"449\" data-end=\"496\">lihasten ja hermoston normaali toiminta<\/strong>. Kalsium on hyvin tutkittu kivenn\u00e4isaine, joka on t\u00e4rke\u00e4 luuston ja hampaiden p\u00e4ivitt\u00e4isess\u00e4 yll\u00e4pidossa. <strong data-start=\"582\" data-end=\"605\">Miksi valita <\/strong><strong data-start=\"607\" data-end=\"613\">\u2714\ufe0f<\/strong> Luomukaakaojuoma, jossa on miellytt\u00e4v\u00e4 suklaan maku.<br data-start=\"668\" data-end=\"671\" \/><strong data-start=\"671\" data-end=\"677\">\u2714\ufe0f<\/strong> Ilman puhdistettua sokeria<br data-start=\"698\" data-end=\"701\" \/><strong data-start=\"701\" data-end=\"707\">\u2714\ufe0f<\/strong> Sopii vegaaneille<br data-start=\"722\" data-end=\"725\" \/><strong data-start=\"725\" data-end=\"731\">\u2714\ufe0f<\/strong> Korkea kuitupitoisuus<br data-start=\"745\" data-end=\"748\" \/><strong data-start=\"748\" data-end=\"754\" data-is-only-node=\"\">\u2714\ufe0f<\/strong> Kalsiumin, magnesiumin, raudan ja sinkin l\u00e4hde.<\/p>","protected":false},"featured_media":46584,"comment_status":"open","ping_status":"closed","template":"","meta":{"_acf_changed":false},"product_brand":[],"product_cat":[60,165,279,280,123,298],"product_tag":[],"class_list":{"0":"post-46582","1":"product","2":"type-product","3":"status-publish","4":"has-post-thumbnail","6":"product_cat-mitybai","7":"product_cat-gerimai","8":"product_cat-kaulams-ir-sanariams","9":"product_cat-kaulu-stiprinimas","10":"product_cat-papildai-ilgaamziskumui","11":"product_cat-sveikas-maistas","13":"first","14":"instock","15":"shipping-taxable","16":"purchasable","17":"product-type-simple"},"acf":[],"tiered_pricing_type":"fixed","tiered_pricing_fixed_rules":[],"tiered_pricing_product_settings":{"layout":"default","base_unit_name":{"singular":null,"plural":null},"default_variation":null},"tiered_pricing_minimum_quantity":null,"tiered_pricing_roles_data":[],"tiered_pricing_percentage_rules":[],"_links":{"self":[{"href":"https:\/\/purama.lt\/fi\/wp-json\/wp\/v2\/product\/46582","targetHints":{"allow":["GET"]}}],"collection":[{"href":"https:\/\/purama.lt\/fi\/wp-json\/wp\/v2\/product"}],"about":[{"href":"https:\/\/purama.lt\/fi\/wp-json\/wp\/v2\/types\/product"}],"replies":[{"embeddable":true,"href":"https:\/\/purama.lt\/fi\/wp-json\/wp\/v2\/comments?post=46582"}],"wp:featuredmedia":[{"embeddable":true,"href":"https:\/\/purama.lt\/fi\/wp-json\/wp\/v2\/media\/46584"}],"wp:attachment":[{"href":"https:\/\/purama.lt\/fi\/wp-json\/wp\/v2\/media?parent=46582"}],"wp:term":[{"taxonomy":"product_brand","embeddable":true,"href":"https:\/\/purama.lt\/fi\/wp-json\/wp\/v2\/product_brand?post=46582"},{"taxonomy":"product_cat","embeddable":true,"href":"https:\/\/purama.lt\/fi\/wp-json\/wp\/v2\/product_cat?post=46582"},{"taxonomy":"product_tag","embeddable":true,"href":"https:\/\/purama.lt\/fi\/wp-json\/wp\/v2\/product_tag?post=46582"}],"curies":[{"name":"wp","href":"https:\/\/api.w.org\/{rel}","templated":true}]}}