{"id":46581,"date":"2026-03-10T09:16:07","date_gmt":"2026-03-10T07:16:07","guid":{"rendered":"https:\/\/purama.lt\/produktas\/malie-kalcis-kaulams-dantims-raumenims-ir-imuninei-sistemai-vaikams\/"},"modified":"2026-03-24T11:16:16","modified_gmt":"2026-03-24T09:16:16","slug":"malie-kalsium-luille-hampaille-lihaksille-ja-lasten-immuunijarjestelmalle","status":"publish","type":"product","link":"https:\/\/purama.lt\/fi\/produktas\/malie-kalcis-kaulams-dantims-raumenims-ir-imuninei-sistemai-vaikams\/","title":{"rendered":"MALIE Kalsium lasten luustolle, hampaille, lihaksille ja immuunij\u00e4rjestelm\u00e4lle."},"content":{"rendered":"<p><strong>Kulutus<\/strong><br>Sekoita 1 mittalusikallinen (5g) lasilliseen vett\u00e4 ja juo.<br>Ei sovellu alle 4-vuotiaille lapsille<br>\u00c4l\u00e4 ylit\u00e4 suositeltua p\u00e4ivitt\u00e4ist\u00e4 saantia; ravintolis\u00e4 ei korvaa t\u00e4ydellist\u00e4 ja tasapainoista ruokavaliota.<\/p>\n\n\n\n<p><strong>Ainesosat<\/strong><br>kalsiumsitraatti, akaasia, luonnollinen appelsiiniaromi, stabilointiaine: selluloosajauhe, makeutusaine: stevian stevioliglykosidit.<\/p>","protected":false},"excerpt":{"rendered":"<p data-start=\"15\" data-end=\"550\"><strong data-start=\"15\" data-end=\"34\">MALIE Kalsium<\/strong> - on jauhemainen kalsiumlis\u00e4 4-vuotiaille ja sit\u00e4 vanhemmille lapsille, joka auttaa antamaan p\u00e4ivitt\u00e4in t\u00e4ydennyst\u00e4 t\u00e4rke\u00e4\u00e4n kivenn\u00e4isaineeseen. Sit\u00e4 on saatavilla osoitteessa <strong data-start=\"152\" data-end=\"202\">auttaa yll\u00e4pit\u00e4m\u00e4\u00e4n normaaleja luita ja hampaita<\/strong>, <strong data-start=\"204\" data-end=\"250\">edist\u00e4\u00e4 lihasten normaalia toimintaa<\/strong>, <strong data-start=\"252\" data-end=\"278\">hermoston toiminta<\/strong> ja <strong data-start=\"282\" data-end=\"315\">normaali energia-aineenvaihdunta<\/strong>. Ei sis\u00e4ll\u00e4 sokeria, s\u00e4il\u00f6nt\u00e4aineita, keinotekoisia aromeja tai v\u00e4riaineita. Kalsium on hyvin tutkittu kivenn\u00e4isaine, joka on t\u00e4rke\u00e4 luustolle, hampaille ja kasvavan elimist\u00f6n p\u00e4ivitt\u00e4isille elintoiminnoille.<\/p>\n<p data-start=\"552\" data-end=\"575\"><strong data-start=\"552\" data-end=\"575\">Miksi valita <\/strong><strong data-start=\"577\" data-end=\"583\">\u2714\ufe0f<\/strong> Auttaa yll\u00e4pit\u00e4m\u00e4\u00e4n normaaleja luita ja hampaita <br data-start=\"668\" data-end=\"671\" \/><strong data-start=\"671\" data-end=\"677\">\u2714\ufe0f<\/strong> Edist\u00e4\u00e4 lihasten normaalia toimintaa <br data-start=\"758\" data-end=\"761\" \/><strong data-start=\"761\" data-end=\"767\">\u2714\ufe0f<\/strong> Edist\u00e4\u00e4 hermoston normaalia toimintaa. <br data-start=\"853\" data-end=\"856\" \/><strong data-start=\"856\" data-end=\"862\">\u2714\ufe0f<\/strong> Edist\u00e4\u00e4 normaalia energia-aineenvaihduntaa <br data-start=\"945\" data-end=\"948\" \/><strong data-start=\"948\" data-end=\"954\">\u2714\ufe0f<\/strong> Ei sis\u00e4ll\u00e4 sokeria, s\u00e4il\u00f6nt\u00e4aineita, keinotekoisia maku- ja v\u00e4riaineita.<\/p>","protected":false},"featured_media":46585,"comment_status":"open","ping_status":"closed","template":"","meta":{"_acf_changed":false},"product_brand":[],"product_cat":[123,253,252,279,280,281],"product_tag":[],"class_list":{"0":"post-46581","1":"product","2":"type-product","3":"status-publish","4":"has-post-thumbnail","6":"product_cat-papildai-ilgaamziskumui","7":"product_cat-imuniteto-palaikymas","8":"product_cat-imunitetui","9":"product_cat-kaulams-ir-sanariams","10":"product_cat-kaulu-stiprinimas","11":"product_cat-raumenu-palaikymas","13":"first","14":"instock","15":"shipping-taxable","16":"purchasable","17":"product-type-simple"},"acf":[],"tiered_pricing_type":"fixed","tiered_pricing_fixed_rules":[],"tiered_pricing_product_settings":{"layout":"default","base_unit_name":{"singular":null,"plural":null},"default_variation":null},"tiered_pricing_minimum_quantity":null,"tiered_pricing_roles_data":[],"tiered_pricing_percentage_rules":[],"_links":{"self":[{"href":"https:\/\/purama.lt\/fi\/wp-json\/wp\/v2\/product\/46581","targetHints":{"allow":["GET"]}}],"collection":[{"href":"https:\/\/purama.lt\/fi\/wp-json\/wp\/v2\/product"}],"about":[{"href":"https:\/\/purama.lt\/fi\/wp-json\/wp\/v2\/types\/product"}],"replies":[{"embeddable":true,"href":"https:\/\/purama.lt\/fi\/wp-json\/wp\/v2\/comments?post=46581"}],"wp:featuredmedia":[{"embeddable":true,"href":"https:\/\/purama.lt\/fi\/wp-json\/wp\/v2\/media\/46585"}],"wp:attachment":[{"href":"https:\/\/purama.lt\/fi\/wp-json\/wp\/v2\/media?parent=46581"}],"wp:term":[{"taxonomy":"product_brand","embeddable":true,"href":"https:\/\/purama.lt\/fi\/wp-json\/wp\/v2\/product_brand?post=46581"},{"taxonomy":"product_cat","embeddable":true,"href":"https:\/\/purama.lt\/fi\/wp-json\/wp\/v2\/product_cat?post=46581"},{"taxonomy":"product_tag","embeddable":true,"href":"https:\/\/purama.lt\/fi\/wp-json\/wp\/v2\/product_tag?post=46581"}],"curies":[{"name":"wp","href":"https:\/\/api.w.org\/{rel}","templated":true}]}}