{"id":46580,"date":"2026-03-10T09:16:05","date_gmt":"2026-03-10T07:16:05","guid":{"rendered":"https:\/\/purama.lt\/produktas\/malie-vitaminas-d3-kaulams-dantims-raumenims-ir-imuninei-sistemai-vaikams\/"},"modified":"2026-03-24T11:16:23","modified_gmt":"2026-03-24T09:16:23","slug":"malie-d3-vitamiini-luiden-hampaiden-lihasten-ja-immuunijarjestelman-hoitoon-lapsilla","status":"publish","type":"product","link":"https:\/\/purama.lt\/fi\/produktas\/malie-vitaminas-d3-kaulams-dantims-raumenims-ir-imuninei-sistemai-vaikams\/","title":{"rendered":"MALIE D3-vitamiini lasten luustolle, hampaille, lihaksille ja immuunij\u00e4rjestelm\u00e4lle."},"content":{"rendered":"<p><strong>Kulutus<\/strong><br>Sekoita 1 mittalusikallinen (5g) lasilliseen vett\u00e4 ja juo.<br>Ei sovellu alle 4-vuotiaille lapsille<br>\u00c4l\u00e4 ylit\u00e4 suositeltua p\u00e4ivitt\u00e4ist\u00e4 saantia; ravintolis\u00e4 ei korvaa t\u00e4ydellist\u00e4 ja tasapainoista ruokavaliota.<\/p>\n\n\n\n<p><strong>Ainesosat<\/strong><br>akaasia, luonnollinen mansikka-aromi, stabilointiaine: selluloosajauhe, luonnollinen punajuuriv\u00e4ri, makeutusaine: stevian stevioliglykosidit, d3-vitamiini (kolekalsiferoli).<\/p>\n\n\n\n<p><\/p>","protected":false},"excerpt":{"rendered":"<p data-start=\"15\" data-end=\"643\"><strong data-start=\"15\" data-end=\"37\">MALIE D3-vitamiini<\/strong> - herkullinen mansikanmakuinen D3-vitamiinijuoma 4-vuotiaille lapsille p\u00e4ivitt\u00e4iseen k\u00e4ytt\u00f6\u00f6n. Se <strong data-start=\"132\" data-end=\"186\">auttaa yll\u00e4pit\u00e4m\u00e4\u00e4n normaalia immuunij\u00e4rjestelm\u00e4n toimintaa<\/strong>, <strong data-start=\"188\" data-end=\"238\">auttaa yll\u00e4pit\u00e4m\u00e4\u00e4n normaaleja luita ja hampaita<\/strong>, edist\u00e4\u00e4 <strong data-start=\"255\" data-end=\"298\">kalsiumin ja fosforin normaali imeytyminen<\/strong>, <strong data-start=\"300\" data-end=\"331\">normaali lihastoiminta<\/strong> ja <strong data-start=\"335\" data-end=\"378\">normaalit solunjakautumistoiminnot<\/strong>. Sokeriton koostumus ei sis\u00e4ll\u00e4 s\u00e4il\u00f6nt\u00e4aineita, keinotekoisia maku- ja v\u00e4riaineita, joten se on k\u00e4tev\u00e4 ja turvallinen valinta jokap\u00e4iv\u00e4iseen k\u00e4ytt\u00f6\u00f6n. D3-vitamiini on hyvin tutkittu vitamiini, joka on t\u00e4rke\u00e4 kalsiumaineenvaihdunnalle ja luuston normaalille terveydelle. <strong data-start=\"645\" data-end=\"668\">Miksi valita <\/strong><strong data-start=\"670\" data-end=\"676\">\u2714\ufe0f<\/strong> Miellytt\u00e4v\u00e4 mansikan maku helpottaa nauttimista. <br data-start=\"760\" data-end=\"763\" \/><strong data-start=\"763\" data-end=\"769\">\u2714\ufe0f<\/strong> Auttaa yll\u00e4pit\u00e4m\u00e4\u00e4n immuunij\u00e4rjestelm\u00e4n normaalia toimintaa <br data-start=\"858\" data-end=\"861\" \/><strong data-start=\"861\" data-end=\"867\">\u2714\ufe0f<\/strong> Auttaa yll\u00e4pit\u00e4m\u00e4\u00e4n normaaleja luita, hampaita ja lihaksia. <br data-start=\"961\" data-end=\"964\" \/><strong data-start=\"964\" data-end=\"970\">\u2714\ufe0f<\/strong> Edist\u00e4\u00e4 kalsiumin ja fosforin normaalia imeytymist\u00e4. <br data-start=\"1063\" data-end=\"1066\" \/><strong data-start=\"1066\" data-end=\"1072\">\u2714\ufe0f<\/strong> Ei sis\u00e4ll\u00e4 sokeria, s\u00e4il\u00f6nt\u00e4aineita, keinotekoisia maku- ja v\u00e4riaineita.<\/p>","protected":false},"featured_media":46586,"comment_status":"open","ping_status":"closed","template":"","meta":{"_acf_changed":false},"product_brand":[],"product_cat":[123,253,252,279,280,281],"product_tag":[],"class_list":{"0":"post-46580","1":"product","2":"type-product","3":"status-publish","4":"has-post-thumbnail","6":"product_cat-papildai-ilgaamziskumui","7":"product_cat-imuniteto-palaikymas","8":"product_cat-imunitetui","9":"product_cat-kaulams-ir-sanariams","10":"product_cat-kaulu-stiprinimas","11":"product_cat-raumenu-palaikymas","13":"first","14":"instock","15":"shipping-taxable","16":"purchasable","17":"product-type-simple"},"acf":[],"tiered_pricing_type":"fixed","tiered_pricing_fixed_rules":[],"tiered_pricing_product_settings":{"layout":"default","base_unit_name":{"singular":null,"plural":null},"default_variation":null},"tiered_pricing_minimum_quantity":null,"tiered_pricing_roles_data":[],"tiered_pricing_percentage_rules":[],"_links":{"self":[{"href":"https:\/\/purama.lt\/fi\/wp-json\/wp\/v2\/product\/46580","targetHints":{"allow":["GET"]}}],"collection":[{"href":"https:\/\/purama.lt\/fi\/wp-json\/wp\/v2\/product"}],"about":[{"href":"https:\/\/purama.lt\/fi\/wp-json\/wp\/v2\/types\/product"}],"replies":[{"embeddable":true,"href":"https:\/\/purama.lt\/fi\/wp-json\/wp\/v2\/comments?post=46580"}],"wp:featuredmedia":[{"embeddable":true,"href":"https:\/\/purama.lt\/fi\/wp-json\/wp\/v2\/media\/46586"}],"wp:attachment":[{"href":"https:\/\/purama.lt\/fi\/wp-json\/wp\/v2\/media?parent=46580"}],"wp:term":[{"taxonomy":"product_brand","embeddable":true,"href":"https:\/\/purama.lt\/fi\/wp-json\/wp\/v2\/product_brand?post=46580"},{"taxonomy":"product_cat","embeddable":true,"href":"https:\/\/purama.lt\/fi\/wp-json\/wp\/v2\/product_cat?post=46580"},{"taxonomy":"product_tag","embeddable":true,"href":"https:\/\/purama.lt\/fi\/wp-json\/wp\/v2\/product_tag?post=46580"}],"curies":[{"name":"wp","href":"https:\/\/api.w.org\/{rel}","templated":true}]}}