{"id":46579,"date":"2026-03-10T09:16:02","date_gmt":"2026-03-10T07:16:02","guid":{"rendered":"https:\/\/purama.lt\/produktas\/malie-vitaminas-c-imuninei-sistemai-vaikams\/"},"modified":"2026-03-24T11:16:28","modified_gmt":"2026-03-24T09:16:28","slug":"malie-c-vitamiini-lasten-immuunijarjestelmaa-varten","status":"publish","type":"product","link":"https:\/\/purama.lt\/fi\/produktas\/malie-vitaminas-c-imuninei-sistemai-vaikams\/","title":{"rendered":"MALIE C-vitamiini lasten immuunij\u00e4rjestelm\u00e4\u00e4 varten"},"content":{"rendered":"<p><strong>Kulutus<\/strong><br>Sekoita 1 mittalusikallinen (5g) lasilliseen vett\u00e4 ja juo.<br>Ei sovellu alle 4-vuotiaille lapsille<br>\u00c4l\u00e4 ylit\u00e4 suositeltua p\u00e4ivitt\u00e4ist\u00e4 saantia; ravintolis\u00e4 ei korvaa t\u00e4ydellist\u00e4 ja tasapainoista ruokavaliota.<\/p>\n\n\n\n<p><strong>Ainesosat<\/strong><br>akaasia, luonnollinen sitruuna-aromi (4%), stabilointiaine: selluloosajauhe, c-vitamiini (askorbiinihappo), makeutusaine: stevian stevioliglykosidit.<\/p>","protected":false},"excerpt":{"rendered":"<p data-start=\"15\" data-end=\"633\"><strong data-start=\"15\" data-end=\"36\">MALIE C-vitamiini<\/strong> - herkullinen sitruunalla maustettu C-vitamiinijuoma 4-vuotiaille lapsille p\u00e4ivitt\u00e4iseen kehon tukemiseen. Se <strong data-start=\"144\" data-end=\"198\">edist\u00e4\u00e4 immuunij\u00e4rjestelm\u00e4n normaalia toimintaa.<\/strong>, <strong data-start=\"200\" data-end=\"236\">hermoston normaali toiminta<\/strong> ja <strong data-start=\"240\" data-end=\"273\">normaali energia-aineenvaihdunta<\/strong>, auttaa <strong data-start=\"282\" data-end=\"327\">suojaavat soluja hapettumisstressilt\u00e4<\/strong> ja <strong data-start=\"332\" data-end=\"373\">parantaa muun kuin hemiraudan imeytymist\u00e4.<\/strong>. Kaava ei sis\u00e4ll\u00e4 lis\u00e4tty\u00e4 sokeria, s\u00e4il\u00f6nt\u00e4aineita, keinotekoisia maku- ja v\u00e4riaineita, joten se on k\u00e4tev\u00e4 ja turvallinen valinta jokap\u00e4iv\u00e4iseen k\u00e4ytt\u00f6\u00f6n. C-vitamiini on hyvin tutkittu antioksidantti, jota arvostetaan sen roolista elimist\u00f6n normaalissa suojautumisessa ja energia-aineenvaihdunnassa. <strong data-start=\"635\" data-end=\"658\">Miksi valita <\/strong><strong data-start=\"660\" data-end=\"666\">\u2714\ufe0f<\/strong> Miellytt\u00e4v\u00e4 limonadin maku helpottaa kulutusta<br data-start=\"713\" data-end=\"716\" \/><strong data-start=\"716\" data-end=\"722\">\u2714\ufe0f<\/strong> Edist\u00e4\u00e4 immuunij\u00e4rjestelm\u00e4n normaalia toimintaa.<br data-start=\"773\" data-end=\"776\" \/><strong data-start=\"776\" data-end=\"782\">\u2714\ufe0f<\/strong> Edist\u00e4\u00e4 hermoston normaalia toimintaa ja energia-aineenvaihduntaa.<br data-start=\"853\" data-end=\"856\" \/><strong data-start=\"856\" data-end=\"862\">\u2714\ufe0f<\/strong> Auttaa suojaamaan soluja hapettumisstressilt\u00e4<br data-start=\"911\" data-end=\"914\" \/><strong data-start=\"914\" data-end=\"920\" data-is-only-node=\"\">\u2714\ufe0f<\/strong> Ei sis\u00e4ll\u00e4 lis\u00e4tty\u00e4 sokeria, s\u00e4il\u00f6nt\u00e4aineita, keinotekoisia maku- ja v\u00e4riaineita.<\/p>","protected":false},"featured_media":46583,"comment_status":"open","ping_status":"closed","template":"","meta":{"_acf_changed":false},"product_brand":[],"product_cat":[123,253,252],"product_tag":[],"class_list":{"0":"post-46579","1":"product","2":"type-product","3":"status-publish","4":"has-post-thumbnail","6":"product_cat-papildai-ilgaamziskumui","7":"product_cat-imuniteto-palaikymas","8":"product_cat-imunitetui","10":"first","11":"instock","12":"shipping-taxable","13":"purchasable","14":"product-type-simple"},"acf":[],"tiered_pricing_type":"fixed","tiered_pricing_fixed_rules":[],"tiered_pricing_product_settings":{"layout":"default","base_unit_name":{"singular":null,"plural":null},"default_variation":null},"tiered_pricing_minimum_quantity":null,"tiered_pricing_roles_data":[],"tiered_pricing_percentage_rules":[],"_links":{"self":[{"href":"https:\/\/purama.lt\/fi\/wp-json\/wp\/v2\/product\/46579","targetHints":{"allow":["GET"]}}],"collection":[{"href":"https:\/\/purama.lt\/fi\/wp-json\/wp\/v2\/product"}],"about":[{"href":"https:\/\/purama.lt\/fi\/wp-json\/wp\/v2\/types\/product"}],"replies":[{"embeddable":true,"href":"https:\/\/purama.lt\/fi\/wp-json\/wp\/v2\/comments?post=46579"}],"wp:featuredmedia":[{"embeddable":true,"href":"https:\/\/purama.lt\/fi\/wp-json\/wp\/v2\/media\/46583"}],"wp:attachment":[{"href":"https:\/\/purama.lt\/fi\/wp-json\/wp\/v2\/media?parent=46579"}],"wp:term":[{"taxonomy":"product_brand","embeddable":true,"href":"https:\/\/purama.lt\/fi\/wp-json\/wp\/v2\/product_brand?post=46579"},{"taxonomy":"product_cat","embeddable":true,"href":"https:\/\/purama.lt\/fi\/wp-json\/wp\/v2\/product_cat?post=46579"},{"taxonomy":"product_tag","embeddable":true,"href":"https:\/\/purama.lt\/fi\/wp-json\/wp\/v2\/product_tag?post=46579"}],"curies":[{"name":"wp","href":"https:\/\/api.w.org\/{rel}","templated":true}]}}