{"id":46446,"date":"2026-03-03T13:19:24","date_gmt":"2026-03-03T11:19:24","guid":{"rendered":"https:\/\/purama.lt\/produktas\/zinzino-testas-omega-3-profiliui-nustatyti\/"},"modified":"2026-03-24T17:18:45","modified_gmt":"2026-03-24T15:18:45","slug":"omega-3-profiilin-zinzin-testi","status":"publish","type":"product","link":"https:\/\/purama.lt\/fi\/produktas\/zinzino-testas-omega-3-profiliui-nustatyti\/","title":{"rendered":"Sinkki BalanceTest Omega-3-testi"},"content":{"rendered":"<p><strong>K\u00e4ytt\u00f6<\/strong><br>Pistele sormeen ohjeiden mukaisesti ja ota verta testikorttiin.<br>Anna n\u00e4ytteen kuivua ja l\u00e4het\u00e4 se mukana toimitetussa kirjekuoressa.<br>Noudata pakkauksen ohjeita.<\/p>\n\n\n\n<p><strong>Ainesosat<\/strong><br>testipakkaus (n\u00e4ytekortti, lansetti, desinfiointipyyhe, palautuskuori).<\/p>","protected":false},"excerpt":{"rendered":"<p data-start=\"96\" data-end=\"574\"><strong>Zinzino BalanceTest:<\/strong> kotitesti, joka tehd\u00e4\u00e4n kuivattua verta sis\u00e4lt\u00e4v\u00e4ll\u00e4 pisaralla ja jolla m\u00e4\u00e4ritet\u00e4\u00e4n omega-6- ja omega-3-rasvahappojen suhde elimist\u00f6ss\u00e4. Testin avulla voit arvioida yksil\u00f6llist\u00e4 rasvahappoprofiiliasi ja saada selke\u00e4n kuvan kehon tasapainosta. N\u00e4yte ker\u00e4t\u00e4\u00e4n yksinkertaisella sormenpistolla ja l\u00e4hetet\u00e4\u00e4n sitten akkreditoituun laboratorioon analysoitavaksi. Tulosten perusteella voidaan tehd\u00e4 tietoon perustuvia p\u00e4\u00e4t\u00f6ksi\u00e4 ruokavaliosta tai lis\u00e4ravinteista.<\/p>\n<p data-start=\"576\" data-end=\"788\"><strong data-start=\"576\" data-end=\"599\">Miksi valita<\/strong><br data-start=\"599\" data-end=\"602\" \/><strong data-start=\"602\" data-end=\"608\">\u2714\ufe0f<\/strong> M\u00e4\u00e4ritt\u00e4\u00e4 omega-6:n ja omega-3:n suhteen.<br data-start=\"643\" data-end=\"646\" \/><strong data-start=\"646\" data-end=\"652\">\u2714\ufe0f<\/strong> K\u00e4tev\u00e4 suorittaa kotona<br data-start=\"676\" data-end=\"679\" \/><strong data-start=\"679\" data-end=\"685\">\u2714\ufe0f<\/strong> Laboratorioanalyysi ja yksil\u00f6llinen raportti<br data-start=\"732\" data-end=\"735\" \/><strong data-start=\"735\" data-end=\"741\">\u2714\ufe0f<\/strong> Auttaa seuraamaan ruokavalion vaikutuksia ajan mittaan<\/p>","protected":false},"featured_media":46428,"comment_status":"open","ping_status":"closed","template":"","meta":{"_acf_changed":false},"product_brand":[464],"product_cat":[75,97],"product_tag":[],"class_list":{"0":"post-46446","1":"product","2":"type-product","3":"status-publish","4":"has-post-thumbnail","6":"product_brand-zinzino","7":"product_cat-sveikatos-testai","8":"product_cat-tyrimai","10":"first","11":"instock","12":"shipping-taxable","13":"purchasable","14":"product-type-simple"},"acf":[],"tiered_pricing_type":"fixed","tiered_pricing_fixed_rules":[],"tiered_pricing_product_settings":{"layout":"default","base_unit_name":{"singular":null,"plural":null},"default_variation":null},"tiered_pricing_minimum_quantity":null,"tiered_pricing_roles_data":[],"tiered_pricing_percentage_rules":[],"_links":{"self":[{"href":"https:\/\/purama.lt\/fi\/wp-json\/wp\/v2\/product\/46446","targetHints":{"allow":["GET"]}}],"collection":[{"href":"https:\/\/purama.lt\/fi\/wp-json\/wp\/v2\/product"}],"about":[{"href":"https:\/\/purama.lt\/fi\/wp-json\/wp\/v2\/types\/product"}],"replies":[{"embeddable":true,"href":"https:\/\/purama.lt\/fi\/wp-json\/wp\/v2\/comments?post=46446"}],"wp:featuredmedia":[{"embeddable":true,"href":"https:\/\/purama.lt\/fi\/wp-json\/wp\/v2\/media\/46428"}],"wp:attachment":[{"href":"https:\/\/purama.lt\/fi\/wp-json\/wp\/v2\/media?parent=46446"}],"wp:term":[{"taxonomy":"product_brand","embeddable":true,"href":"https:\/\/purama.lt\/fi\/wp-json\/wp\/v2\/product_brand?post=46446"},{"taxonomy":"product_cat","embeddable":true,"href":"https:\/\/purama.lt\/fi\/wp-json\/wp\/v2\/product_cat?post=46446"},{"taxonomy":"product_tag","embeddable":true,"href":"https:\/\/purama.lt\/fi\/wp-json\/wp\/v2\/product_tag?post=46446"}],"curies":[{"name":"wp","href":"https:\/\/api.w.org\/{rel}","templated":true}]}}