{"id":46445,"date":"2026-03-03T13:19:22","date_gmt":"2026-03-03T11:19:22","guid":{"rendered":"https:\/\/purama.lt\/produktas\/zinzino-hba1c-ilgalaikio-cukraus-lygio-kraujyje-testas\/"},"modified":"2026-03-24T17:33:01","modified_gmt":"2026-03-24T15:33:01","slug":"zinzin-hba1c-pitkaaikainen-verensokeritesti","status":"publish","type":"product","link":"https:\/\/purama.lt\/fi\/produktas\/zinzino-hba1c-ilgalaikio-cukraus-lygio-kraujyje-testas\/","title":{"rendered":"Zinzin HbA1c-testi Pitk\u00e4aikainen verensokeritesti"},"content":{"rendered":"<p><strong>K\u00e4ytt\u00f6<\/strong><br>Pist\u00e4 sormeen ohjeiden mukaisesti ja ota verta n\u00e4ytekorttiin.<br>Anna n\u00e4ytteen kuivua ja l\u00e4het\u00e4 se ilmoitettuun osoitteeseen.<br>Noudata pakkauksen ohjeita.<\/p>\n\n\n\n<p><strong>Ainesosat<\/strong><br>testipakkaus (n\u00e4ytekortti, lansetti, desinfiointipyyhe, palautuskuori).<\/p>","protected":false},"excerpt":{"rendered":"<p data-start=\"95\" data-end=\"628\"><strong>Zinzino HbA1c Test:<\/strong> tai i\u0161d\u017eiovinto kraujo la\u0161o tyrimas, skirtas \u012fvertinti vidutin\u012f gliukoz\u0117s kiek\u012f kraujyje per pastaruosius 2\u20133 m\u0117nesius. Testas atliekamas namuose, naudojant paprast\u0105 pir\u0161to d\u016brio metod\u0105, o m\u0117ginys siun\u010diamas \u012f laboratorij\u0105 analizei. HbA1c rodiklis parodo, kokia dalis hemoglobino yra susijungusi su gliukoze, tod\u0117l padeda susidaryti bendr\u0105 vaizd\u0105 apie ilgalaik\u0119 cukraus kiekio kraujyje kontrol\u0119. Tai patogus b\u016bdas steb\u0117ti savo metabolin\u0119 b\u016bkl\u0119 ir priimti pagr\u012fstus gyvenimo b\u016bdo sprendimus.<\/p>\n<p data-start=\"630\" data-end=\"827\"><strong data-start=\"630\" data-end=\"653\">Miksi valita:<\/strong><br data-start=\"653\" data-end=\"656\" \/><strong data-start=\"656\" data-end=\"662\">\u2714\ufe0f<\/strong> N\u00e4ytt\u00e4\u00e4 keskim\u00e4\u00e4r\u00e4iset glukoositasot 2-3 kuukauden ajalta.<br data-start=\"710\" data-end=\"713\" \/><strong data-start=\"713\" data-end=\"719\">\u2714\ufe0f<\/strong> K\u00e4tev\u00e4 suorittaa kotona<br data-start=\"743\" data-end=\"746\" \/><strong data-start=\"746\" data-end=\"752\">\u2714\ufe0f<\/strong> N\u00e4ytteen laboratoriotestaus<br data-start=\"784\" data-end=\"787\" \/><strong data-start=\"787\" data-end=\"793\">\u2714\ufe0f<\/strong> Selke\u00e4t ja ymm\u00e4rrett\u00e4v\u00e4t tulokset<\/p>","protected":false},"featured_media":46422,"comment_status":"open","ping_status":"closed","template":"","meta":{"_acf_changed":false},"product_brand":[464],"product_cat":[75,97],"product_tag":[],"class_list":{"0":"post-46445","1":"product","2":"type-product","3":"status-publish","4":"has-post-thumbnail","6":"product_brand-zinzino","7":"product_cat-sveikatos-testai","8":"product_cat-tyrimai","10":"first","11":"instock","12":"shipping-taxable","13":"purchasable","14":"product-type-simple"},"acf":[],"tiered_pricing_type":"fixed","tiered_pricing_fixed_rules":[],"tiered_pricing_product_settings":{"layout":"default","base_unit_name":{"singular":null,"plural":null},"default_variation":null},"tiered_pricing_minimum_quantity":null,"tiered_pricing_roles_data":[],"tiered_pricing_percentage_rules":[],"_links":{"self":[{"href":"https:\/\/purama.lt\/fi\/wp-json\/wp\/v2\/product\/46445","targetHints":{"allow":["GET"]}}],"collection":[{"href":"https:\/\/purama.lt\/fi\/wp-json\/wp\/v2\/product"}],"about":[{"href":"https:\/\/purama.lt\/fi\/wp-json\/wp\/v2\/types\/product"}],"replies":[{"embeddable":true,"href":"https:\/\/purama.lt\/fi\/wp-json\/wp\/v2\/comments?post=46445"}],"wp:featuredmedia":[{"embeddable":true,"href":"https:\/\/purama.lt\/fi\/wp-json\/wp\/v2\/media\/46422"}],"wp:attachment":[{"href":"https:\/\/purama.lt\/fi\/wp-json\/wp\/v2\/media?parent=46445"}],"wp:term":[{"taxonomy":"product_brand","embeddable":true,"href":"https:\/\/purama.lt\/fi\/wp-json\/wp\/v2\/product_brand?post=46445"},{"taxonomy":"product_cat","embeddable":true,"href":"https:\/\/purama.lt\/fi\/wp-json\/wp\/v2\/product_cat?post=46445"},{"taxonomy":"product_tag","embeddable":true,"href":"https:\/\/purama.lt\/fi\/wp-json\/wp\/v2\/product_tag?post=46445"}],"curies":[{"name":"wp","href":"https:\/\/api.w.org\/{rel}","templated":true}]}}