{"id":46444,"date":"2026-03-03T13:19:21","date_gmt":"2026-03-03T11:19:21","guid":{"rendered":"https:\/\/purama.lt\/produktas\/zinzino-skin-serum-skirtas-mazinti-gilias-rauksles-kaklo-ir-veido-odai\/"},"modified":"2026-04-10T13:03:32","modified_gmt":"2026-04-10T11:03:32","slug":"zinzino-ihoseerumi-kaulan-ja-kasvojen-syvien-ryppyjen-vahentamiseen","status":"publish","type":"product","link":"https:\/\/purama.lt\/fi\/produktas\/zinzino-skin-serum-skirtas-mazinti-gilias-rauksles-kaklo-ir-veido-odai\/","title":{"rendered":"Zinzino Skin Serum kaulan ja kasvojen syvien ryppyjen v\u00e4hent\u00e4miseen."},"content":{"rendered":"<p><strong>K\u00e4ytt\u00f6<\/strong><br>Levit\u00e4 puhtaalle iholle aamulla ja\/tai illalla.<br>Hiero kevyesti, kunnes se on imeytynyt kokonaan.<br>Noudata pakkauksen ohjeita.<\/p>\n\n\n\n<h5 class=\"wp-block-heading\">Ainesosat:<\/h5>\n\n\n\n<p>Aqua, glyseriini, karitevoin etyyliesterit, betaiini, metyylimetakrylaattiristipolymeeri, Avena Sativa (kauran) ydinjauho, sorbitaanikaprylaatti, pektiini, skvalaani, ksantaanikumi, hiivapolysakkaridit, tokoferoli, Olea Europaea (oliivin) hedelm\u00e4uute, sepioliittiuute, keh\u00e4kukan kukkauute, natriumhyaluronaatti, Helianthus Annuus (auringonkukan) siemen\u00f6ljy, Natriumhydroksidi, karrageeni, polyvinyylialkoholi, kaliumbentsoaatti, propaanidioli, natriumbentsoaatti, kapryyliglykoli, kuparipalmitoyyliheptapeptidi-14, glyseryylikaprylaatti, heptapeptidi-15-palmitaatti, maitohappo\/glykolihappo-kopolymeeri, fenoksietanoli, fenyylipropanoli, sorbiinihappo, bentsoehappo, beetakaroteeni, sitruunahappo.<\/p>","protected":false},"excerpt":{"rendered":"<p data-start=\"95\" data-end=\"606\"><strong data-start=\"111\" data-end=\"135\">Zinzino Skin Serum:<\/strong>\u00a0on edistyksellinen kasvoseerumi, joka on suunniteltu kosteuttamaan, elastistamaan ja kirkastamaan ihoa. Kevyt koostumus imeytyy nopeasti, ei j\u00e4t\u00e4 tahmeaa tunnetta ja sopii sek\u00e4 aamu- ett\u00e4 iltak\u00e4ytt\u00f6\u00f6n. Seerumi auttaa yll\u00e4pit\u00e4m\u00e4\u00e4n ihon kosteustasapainoa, vahvistaa suojakerrosta ja antaa pehme\u00e4n ja miellytt\u00e4v\u00e4n tunteen. Seerumin kosteuttavat ja antioksidanttiset ainesosat auttavat suojaamaan ihoa ymp\u00e4rist\u00f6n aggressiivisilta tekij\u00f6ilt\u00e4 ja yll\u00e4pit\u00e4m\u00e4\u00e4n tasaisempaa ihonv\u00e4ri\u00e4.<\/p>\n<p data-start=\"608\" data-end=\"806\"><strong data-start=\"608\" data-end=\"631\">Miksi valita:<\/strong><br data-start=\"631\" data-end=\"634\" \/><strong data-start=\"634\" data-end=\"640\">\u2714\ufe0f<\/strong> Kosteuttaa ja pehment\u00e4\u00e4 ihoa intensiivisesti.<br data-start=\"677\" data-end=\"680\" \/><strong data-start=\"680\" data-end=\"686\">\u2714\ufe0f<\/strong> Nopeasti imeytyv\u00e4, kevyt koostumus<br data-start=\"724\" data-end=\"727\" \/><strong data-start=\"727\" data-end=\"733\">\u2714\ufe0f<\/strong> Auttaa yll\u00e4pit\u00e4m\u00e4\u00e4n ihon kimmoisuutta<br data-start=\"767\" data-end=\"770\" \/><strong data-start=\"770\" data-end=\"776\">\u2714\ufe0f<\/strong> Sopii jokap\u00e4iv\u00e4iseen k\u00e4ytt\u00f6\u00f6n<\/p>","protected":false},"featured_media":46425,"comment_status":"open","ping_status":"closed","template":"","meta":{"_acf_changed":true},"product_brand":[464],"product_cat":[92,56,59],"product_tag":[],"class_list":{"0":"post-46444","1":"product","2":"type-product","3":"status-publish","4":"has-post-thumbnail","6":"product_brand-zinzino","7":"product_cat-groziui","8":"product_cat-veido-serumai","9":"product_cat-veidui","11":"first","12":"instock","13":"shipping-taxable","14":"purchasable","15":"product-type-simple"},"acf":[],"tiered_pricing_type":"fixed","tiered_pricing_fixed_rules":[],"tiered_pricing_product_settings":{"layout":"default","base_unit_name":{"singular":null,"plural":null},"default_variation":null},"tiered_pricing_minimum_quantity":null,"tiered_pricing_roles_data":[],"tiered_pricing_percentage_rules":[],"_links":{"self":[{"href":"https:\/\/purama.lt\/fi\/wp-json\/wp\/v2\/product\/46444","targetHints":{"allow":["GET"]}}],"collection":[{"href":"https:\/\/purama.lt\/fi\/wp-json\/wp\/v2\/product"}],"about":[{"href":"https:\/\/purama.lt\/fi\/wp-json\/wp\/v2\/types\/product"}],"replies":[{"embeddable":true,"href":"https:\/\/purama.lt\/fi\/wp-json\/wp\/v2\/comments?post=46444"}],"wp:featuredmedia":[{"embeddable":true,"href":"https:\/\/purama.lt\/fi\/wp-json\/wp\/v2\/media\/46425"}],"wp:attachment":[{"href":"https:\/\/purama.lt\/fi\/wp-json\/wp\/v2\/media?parent=46444"}],"wp:term":[{"taxonomy":"product_brand","embeddable":true,"href":"https:\/\/purama.lt\/fi\/wp-json\/wp\/v2\/product_brand?post=46444"},{"taxonomy":"product_cat","embeddable":true,"href":"https:\/\/purama.lt\/fi\/wp-json\/wp\/v2\/product_cat?post=46444"},{"taxonomy":"product_tag","embeddable":true,"href":"https:\/\/purama.lt\/fi\/wp-json\/wp\/v2\/product_tag?post=46444"}],"curies":[{"name":"wp","href":"https:\/\/api.w.org\/{rel}","templated":true}]}}