{"id":46443,"date":"2026-03-03T13:19:20","date_gmt":"2026-03-03T11:19:20","guid":{"rendered":"https:\/\/purama.lt\/produktas\/zinzino-collagen-boozt-skysta-jurinio-kolageno-doze-vysniu-skonio\/"},"modified":"2026-04-08T09:10:55","modified_gmt":"2026-04-08T07:10:55","slug":"zinzino-collagen-boozt-nestemainen-annos-merikollageenia-kuivamakuna","status":"publish","type":"product","link":"https:\/\/purama.lt\/fi\/produktas\/zinzino-collagen-boozt-skysta-jurinio-kolageno-doze-vysniu-skonio\/","title":{"rendered":"Zinzino Collagen Boozt Nestem\u00e4inen annos merikollageenia, kirsikan makuinen"},"content":{"rendered":"<p><strong>Kulutus<\/strong><br>Ota yksi annos p\u00e4iv\u00e4ss\u00e4, mieluiten aamulla.<br>Ravista ennen k\u00e4ytt\u00f6\u00e4.<br>Noudata pakkauksen ohjeita.<\/p>\n\n\n\n<p><strong>Ainesosat<\/strong><br>vesi, hydrolysoitu kollageeni, C-vitamiini (askorbiinihappo), luontaiset aromit, makeutusaine, s\u00e4il\u00f6nt\u00e4aine.<\/p>\n\n\n\n<p>Daugiau apie kolagen\u0105 skaitykite m\u016bs\u0173 <a href=\"\/fi\/kolagenas-gidas\/\">kolageno gide<\/a>.<\/p>","protected":false},"excerpt":{"rendered":"<p><strong>Zinzino Collagen Boozt:<\/strong>\u00a0on nestem\u00e4inen kollageenilis\u00e4, joka on kehitetty tukemaan ihon, hiusten ja kynsien kuntoa sek\u00e4 vahvistamaan sidekudoksen toimintaa. Kaavassa k\u00e4ytet\u00e4\u00e4n hydrolysoitua kollageenia, joka imeytyy helpommin elimist\u00f6\u00f6n. Lis\u00e4ravinne on rikastettu C-vitamiinilla, joka auttaa yll\u00e4pit\u00e4m\u00e4\u00e4n ihon normaalin toiminnan kannalta v\u00e4ltt\u00e4m\u00e4t\u00f6nt\u00e4 kollageenin normaalia muodostumista, sek\u00e4 muilla ihon kauneudelle t\u00e4rkeill\u00e4 hivenaineilla. Nestem\u00e4inen muoto on k\u00e4tev\u00e4 k\u00e4ytt\u00e4\u00e4 ja mahdollistaa tuotteen nopean sis\u00e4llytt\u00e4misen p\u00e4ivitt\u00e4iseen rutiiniin. <\/p>\n<p><strong>Miksi valita:<br \/><\/strong> \u2714\ufe0f Hydrolysoitu kollageeni parantaa imeytymist\u00e4.<br \/>\u2714\ufe0f C-vitamiini normaaliin kollageenisynteesiin.<br \/>\u2714\ufe0f Tukee ihoa, hiuksia ja kynsi\u00e4.<br \/>\u2714\ufe0f K\u00e4tev\u00e4 nestem\u00e4inen muoto p\u00e4ivitt\u00e4iseen k\u00e4ytt\u00f6\u00f6n. \u00a0<\/p>","protected":false},"featured_media":46432,"comment_status":"open","ping_status":"closed","template":"","meta":{"_acf_changed":true},"product_brand":[464],"product_cat":[123,279,280,273,274],"product_tag":[],"class_list":{"0":"post-46443","1":"product","2":"type-product","3":"status-publish","4":"has-post-thumbnail","6":"product_brand-zinzino","7":"product_cat-papildai-ilgaamziskumui","8":"product_cat-kaulams-ir-sanariams","9":"product_cat-kaulu-stiprinimas","10":"product_cat-odai-plaukams-nagams","11":"product_cat-odos-jaunyste","13":"first","14":"instock","15":"shipping-taxable","16":"purchasable","17":"product-type-simple"},"acf":[],"tiered_pricing_type":"fixed","tiered_pricing_fixed_rules":[],"tiered_pricing_product_settings":{"layout":"default","base_unit_name":{"singular":null,"plural":null},"default_variation":null},"tiered_pricing_minimum_quantity":null,"tiered_pricing_roles_data":[],"tiered_pricing_percentage_rules":[],"_links":{"self":[{"href":"https:\/\/purama.lt\/fi\/wp-json\/wp\/v2\/product\/46443","targetHints":{"allow":["GET"]}}],"collection":[{"href":"https:\/\/purama.lt\/fi\/wp-json\/wp\/v2\/product"}],"about":[{"href":"https:\/\/purama.lt\/fi\/wp-json\/wp\/v2\/types\/product"}],"replies":[{"embeddable":true,"href":"https:\/\/purama.lt\/fi\/wp-json\/wp\/v2\/comments?post=46443"}],"wp:featuredmedia":[{"embeddable":true,"href":"https:\/\/purama.lt\/fi\/wp-json\/wp\/v2\/media\/46432"}],"wp:attachment":[{"href":"https:\/\/purama.lt\/fi\/wp-json\/wp\/v2\/media?parent=46443"}],"wp:term":[{"taxonomy":"product_brand","embeddable":true,"href":"https:\/\/purama.lt\/fi\/wp-json\/wp\/v2\/product_brand?post=46443"},{"taxonomy":"product_cat","embeddable":true,"href":"https:\/\/purama.lt\/fi\/wp-json\/wp\/v2\/product_cat?post=46443"},{"taxonomy":"product_tag","embeddable":true,"href":"https:\/\/purama.lt\/fi\/wp-json\/wp\/v2\/product_tag?post=46443"}],"curies":[{"name":"wp","href":"https:\/\/api.w.org\/{rel}","templated":true}]}}