{"id":46442,"date":"2026-03-03T13:19:18","date_gmt":"2026-03-03T11:19:18","guid":{"rendered":"https:\/\/purama.lt\/produktas\/zinzino-spirumaxmaisto-papildas-su-naturalia-spirulina\/"},"modified":"2026-03-24T17:35:15","modified_gmt":"2026-03-24T15:35:15","slug":"zinzin-spirumaxfood-ravintolisa-jossa-on-luonnollista-spirulinaa","status":"publish","type":"product","link":"https:\/\/purama.lt\/fi\/produktas\/zinzino-spirumaxmaisto-papildas-su-naturalia-spirulina\/","title":{"rendered":"Zinzino SpiruMax+\nLuonnollista spirulinaa sis\u00e4lt\u00e4v\u00e4 ravintolis\u00e4"},"content":{"rendered":"<p><strong>Kulutus<\/strong><br>Ota 3-6 tablettia p\u00e4iv\u00e4ss\u00e4 aterian ja veden kera.<br>\u00c4l\u00e4 ylit\u00e4 suositeltua vuorokausiannosta.<br>Noudata pakkauksen ohjeita.<\/p>\n\n\n\n<p><strong>Ainesosat<\/strong><br>spirulina (arthrospira platensis) <\/p>\n\n\n\n<p>spirulina&nbsp;<em>(Arthrospira maxima)<\/em>&nbsp;jauhe, t\u00e4yteaine (selluloosa).<\/p>\n\n\n\n<p><\/p>","protected":false},"excerpt":{"rendered":"<p data-start=\"93\" data-end=\"639\"><strong>Zinzino SpiruMax+:<\/strong> on korkealaatuinen spirulina-lis\u00e4 p\u00e4ivitt\u00e4iseen kehon tukemiseen ja energiaan. Spirulina on ravintorikas sinilev\u00e4, joka sis\u00e4lt\u00e4\u00e4 luonnostaan proteiinia, vitamiineja, kivenn\u00e4isaineita ja antioksidantteja. T\u00e4m\u00e4 tuote auttaa t\u00e4ydent\u00e4m\u00e4\u00e4n ruokavaliota arvokkailla ravintoaineilla, yll\u00e4pit\u00e4m\u00e4\u00e4n normaalia immuunij\u00e4rjestelm\u00e4n toimintaa ja kehon yleist\u00e4 kuntoa. Spirulinan sis\u00e4lt\u00e4mill\u00e4 fytoravinteilla, kuten fykosyaniinilla, on antioksidanttisia ominaisuuksia, jotka auttavat suojaamaan soluja hapettumisstressilt\u00e4.<\/p>\n<p data-start=\"641\" data-end=\"873\"><strong data-start=\"641\" data-end=\"664\">Miksi valita:<\/strong><br data-start=\"664\" data-end=\"667\" \/><strong data-start=\"667\" data-end=\"673\">\u2714\ufe0f<\/strong> Korkealaatuinen spirulina valvotuilta tiloilta<br data-start=\"722\" data-end=\"725\" \/><strong data-start=\"725\" data-end=\"731\">\u2714\ufe0f<\/strong> Luonnollinen proteiinin ja hivenaineiden l\u00e4hde<br data-start=\"775\" data-end=\"778\" \/><strong data-start=\"778\" data-end=\"784\">\u2714\ufe0f<\/strong> Edist\u00e4\u00e4 energian ja elinvoimaisuuden yll\u00e4pit\u00e4mist\u00e4<br data-start=\"834\" data-end=\"837\" \/><strong data-start=\"837\" data-end=\"843\">\u2714\ufe0f<\/strong> Sopii p\u00e4ivitt\u00e4iseen k\u00e4ytt\u00f6\u00f6n<\/p>","protected":false},"featured_media":46423,"comment_status":"open","ping_status":"closed","template":"","meta":{"_acf_changed":false},"product_brand":[464],"product_cat":[252,266,253,123,254,264,265],"product_tag":[],"class_list":{"0":"post-46442","1":"product","2":"type-product","3":"status-publish","4":"has-post-thumbnail","6":"product_brand-zinzino","7":"product_cat-imunitetui","8":"product_cat-fermentai-ir-virskinimas","9":"product_cat-imuniteto-palaikymas","10":"product_cat-papildai-ilgaamziskumui","11":"product_cat-uzdegimo-mazinimas","12":"product_cat-virskinimui-ir-detoksui","13":"product_cat-zarnynas-ir-mikrobioma","15":"first","16":"instock","17":"shipping-taxable","18":"purchasable","19":"product-type-simple"},"acf":[],"tiered_pricing_type":"fixed","tiered_pricing_fixed_rules":[],"tiered_pricing_product_settings":{"layout":"default","base_unit_name":{"singular":null,"plural":null},"default_variation":null},"tiered_pricing_minimum_quantity":null,"tiered_pricing_roles_data":[],"tiered_pricing_percentage_rules":[],"_links":{"self":[{"href":"https:\/\/purama.lt\/fi\/wp-json\/wp\/v2\/product\/46442","targetHints":{"allow":["GET"]}}],"collection":[{"href":"https:\/\/purama.lt\/fi\/wp-json\/wp\/v2\/product"}],"about":[{"href":"https:\/\/purama.lt\/fi\/wp-json\/wp\/v2\/types\/product"}],"replies":[{"embeddable":true,"href":"https:\/\/purama.lt\/fi\/wp-json\/wp\/v2\/comments?post=46442"}],"wp:featuredmedia":[{"embeddable":true,"href":"https:\/\/purama.lt\/fi\/wp-json\/wp\/v2\/media\/46423"}],"wp:attachment":[{"href":"https:\/\/purama.lt\/fi\/wp-json\/wp\/v2\/media?parent=46442"}],"wp:term":[{"taxonomy":"product_brand","embeddable":true,"href":"https:\/\/purama.lt\/fi\/wp-json\/wp\/v2\/product_brand?post=46442"},{"taxonomy":"product_cat","embeddable":true,"href":"https:\/\/purama.lt\/fi\/wp-json\/wp\/v2\/product_cat?post=46442"},{"taxonomy":"product_tag","embeddable":true,"href":"https:\/\/purama.lt\/fi\/wp-json\/wp\/v2\/product_tag?post=46442"}],"curies":[{"name":"wp","href":"https:\/\/api.w.org\/{rel}","templated":true}]}}