{"id":46441,"date":"2026-03-03T13:19:16","date_gmt":"2026-03-03T11:19:16","guid":{"rendered":"https:\/\/purama.lt\/produktas\/zinzino-x-gold-maisto-papildas-su-naturaliai-gaunamu-ciberzoliu-saknu-ekstraktu-ir-piperinu\/"},"modified":"2026-03-24T17:35:57","modified_gmt":"2026-03-24T15:35:57","slug":"zinzino-x-gold-ravintolisa-jossa-on-luonnollisesti-esiintyvaa-kurkuman-juuriuutetta-ja-piperiinia","status":"publish","type":"product","link":"https:\/\/purama.lt\/fi\/produktas\/zinzino-x-gold-maisto-papildas-su-naturaliai-gaunamu-ciberzoliu-saknu-ekstraktu-ir-piperinu\/","title":{"rendered":"Zinzino X Gold+ Ravintolis\u00e4, jossa on luonnollisesti saatua kurkuma-juuren uutetta ja piperiini\u00e4."},"content":{"rendered":"<p><strong>Kulutus<\/strong><br>Ota valmistajan suositteleman p\u00e4iv\u00e4annoksen mukaan.<br>Ravista ennen k\u00e4ytt\u00f6\u00e4.<br>\u00c4l\u00e4 ylit\u00e4 p\u00e4ivitt\u00e4ist\u00e4 enimm\u00e4ism\u00e4\u00e4r\u00e4\u00e4.<\/p>\n\n\n\n<p><strong>Ainesosat<\/strong><br>kurkuman (curcuma longa) vesiuute, stabilointiaine (kasviper\u00e4inen glyseroli, arabikumi), mustapippuriuute (piper nigrum).<\/p>\n\n\n\n<p><strong>Ravintoaineita ja fysiologisesti aktiivisia aineita (8 ml annosta kohti).<\/strong><br>Kurkuma vesiuute - 2400 mg<br>Mustapippurin hedelm\u00e4uute - 300 mg<\/p>","protected":false},"excerpt":{"rendered":"<p data-start=\"0\" data-end=\"445\"><strong>Zinzino X Gold+:<\/strong> on ensiluokkainen ravintolis\u00e4, joka on valmistettu ainutlaatuisesta ja luonnollisesti ravinteikkaasta kurkuma-juuren uutteesta, jota on t\u00e4ydennetty piperiinill\u00e4. Kehittyneen Totum-Ex\u00ae-teknologiamme ansiosta X GOLD+ s\u00e4ilytt\u00e4\u00e4 kaikki kurkumanjuuren t\u00e4rke\u00e4t, luonnostaan aktiiviset, vesi- ja rasvaliukoiset osat, mik\u00e4 takaa kokonaisvaltaisen vaikutuksen. Kurkumajuuren t\u00e4ydellisen k\u00e4sittelyn ansiosta t\u00e4m\u00e4 tuote sis\u00e4lt\u00e4\u00e4 runsaasti hy\u00f6dyllisi\u00e4 bioaktiivisia yhdisteit\u00e4: kurkuminoideja, eteerisi\u00e4 \u00f6ljyj\u00e4, polyfenoleja ja luonnollisia kuituja, jotka yhdess\u00e4 tukevat elimist\u00f6n terveytt\u00e4. T\u00e4m\u00e4 lis\u00e4aine on t\u00e4ydennetty imeytymist\u00e4 tehostavalla piperiinill\u00e4, ja se tarjoaa kurkuman tunnetut ja perinteisesti tunnustetut edut ruoansulatuksen, immuniteetin ja antioksidanttien tukemisen kannalta. \u201eX GOLD+ valmistetaan ilman liuottimia, emulgointiaineita tai lis\u00e4ttyj\u00e4 kemikaaleja - ainoastaan puhtaasta ja luonnollisista l\u00e4hteist\u00e4 per\u00e4isin olevasta kurkumasta.<\/p>\n<p data-start=\"447\" data-end=\"680\"><strong data-start=\"447\" data-end=\"470\">Miksi valita<\/strong><br data-start=\"470\" data-end=\"473\" \/><strong data-start=\"473\" data-end=\"479\">\u2714\ufe0f<\/strong> Kurkuma vesipitoinen uute<br data-start=\"512\" data-end=\"515\" \/><strong data-start=\"515\" data-end=\"521\">\u2714\ufe0f<\/strong> T\u00e4ydennetty mustapippuriuutteella (piperine).<br data-start=\"567\" data-end=\"570\" \/><strong data-start=\"570\" data-end=\"576\">\u2714\ufe0f<\/strong> Nestem\u00e4inen muoto - k\u00e4tev\u00e4 antotapa<br data-start=\"610\" data-end=\"613\" \/><strong data-start=\"613\" data-end=\"619\">\u2714\ufe0f<\/strong> Ei keinotekoisia v\u00e4riaineita<br data-start=\"641\" data-end=\"644\" \/><strong data-start=\"644\" data-end=\"650\">\u2714\ufe0f<\/strong> Sopii jokap\u00e4iv\u00e4iseen k\u00e4ytt\u00f6\u00f6n<\/p>\n<p data-start=\"682\" data-end=\"816\">\u00a0<\/p>","protected":false},"featured_media":46433,"comment_status":"open","ping_status":"closed","template":"","meta":{"_acf_changed":true},"product_brand":[464],"product_cat":[123,266,253,252,264],"product_tag":[],"class_list":{"0":"post-46441","1":"product","2":"type-product","3":"status-publish","4":"has-post-thumbnail","6":"product_brand-zinzino","7":"product_cat-papildai-ilgaamziskumui","8":"product_cat-fermentai-ir-virskinimas","9":"product_cat-imuniteto-palaikymas","10":"product_cat-imunitetui","11":"product_cat-virskinimui-ir-detoksui","13":"first","14":"instock","15":"shipping-taxable","16":"purchasable","17":"product-type-simple"},"acf":[],"tiered_pricing_type":"fixed","tiered_pricing_fixed_rules":[],"tiered_pricing_product_settings":{"layout":"default","base_unit_name":{"singular":null,"plural":null},"default_variation":null},"tiered_pricing_minimum_quantity":null,"tiered_pricing_roles_data":[],"tiered_pricing_percentage_rules":[],"_links":{"self":[{"href":"https:\/\/purama.lt\/fi\/wp-json\/wp\/v2\/product\/46441","targetHints":{"allow":["GET"]}}],"collection":[{"href":"https:\/\/purama.lt\/fi\/wp-json\/wp\/v2\/product"}],"about":[{"href":"https:\/\/purama.lt\/fi\/wp-json\/wp\/v2\/types\/product"}],"replies":[{"embeddable":true,"href":"https:\/\/purama.lt\/fi\/wp-json\/wp\/v2\/comments?post=46441"}],"wp:featuredmedia":[{"embeddable":true,"href":"https:\/\/purama.lt\/fi\/wp-json\/wp\/v2\/media\/46433"}],"wp:attachment":[{"href":"https:\/\/purama.lt\/fi\/wp-json\/wp\/v2\/media?parent=46441"}],"wp:term":[{"taxonomy":"product_brand","embeddable":true,"href":"https:\/\/purama.lt\/fi\/wp-json\/wp\/v2\/product_brand?post=46441"},{"taxonomy":"product_cat","embeddable":true,"href":"https:\/\/purama.lt\/fi\/wp-json\/wp\/v2\/product_cat?post=46441"},{"taxonomy":"product_tag","embeddable":true,"href":"https:\/\/purama.lt\/fi\/wp-json\/wp\/v2\/product_tag?post=46441"}],"curies":[{"name":"wp","href":"https:\/\/api.w.org\/{rel}","templated":true}]}}