{"id":46440,"date":"2026-03-03T13:19:14","date_gmt":"2026-03-03T11:19:14","guid":{"rendered":"https:\/\/purama.lt\/produktas\/zinzino-phycosci-x20-vandeninis-spirulinos-papildas\/"},"modified":"2026-03-24T17:37:02","modified_gmt":"2026-03-24T15:37:02","slug":"zinzin-phycosci-x20-vesipitoinen-spirulina-lisaosa","status":"publish","type":"product","link":"https:\/\/purama.lt\/fi\/produktas\/zinzino-phycosci-x20-vandeninis-spirulinos-papildas\/","title":{"rendered":"Zinzino PhycoSci+ X20 vesipitoinen Spirulina t\u00e4ydennysosa"},"content":{"rendered":"<p><strong>Kulutus<\/strong><br>Ota 8 ml p\u00e4iv\u00e4ss\u00e4 tai valmistajan suositusten mukaisesti.<br>Ravista ennen k\u00e4ytt\u00f6\u00e4.<br>\u00c4l\u00e4 ylit\u00e4 m\u00e4\u00e4r\u00e4tty\u00e4 vuorokausiannosta.<\/p>\n\n\n\n<p><strong>Ainesosat<\/strong><br>stabilointiaine (glyseroli), spirulinan (Arthrospira maxima) vesipitoinen uute<\/p>","protected":false},"excerpt":{"rendered":"<p data-start=\"0\" data-end=\"453\"><strong>Zinzino PhycoSci+ X20:<\/strong> on spirulinan (Arthrospira maxima) vesipitoinen uute, jossa on luonnossa esiintyv\u00e4\u00e4 fykosyaniinia, joka on spirulinan sininen pigmentti. Nestem\u00e4inen muoto takaa helpon annostelun ja nopean imeytymisen. Fykosyaniini on hyvin tutkittu spirulinan komponentti, jota arvostetaan sen antioksidanttisten ominaisuuksien vuoksi. Tuote on tarkoitettu niille, jotka etsiv\u00e4t korkeaa spirulinauutteen pitoisuutta p\u00e4ivitt\u00e4iseen kehon tukemiseen.<\/p>\n<p data-start=\"455\" data-end=\"691\"><strong data-start=\"455\" data-end=\"478\">Miksi valita:<\/strong><br data-start=\"478\" data-end=\"481\" \/><strong data-start=\"481\" data-end=\"487\">\u2714\ufe0f<\/strong> Tiivistetty vesipitoinen spirulinauute<br data-start=\"534\" data-end=\"537\" \/><strong data-start=\"537\" data-end=\"543\">\u2714\ufe0f<\/strong> Fykosyaniinin standardoitu m\u00e4\u00e4r\u00e4<br data-start=\"578\" data-end=\"581\" \/><strong data-start=\"581\" data-end=\"587\">\u2714\ufe0f<\/strong> Nestem\u00e4inen muoto - k\u00e4tev\u00e4 antotapa<br data-start=\"621\" data-end=\"624\" \/><strong data-start=\"624\" data-end=\"630\">\u2714\ufe0f<\/strong> Ei keinotekoisia v\u00e4riaineita<br data-start=\"652\" data-end=\"655\" \/><strong data-start=\"655\" data-end=\"661\">\u2714\ufe0f<\/strong> Sopii jokap\u00e4iv\u00e4iseen k\u00e4ytt\u00f6\u00f6n<\/p>","protected":false},"featured_media":46431,"comment_status":"open","ping_status":"closed","template":"","meta":{"_acf_changed":true},"product_brand":[464],"product_cat":[123,266,253,252,264,265],"product_tag":[],"class_list":{"0":"post-46440","1":"product","2":"type-product","3":"status-publish","4":"has-post-thumbnail","6":"product_brand-zinzino","7":"product_cat-papildai-ilgaamziskumui","8":"product_cat-fermentai-ir-virskinimas","9":"product_cat-imuniteto-palaikymas","10":"product_cat-imunitetui","11":"product_cat-virskinimui-ir-detoksui","12":"product_cat-zarnynas-ir-mikrobioma","14":"first","15":"instock","16":"shipping-taxable","17":"purchasable","18":"product-type-simple"},"acf":[],"tiered_pricing_type":"fixed","tiered_pricing_fixed_rules":[],"tiered_pricing_product_settings":{"layout":"default","base_unit_name":{"singular":null,"plural":null},"default_variation":null},"tiered_pricing_minimum_quantity":null,"tiered_pricing_roles_data":[],"tiered_pricing_percentage_rules":[],"_links":{"self":[{"href":"https:\/\/purama.lt\/fi\/wp-json\/wp\/v2\/product\/46440","targetHints":{"allow":["GET"]}}],"collection":[{"href":"https:\/\/purama.lt\/fi\/wp-json\/wp\/v2\/product"}],"about":[{"href":"https:\/\/purama.lt\/fi\/wp-json\/wp\/v2\/types\/product"}],"replies":[{"embeddable":true,"href":"https:\/\/purama.lt\/fi\/wp-json\/wp\/v2\/comments?post=46440"}],"wp:featuredmedia":[{"embeddable":true,"href":"https:\/\/purama.lt\/fi\/wp-json\/wp\/v2\/media\/46431"}],"wp:attachment":[{"href":"https:\/\/purama.lt\/fi\/wp-json\/wp\/v2\/media?parent=46440"}],"wp:term":[{"taxonomy":"product_brand","embeddable":true,"href":"https:\/\/purama.lt\/fi\/wp-json\/wp\/v2\/product_brand?post=46440"},{"taxonomy":"product_cat","embeddable":true,"href":"https:\/\/purama.lt\/fi\/wp-json\/wp\/v2\/product_cat?post=46440"},{"taxonomy":"product_tag","embeddable":true,"href":"https:\/\/purama.lt\/fi\/wp-json\/wp\/v2\/product_tag?post=46440"}],"curies":[{"name":"wp","href":"https:\/\/api.w.org\/{rel}","templated":true}]}}