{"id":46439,"date":"2026-03-03T13:19:13","date_gmt":"2026-03-03T11:19:13","guid":{"rendered":"https:\/\/purama.lt\/produktas\/zinzino-balanceoil-premium\/"},"modified":"2026-03-24T17:40:07","modified_gmt":"2026-03-24T15:40:07","slug":"zinzin-balanceoil-premium","status":"publish","type":"product","link":"https:\/\/purama.lt\/fi\/produktas\/zinzino-balanceoil-premium\/","title":{"rendered":"Zinzino BalanceOil+ Premium Omega-3 -\u00f6ljy\u00f6ljy"},"content":{"rendered":"<p><strong>Kulutus<\/strong><br>Ota p\u00e4ivitt\u00e4in valmistajan suosittelema annos aterioiden yhteydess\u00e4.<br>Ravista ennen k\u00e4ytt\u00f6\u00e4.<br>Noudata pakkauksen ohjeita.<\/p>\n\n\n\n<p><strong>Ainesosat<\/strong><br>kala\u00f6ljy (omega-3-rasvahapot epa, dha), ekstra-neitsytoliivi\u00f6ljy, d3-vitamiini (kolekalsiferoli), antioksidantit (tokoferolit).<\/p>","protected":false},"excerpt":{"rendered":"<p><strong>Zinzino BalanceOil+ Premium:<\/strong>\u00a0on korkealaatuinen omega-3-valmiste, joka on suunniteltu auttamaan yll\u00e4pit\u00e4m\u00e4\u00e4n tasapainoista rasvahappojen suhdetta elimist\u00f6ss\u00e4. Kala\u00f6ljykonsentraatti yhdistettyn\u00e4 ekstraneitsytoliivi\u00f6ljyyn auttaa suojaamaan rasvahappoja hapettumiselta, kun taas D-vitamiini edist\u00e4\u00e4 normaalia immuunij\u00e4rjestelm\u00e4n toimintaa. Tuote on tarkoitettu p\u00e4ivitt\u00e4iseen k\u00e4ytt\u00f6\u00f6n tukemaan syd\u00e4men, aivojen ja kehon yleist\u00e4 toimintaa. Omega-3-rasvahapot EPA ja DHA ovat hyvin tutkittuja aineita, jotka ovat t\u00e4rkeit\u00e4 syd\u00e4men normaalin toiminnan kannalta. <\/p>\n<p><strong>Miksi valita:<\/strong><br \/>\u2714\ufe0f Korkea omega-3-rasvahappojen (EPA ja DHA) m\u00e4\u00e4r\u00e4.<br \/>\u2714\ufe0f T\u00e4ydennetty oliivi\u00f6ljyn polyfenoleilla.<br \/>\u2714\ufe0f D-vitamiinin kanssa immuunij\u00e4rjestelm\u00e4lle<br \/>\u2714\ufe0f Auttaa yll\u00e4pit\u00e4m\u00e4\u00e4n tasapainoista omega-6:n ja omega-3:n suhdetta.<br \/>\u2714\ufe0f Sopii jokap\u00e4iv\u00e4iseen k\u00e4ytt\u00f6\u00f6n<\/p>","protected":false},"featured_media":46430,"comment_status":"open","ping_status":"closed","template":"","meta":{"_acf_changed":false},"product_brand":[464],"product_cat":[123,251,257,260,263,253,252,122,256],"product_tag":[],"class_list":{"0":"post-46439","1":"product","2":"type-product","3":"status-publish","4":"has-post-thumbnail","6":"product_brand-zinzino","7":"product_cat-papildai-ilgaamziskumui","8":"product_cat-antioksidantai","9":"product_cat-atmintis-ir-demesys","10":"product_cat-energijai-ir-apykaitai","11":"product_cat-fizine-istverme","12":"product_cat-imuniteto-palaikymas","13":"product_cat-imunitetui","14":"product_cat-lasteliu-jaunystei","15":"product_cat-smegenims-ir-atminciai","17":"first","18":"instock","19":"shipping-taxable","20":"purchasable","21":"product-type-simple"},"acf":[],"tiered_pricing_type":"fixed","tiered_pricing_fixed_rules":[],"tiered_pricing_product_settings":{"layout":"default","base_unit_name":{"singular":null,"plural":null},"default_variation":null},"tiered_pricing_minimum_quantity":null,"tiered_pricing_roles_data":[],"tiered_pricing_percentage_rules":[],"_links":{"self":[{"href":"https:\/\/purama.lt\/fi\/wp-json\/wp\/v2\/product\/46439","targetHints":{"allow":["GET"]}}],"collection":[{"href":"https:\/\/purama.lt\/fi\/wp-json\/wp\/v2\/product"}],"about":[{"href":"https:\/\/purama.lt\/fi\/wp-json\/wp\/v2\/types\/product"}],"replies":[{"embeddable":true,"href":"https:\/\/purama.lt\/fi\/wp-json\/wp\/v2\/comments?post=46439"}],"wp:featuredmedia":[{"embeddable":true,"href":"https:\/\/purama.lt\/fi\/wp-json\/wp\/v2\/media\/46430"}],"wp:attachment":[{"href":"https:\/\/purama.lt\/fi\/wp-json\/wp\/v2\/media?parent=46439"}],"wp:term":[{"taxonomy":"product_brand","embeddable":true,"href":"https:\/\/purama.lt\/fi\/wp-json\/wp\/v2\/product_brand?post=46439"},{"taxonomy":"product_cat","embeddable":true,"href":"https:\/\/purama.lt\/fi\/wp-json\/wp\/v2\/product_cat?post=46439"},{"taxonomy":"product_tag","embeddable":true,"href":"https:\/\/purama.lt\/fi\/wp-json\/wp\/v2\/product_tag?post=46439"}],"curies":[{"name":"wp","href":"https:\/\/api.w.org\/{rel}","templated":true}]}}