{"id":46438,"date":"2026-03-03T13:19:12","date_gmt":"2026-03-03T11:19:12","guid":{"rendered":"https:\/\/purama.lt\/produktas\/medica-group-pherostrong-naktiniai-feromonai-vyrams\/"},"modified":"2026-04-27T13:37:40","modified_gmt":"2026-04-27T11:37:40","slug":"pherostrong-yo-feromonit-miehille","status":"publish","type":"product","link":"https:\/\/purama.lt\/fi\/produktas\/pherostrong-naktiniai-feromonai-vyrams\/","title":{"rendered":"PheroStrong y\u00f6 feromonit miehille"},"content":{"rendered":"<p><strong>K\u00e4ytt\u00f6<\/strong><br>Suihkuta pieni m\u00e4\u00e4r\u00e4 pulssikohtiin (ranteet, kaula).<br>V\u00e4lt\u00e4 kosketusta silmiin.<br>Vain ulkoiseen k\u00e4ytt\u00f6\u00f6n.<\/p>\n\n\n\n<p><strong>Ainesosat<\/strong><br>alcohol denat., parfum, aqua, kumariini, limoneeni, alfa-isometyyli-iononi, hydroksisitronellaali, linalool, ruusuketonit, kanelimanteli, eugenoli, sitraali, luonnollinen safroli.<\/p>","protected":false},"excerpt":{"rendered":"<p data-start=\"0\" data-end=\"534\"><span data-sheets-root=\"1\">Medica-ryhm\u00e4 PheroStrong y\u00f6 feromonit miehille-<\/span>\u00a0on luonteeltaan voimakkaampi feromoniparfyymi miehille, joka on suunniteltu luomaan iltatunnelmaa ja erottuvaa vaikutelmaa. Koostumuksessa yhdistyv\u00e4t raikkaat sitrushedelmien ja aromaattiset vivahteet l\u00e4mpim\u00e4mp\u00e4\u00e4n ja t\u00e4ytel\u00e4isemp\u00e4\u00e4n pohjaan, jonka ansiosta tuoksu avautuu kerroksittain ja kest\u00e4\u00e4 pidemp\u00e4\u00e4n. Feromonikompleksi on integroitu kaavaan lis\u00e4s\u00e4vyn\u00e4, joka lis\u00e4\u00e4 henkil\u00f6kohtaista itsevarmuutta ja vieh\u00e4tt\u00e4vyytt\u00e4. Sopii iltatapaamisiin, erityistilaisuuksiin tai kun haluat erottua.<\/p>\n<p data-start=\"536\" data-end=\"778\"><strong data-start=\"536\" data-end=\"559\">Miksi valita<\/strong><br data-start=\"559\" data-end=\"562\" \/><strong data-start=\"562\" data-end=\"568\">\u2714\ufe0f<\/strong> Intensiivinen tuoksu illan tunnelmaan<br data-start=\"614\" data-end=\"617\" \/><strong data-start=\"617\" data-end=\"623\">\u2714\ufe0f<\/strong> Raikkaiden ja l\u00e4mpimien s\u00e4vyjen tasapaino<br data-start=\"653\" data-end=\"656\" \/><strong data-start=\"656\" data-end=\"662\">\u2714\ufe0f<\/strong> Feromonikompleksi koostumuksessa<br data-start=\"696\" data-end=\"699\" \/><strong data-start=\"699\" data-end=\"705\">\u2714\ufe0f<\/strong> Pitk\u00e4\u00e4n kest\u00e4v\u00e4 haju<br data-start=\"731\" data-end=\"734\" \/><strong data-start=\"734\" data-end=\"740\">\u2714\ufe0f<\/strong> Sopii erityistilaisuuksiin ja iltaan<\/p>","protected":false},"featured_media":46429,"comment_status":"open","ping_status":"closed","template":"","meta":{"_acf_changed":true},"product_brand":[],"product_cat":[276,277],"product_tag":[],"class_list":{"0":"post-46438","1":"product","2":"type-product","3":"status-publish","4":"has-post-thumbnail","6":"product_cat-seksualinei-sveikatai","7":"product_cat-vyrams","9":"first","10":"instock","11":"shipping-taxable","12":"purchasable","13":"product-type-simple"},"acf":[],"tiered_pricing_type":"fixed","tiered_pricing_fixed_rules":[],"tiered_pricing_product_settings":{"layout":"default","base_unit_name":{"singular":null,"plural":null},"default_variation":null},"tiered_pricing_minimum_quantity":null,"tiered_pricing_roles_data":[],"tiered_pricing_percentage_rules":[],"_links":{"self":[{"href":"https:\/\/purama.lt\/fi\/wp-json\/wp\/v2\/product\/46438","targetHints":{"allow":["GET"]}}],"collection":[{"href":"https:\/\/purama.lt\/fi\/wp-json\/wp\/v2\/product"}],"about":[{"href":"https:\/\/purama.lt\/fi\/wp-json\/wp\/v2\/types\/product"}],"replies":[{"embeddable":true,"href":"https:\/\/purama.lt\/fi\/wp-json\/wp\/v2\/comments?post=46438"}],"wp:featuredmedia":[{"embeddable":true,"href":"https:\/\/purama.lt\/fi\/wp-json\/wp\/v2\/media\/46429"}],"wp:attachment":[{"href":"https:\/\/purama.lt\/fi\/wp-json\/wp\/v2\/media?parent=46438"}],"wp:term":[{"taxonomy":"product_brand","embeddable":true,"href":"https:\/\/purama.lt\/fi\/wp-json\/wp\/v2\/product_brand?post=46438"},{"taxonomy":"product_cat","embeddable":true,"href":"https:\/\/purama.lt\/fi\/wp-json\/wp\/v2\/product_cat?post=46438"},{"taxonomy":"product_tag","embeddable":true,"href":"https:\/\/purama.lt\/fi\/wp-json\/wp\/v2\/product_tag?post=46438"}],"curies":[{"name":"wp","href":"https:\/\/api.w.org\/{rel}","templated":true}]}}