{"id":46437,"date":"2026-03-03T13:19:12","date_gmt":"2026-03-03T11:19:12","guid":{"rendered":"https:\/\/purama.lt\/produktas\/medica-group-pherostrong-naktiniai-feromonai-moterims\/"},"modified":"2026-04-02T13:13:57","modified_gmt":"2026-04-02T11:13:57","slug":"pherostrong-yo-feromonit-naisille","status":"publish","type":"product","link":"https:\/\/purama.lt\/fi\/produktas\/pherostrong-naktiniai-feromonai-moterims\/","title":{"rendered":"PheroStrong y\u00f6 feromonit naisille"},"content":{"rendered":"<p><strong>K\u00e4ytt\u00f6<\/strong><br>Suihkuta pieni m\u00e4\u00e4r\u00e4 pulssikohtiin (ranteet, kaula).<br>V\u00e4lt\u00e4 kosketusta silmiin.<br>Vain ulkoiseen k\u00e4ytt\u00f6\u00f6n.<\/p>\n\n\n\n<p><strong>Ainesosat<\/strong><br>alkoholi denat.., parfum, aqua, bentsyylibentsoaatti, bentsyylisalisylaatti, kanelialkoholi, sitronelloli, kumariini, dimetyylifenetyyliasetaatti, geranioli, geranyyliasetaatti, heksametyyliindanopyraani, heksyylikinnamali, hydroksisitronellaali, jasmiini\u00f6ljy\/ -uute, katajanmarja\u00f6ljy, limoneeni, linalool, linalyyliasetaatti, pineeni, ruusuketonit, ruusukukka\u00f6ljy\/ -uute, tetrametyyliasetyylioktahydronaftaleenit, vanilliini<\/p>\n\n\n\n<p><\/p>","protected":false},"excerpt":{"rendered":"<p data-start=\"0\" data-end=\"525\"><span data-sheets-root=\"1\">Medica-ryhm\u00e4 PheroStrong y\u00f6feromonit naisille -t<\/span>Voimakkaampi feromonituoksu iltaa varten, joka on suunniteltu korostamaan aistillisuutta ja itsevarmuutta. Tuoksu avautuu hedelm\u00e4isill\u00e4 ja kevyesti mausteisilla vivahteilla, siirtyen runsaaseen kukkaiseen syd\u00e4meen, kun taas l\u00e4mpim\u00e4t, makeat ja puumaiset s\u00e4vyt viipyv\u00e4t pohjalla. Tasapainoinen koostumus, jossa on feromonikompleksi, joka on suunniteltu korostamaan henkil\u00f6kohtaista vieh\u00e4tysvoimaa. Tuoksu on ilmaisuvoimaisempi ja sopii paremmin iltaan tai erityistilaisuuksiin.<\/p>\n<p data-start=\"527\" data-end=\"776\"><strong data-start=\"527\" data-end=\"550\">Miksi valita<\/strong><br data-start=\"550\" data-end=\"553\" \/><strong data-start=\"553\" data-end=\"559\">\u2714\ufe0f<\/strong> Intensiivisempi tuoksu illan tunnelmaa varten.<br data-start=\"608\" data-end=\"611\" \/><strong data-start=\"611\" data-end=\"617\">\u2714\ufe0f<\/strong> Yhdistelm\u00e4 hedelmi\u00e4, kukkia ja l\u00e4mpimi\u00e4 s\u00e4vyj\u00e4<br data-start=\"653\" data-end=\"656\" \/><strong data-start=\"656\" data-end=\"662\">\u2714\ufe0f<\/strong> Feromonikompleksi koostumuksessa<br data-start=\"696\" data-end=\"699\" \/><strong data-start=\"699\" data-end=\"705\">\u2714\ufe0f<\/strong> Pitk\u00e4kestoisempi tuoksupohja<br data-start=\"740\" data-end=\"743\" \/><strong data-start=\"743\" data-end=\"749\">\u2714\ufe0f<\/strong> Sopii erityistilaisuuksiin<\/p>","protected":false},"featured_media":46424,"comment_status":"open","ping_status":"closed","template":"","meta":{"_acf_changed":false},"product_brand":[],"product_cat":[276,278],"product_tag":[],"class_list":{"0":"post-46437","1":"product","2":"type-product","3":"status-publish","4":"has-post-thumbnail","6":"product_cat-seksualinei-sveikatai","7":"product_cat-moterims","9":"first","10":"instock","11":"shipping-taxable","12":"purchasable","13":"product-type-simple"},"acf":[],"tiered_pricing_type":"fixed","tiered_pricing_fixed_rules":[],"tiered_pricing_product_settings":{"layout":"default","base_unit_name":{"singular":null,"plural":null},"default_variation":null},"tiered_pricing_minimum_quantity":null,"tiered_pricing_roles_data":[],"tiered_pricing_percentage_rules":[],"_links":{"self":[{"href":"https:\/\/purama.lt\/fi\/wp-json\/wp\/v2\/product\/46437","targetHints":{"allow":["GET"]}}],"collection":[{"href":"https:\/\/purama.lt\/fi\/wp-json\/wp\/v2\/product"}],"about":[{"href":"https:\/\/purama.lt\/fi\/wp-json\/wp\/v2\/types\/product"}],"replies":[{"embeddable":true,"href":"https:\/\/purama.lt\/fi\/wp-json\/wp\/v2\/comments?post=46437"}],"wp:featuredmedia":[{"embeddable":true,"href":"https:\/\/purama.lt\/fi\/wp-json\/wp\/v2\/media\/46424"}],"wp:attachment":[{"href":"https:\/\/purama.lt\/fi\/wp-json\/wp\/v2\/media?parent=46437"}],"wp:term":[{"taxonomy":"product_brand","embeddable":true,"href":"https:\/\/purama.lt\/fi\/wp-json\/wp\/v2\/product_brand?post=46437"},{"taxonomy":"product_cat","embeddable":true,"href":"https:\/\/purama.lt\/fi\/wp-json\/wp\/v2\/product_cat?post=46437"},{"taxonomy":"product_tag","embeddable":true,"href":"https:\/\/purama.lt\/fi\/wp-json\/wp\/v2\/product_tag?post=46437"}],"curies":[{"name":"wp","href":"https:\/\/api.w.org\/{rel}","templated":true}]}}