{"id":46435,"date":"2026-03-03T13:19:09","date_gmt":"2026-03-03T11:19:09","guid":{"rendered":"https:\/\/purama.lt\/produktas\/medica-group-pherostrong-feromonai-vyrams\/"},"modified":"2026-04-02T13:15:36","modified_gmt":"2026-04-02T11:15:36","slug":"pherostrong-feromonit-miehille","status":"publish","type":"product","link":"https:\/\/purama.lt\/fi\/produktas\/pherostrong-feromonai-vyrams\/","title":{"rendered":"PheroStrong feromonit miehille"},"content":{"rendered":"<p><strong>K\u00e4ytt\u00f6<\/strong><br>Suihkuta pieni m\u00e4\u00e4r\u00e4 ranteisiin, kaulalle tai korvien taakse.<br>V\u00e4lt\u00e4 kosketusta silmiin.<br>Vain ulkoiseen k\u00e4ytt\u00f6\u00f6n.<\/p>\n\n\n\n<p><strong>Ainesosat<\/strong><br>alkoholi denat.., parfum, aqua, tetrametyyliasetyyliasetyyliasetyylitahydronaftaleenit, bentsyylisalisylaatti, heksametyyliindanopyraani, limoneeni, linalooli, kumariini, linalyyliasetaatti, sitronelloli, geranioli, alfa-isometyyli-iononi, isoeugenyyliasetaatti, pogostemon cablin-\u00f6ljy, vanilliini, ruusuketonit, eugenoli, metyylisalisylaatti, cinnamomum zeylanicum -kuori\u00f6ljy, eugenia caryophyllus -\u00f6ljy, pineeni, kanelimanteli, beeta-karyofylyleeni, bentsyylialkoholi, eugenyyliasetaatti, bentsyylibentsoaatti, CI 42051, CI 47005, CI 14720.<\/p>\n\n\n\n<p><\/p>","protected":false},"excerpt":{"rendered":"<p data-start=\"0\" data-end=\"535\"><span data-sheets-root=\"1\">Medica-ryhm\u00e4 PheroStrong feromonit miehille<\/span>- on feromonipitoinen miesten tuoksu, joka on suunniteltu lis\u00e4\u00e4m\u00e4\u00e4n itseluottamusta ja j\u00e4tt\u00e4m\u00e4\u00e4n ikimuistoisen vaikutelman. Raikkaat sitrus- ja aromaattiset s\u00e4vyt yhdistyv\u00e4t l\u00e4mpim\u00e4mpiin puumaisiin s\u00e4vyihin luoden tuoksun, joka sopii sek\u00e4 arkeen ett\u00e4 juhlaan. Tasapainoinen koostumus antaa alkuun raikkautta ja syvemm\u00e4n, pidemp\u00e4\u00e4n kest\u00e4v\u00e4n pohjan. Tuoksukaavaan on integroitu feromonikompleksi hienovaraiseksi lis\u00e4s\u00e4vyksi, joka lis\u00e4\u00e4 henkil\u00f6kohtaista vieh\u00e4tysvoimaa.<\/p>\n<p data-start=\"537\" data-end=\"807\"><strong data-start=\"537\" data-end=\"560\">Miksi valita<\/strong><br data-start=\"560\" data-end=\"563\" \/><strong data-start=\"563\" data-end=\"569\">\u2714\ufe0f<\/strong> Raikas mutta tyypillinen maskuliininen tuoksu.<br data-start=\"614\" data-end=\"617\" \/><strong data-start=\"617\" data-end=\"623\">\u2714\ufe0f<\/strong> Hienovarainen feromonikompleksi koostumuksessa<br data-start=\"666\" data-end=\"669\" \/><strong data-start=\"669\" data-end=\"675\">\u2714\ufe0f<\/strong> Sopii sek\u00e4 p\u00e4iv\u00e4ksi ett\u00e4 illaksi<br data-start=\"707\" data-end=\"710\" \/><strong data-start=\"710\" data-end=\"716\">\u2714\ufe0f<\/strong> Pitk\u00e4kestoisempi tuoksupohja<br data-start=\"751\" data-end=\"754\" \/><strong data-start=\"754\" data-end=\"760\">\u2714\ufe0f<\/strong> K\u00e4tev\u00e4 k\u00e4ytt\u00f6 suihkuttamalla pulssikohtiin<\/p>","protected":false},"featured_media":46427,"comment_status":"open","ping_status":"closed","template":"","meta":{"_acf_changed":false},"product_brand":[],"product_cat":[276,277],"product_tag":[],"class_list":{"0":"post-46435","1":"product","2":"type-product","3":"status-publish","4":"has-post-thumbnail","6":"product_cat-seksualinei-sveikatai","7":"product_cat-vyrams","9":"first","10":"instock","11":"shipping-taxable","12":"purchasable","13":"product-type-simple"},"acf":[],"tiered_pricing_type":"fixed","tiered_pricing_fixed_rules":[],"tiered_pricing_product_settings":{"layout":"default","base_unit_name":{"singular":null,"plural":null},"default_variation":null},"tiered_pricing_minimum_quantity":null,"tiered_pricing_roles_data":[],"tiered_pricing_percentage_rules":[],"_links":{"self":[{"href":"https:\/\/purama.lt\/fi\/wp-json\/wp\/v2\/product\/46435","targetHints":{"allow":["GET"]}}],"collection":[{"href":"https:\/\/purama.lt\/fi\/wp-json\/wp\/v2\/product"}],"about":[{"href":"https:\/\/purama.lt\/fi\/wp-json\/wp\/v2\/types\/product"}],"replies":[{"embeddable":true,"href":"https:\/\/purama.lt\/fi\/wp-json\/wp\/v2\/comments?post=46435"}],"wp:featuredmedia":[{"embeddable":true,"href":"https:\/\/purama.lt\/fi\/wp-json\/wp\/v2\/media\/46427"}],"wp:attachment":[{"href":"https:\/\/purama.lt\/fi\/wp-json\/wp\/v2\/media?parent=46435"}],"wp:term":[{"taxonomy":"product_brand","embeddable":true,"href":"https:\/\/purama.lt\/fi\/wp-json\/wp\/v2\/product_brand?post=46435"},{"taxonomy":"product_cat","embeddable":true,"href":"https:\/\/purama.lt\/fi\/wp-json\/wp\/v2\/product_cat?post=46435"},{"taxonomy":"product_tag","embeddable":true,"href":"https:\/\/purama.lt\/fi\/wp-json\/wp\/v2\/product_tag?post=46435"}],"curies":[{"name":"wp","href":"https:\/\/api.w.org\/{rel}","templated":true}]}}