{"id":46121,"date":"2026-02-18T09:09:31","date_gmt":"2026-02-18T07:09:31","guid":{"rendered":"https:\/\/purama.lt\/produktas\/qed-smegenu-veiklai\/"},"modified":"2026-03-19T16:48:27","modified_gmt":"2026-03-19T14:48:27","slug":"qed-aivojen-toimintaan","status":"publish","type":"product","link":"https:\/\/purama.lt\/fi\/produktas\/qed-smegenu-veiklai\/","title":{"rendered":"QED Aivotoiminta"},"content":{"rendered":"<p><strong>Kulutus<\/strong><br>Ota 2 kapselia aamulla tai p\u00e4iv\u00e4n aikana veden kanssa.<br>Tasaisen tuloksen saavuttamiseksi suositellaan s\u00e4\u00e4nn\u00f6llist\u00e4 k\u00e4ytt\u00f6\u00e4<br>\u00c4l\u00e4 ylit\u00e4 suositeltua p\u00e4iv\u00e4saantia; ravintolis\u00e4\u00e4 ei saa k\u00e4ytt\u00e4\u00e4 ruoan korvikkeena; ei ole tarkoitettu lapsille.<\/p>\n\n\n\n<p><strong>Ainesosat<\/strong><br>leijonankarvia (hericium erinaceus) sienihedelm\u00e4kasviuute, koliinibitartraatti, rhodiola rosea -uute (standardoitu 3 % rosaviiniin ja 1 % salidrosidiin), ginseng (panax ginseng) -uute (standardoitu 5 % ginsenosidiin), fosfatidyyliseriini (auringonkukkalesitiinist\u00e4), hydroksipropyylimetyyliselluloosa (kapselin kuori), mikrokiteinen selluloosa, b1-vitamiini (tiamiini), magnesiumstearaatti, b6-vitamiini (pyridoksaali-5-fosfaatti), b9-vitamiini (l-metyylifolaatti), b12-vitamiini (metyylikobalamiini).<\/p>","protected":false},"excerpt":{"rendered":"<p data-start=\"0\" data-end=\"735\"><strong data-start=\"16\" data-end=\"43\">QED Brain Booster<\/strong> ravintolis\u00e4, jonka on kehitt\u00e4nyt <strong data-start=\"70\" data-end=\"156\">johdonmukainen henkinen suorituskyky, keskittyminen ja p\u00e4ivitt\u00e4inen psykologinen tasapaino<\/strong> tukea. Kaava perustuu <strong data-start=\"193\" data-end=\"224\">B1-, B6-, B9- ja B12-vitamiinit.<\/strong>, jotka edist\u00e4v\u00e4t <strong data-start=\"247\" data-end=\"283\">hermoston normaali toiminta<\/strong> ja <strong data-start=\"287\" data-end=\"324\">normaalit psykologiset toiminnot<\/strong>. Kompleksia t\u00e4ydent\u00e4v\u00e4t <strong data-start=\"344\" data-end=\"356\">Koliini<\/strong> (lipidien ja homokysteiinin aineenvaihdunta ja maksan toiminta), <strong data-start=\"414\" data-end=\"435\">fosfatidyyliseriini<\/strong> ja kasviper\u00e4iset komponentit - <strong data-start=\"464\" data-end=\"487\">vaaleanpunainen rhodiola<\/strong> ja <strong data-start=\"492\" data-end=\"512\">ginseng<\/strong> Otteita on perinteisesti arvostettu kognitiivisten toimintojen ja muistin tukemiseen intensiivisess\u00e4 el\u00e4m\u00e4nrytmiss\u00e4. Sis\u00e4lt\u00e4\u00e4 lis\u00e4ksi <strong data-start=\"644\" data-end=\"680\">Leijonankarvasieni<\/strong> hedelm\u00e4elinten ote - hyvin tunnettu it\u00e4isess\u00e4 perinteess\u00e4.<\/p>\n<p data-start=\"737\" data-end=\"1012\"><strong data-start=\"737\" data-end=\"760\">Miksi valita<\/strong><br data-start=\"760\" data-end=\"763\" \/><strong data-start=\"763\" data-end=\"769\">\u2714\ufe0f<\/strong> b-vitamiinit hermostoa ja psykologista toimintaa varten<br data-start=\"830\" data-end=\"833\" \/><strong data-start=\"833\" data-end=\"839\">\u2714\ufe0f<\/strong> koliinia ja fosfatidyyliseriini\u00e4 p\u00e4ivitt\u00e4iseen henkiseen toimintaan.<br data-start=\"893\" data-end=\"896\" \/><strong data-start=\"896\" data-end=\"902\">\u2714\ufe0f<\/strong> Rhodiola- ja ginseng-uutteet tukevat intensiivisi\u00e4 kausia.<br data-start=\"964\" data-end=\"967\" \/><strong data-start=\"967\" data-end=\"973\">\u2714\ufe0f<\/strong> l\u00e4pin\u00e4kyv\u00e4 kaava ilman tarpeettomia lis\u00e4aineita<\/p>","protected":false},"featured_media":46124,"comment_status":"open","ping_status":"closed","template":"","meta":{"_acf_changed":true},"product_brand":[495],"product_cat":[256,257,500,123,258],"product_tag":[],"class_list":{"0":"post-46121","1":"product","2":"type-product","3":"status-publish","4":"has-post-thumbnail","6":"product_brand-qed","7":"product_cat-smegenims-ir-atminciai","8":"product_cat-atmintis-ir-demesys","9":"product_cat-outlet","10":"product_cat-papildai-ilgaamziskumui","11":"product_cat-smegenu-apsauga","13":"first","14":"instock","15":"sale","16":"shipping-taxable","17":"purchasable","18":"product-type-simple"},"acf":[],"tiered_pricing_type":"fixed","tiered_pricing_fixed_rules":[],"tiered_pricing_product_settings":{"layout":"default","base_unit_name":{"singular":null,"plural":null},"default_variation":null},"tiered_pricing_minimum_quantity":null,"tiered_pricing_roles_data":[],"tiered_pricing_percentage_rules":[],"_links":{"self":[{"href":"https:\/\/purama.lt\/fi\/wp-json\/wp\/v2\/product\/46121","targetHints":{"allow":["GET"]}}],"collection":[{"href":"https:\/\/purama.lt\/fi\/wp-json\/wp\/v2\/product"}],"about":[{"href":"https:\/\/purama.lt\/fi\/wp-json\/wp\/v2\/types\/product"}],"replies":[{"embeddable":true,"href":"https:\/\/purama.lt\/fi\/wp-json\/wp\/v2\/comments?post=46121"}],"wp:featuredmedia":[{"embeddable":true,"href":"https:\/\/purama.lt\/fi\/wp-json\/wp\/v2\/media\/46124"}],"wp:attachment":[{"href":"https:\/\/purama.lt\/fi\/wp-json\/wp\/v2\/media?parent=46121"}],"wp:term":[{"taxonomy":"product_brand","embeddable":true,"href":"https:\/\/purama.lt\/fi\/wp-json\/wp\/v2\/product_brand?post=46121"},{"taxonomy":"product_cat","embeddable":true,"href":"https:\/\/purama.lt\/fi\/wp-json\/wp\/v2\/product_cat?post=46121"},{"taxonomy":"product_tag","embeddable":true,"href":"https:\/\/purama.lt\/fi\/wp-json\/wp\/v2\/product_tag?post=46121"}],"curies":[{"name":"wp","href":"https:\/\/api.w.org\/{rel}","templated":true}]}}