{"id":46120,"date":"2026-02-18T09:09:30","date_gmt":"2026-02-18T07:09:30","guid":{"rendered":"https:\/\/purama.lt\/produktas\/qed-nad-palaikymui\/"},"modified":"2026-04-14T16:04:24","modified_gmt":"2026-04-14T14:04:24","slug":"qed-tukea-varten","status":"publish","type":"product","link":"https:\/\/purama.lt\/fi\/produktas\/qed-nad-palaikymui\/","title":{"rendered":"QED NAD Booster NAD+-tukena"},"content":{"rendered":"<p><strong>Kulutus<\/strong><br>Ota 2 kapselia aamulla veden kanssa<br>\u00c4l\u00e4 ylit\u00e4 suositeltua vuorokausiannosta; ei lapsille.<br>Ravintolis\u00e4\u00e4 ei pid\u00e4 k\u00e4ytt\u00e4\u00e4 ruoan korvikkeena; monipuolinen ja tasapainoinen ruokavalio ja terveelliset el\u00e4m\u00e4ntavat ovat t\u00e4rkeit\u00e4.<\/p>\n\n\n\n<p><strong>Ainesosat<\/strong><br>beeta-nikotiiniamidi-adeniinidinukleotidi (nad+), nikotiiniamidi-ribosidikloridi, hydroksipropyylimetyyliselluloosa (kapselin kuori), mikrokiteinen selluloosa, magnesiumstearaatti.<\/p>","protected":false},"excerpt":{"rendered":"<p data-start=\"0\" data-end=\"755\"><strong data-start=\"16\" data-end=\"41\">QED NAD Booster<\/strong> ravintolis\u00e4 niille, jotka haluavat lis\u00e4t\u00e4 p\u00e4ivitt\u00e4iseen rutiiniinsa kohdennetusti aineita, jotka liittyv\u00e4t <strong data-start=\"151\" data-end=\"173\">energia-aineenvaihdunta<\/strong>. Kaavassa yhdistyv\u00e4t <strong data-start=\"194\" data-end=\"225\">nikotiiniamidi ribosidi (NR)<\/strong> ja <strong data-start=\"229\" data-end=\"279\">beeta-nikotiiniamidi-adeniinidinukleotidi (NAD\u207a)<\/strong>; kun taas NR on <strong data-start=\"296\" data-end=\"327\">B3-vitamiinin muoto (niasiini)<\/strong>, perustuu virallisesti hyv\u00e4ksyttyihin niasiinin ominaisuuksiin: auttaa yll\u00e4pit\u00e4m\u00e4\u00e4n <strong data-start=\"404\" data-end=\"435\">normaali energia-aineenvaihdunta<\/strong>, edist\u00e4\u00e4 <strong data-start=\"452\" data-end=\"488\">hermoston normaali toiminta<\/strong>, auttaa yll\u00e4pit\u00e4m\u00e4\u00e4n <strong data-start=\"507\" data-end=\"541\">normaali psykologinen toiminta<\/strong> ja auttaa <strong data-start=\"552\" data-end=\"593\">v\u00e4hent\u00e4\u00e4 v\u00e4symyksen ja uupumuksen tunnetta<\/strong>. L\u00e4pin\u00e4kyv\u00e4 koostumus ilman sokeria ja v\u00e4riaineita, k\u00e4tev\u00e4 lis\u00e4t\u00e4 aamulla; 2 kapselia per annos sis\u00e4lt\u00e4\u00e4 <strong data-start=\"684\" data-end=\"699\">NAD\u207a 200 mg<\/strong> ja <strong data-start=\"703\" data-end=\"716\">NR 150 mg<\/strong>.<\/p>\n<p data-start=\"757\" data-end=\"1075\"><strong data-start=\"757\" data-end=\"780\">Miksi valita<\/strong><br data-start=\"780\" data-end=\"783\" \/><strong data-start=\"783\" data-end=\"789\">\u2714\ufe0f<\/strong> nr (b3-vitamiinin muoto) - energia-aineenvaihduntaan, hermostoon ja psykologiseen toimintaan.<br data-start=\"877\" data-end=\"880\" \/><strong data-start=\"880\" data-end=\"886\">\u2714\ufe0f<\/strong> nad\u207a:n ja nr:n yhdistelm\u00e4 kohdennettua p\u00e4ivitt\u00e4ist\u00e4 t\u00e4ydennyst\u00e4 varten.<br data-start=\"938\" data-end=\"941\" \/><strong data-start=\"941\" data-end=\"947\">\u2714\ufe0f<\/strong> selke\u00e4sti yksil\u00f6idyt aktiiviset ainesosat annosta kohti<br data-start=\"998\" data-end=\"1001\" \/><strong data-start=\"1001\" data-end=\"1007\">\u2714\ufe0f<\/strong> L\u00e4pin\u00e4kyv\u00e4 koostumus ilman sokeria ja v\u00e4riaineita<br data-start=\"1046\" data-end=\"1049\" \/><strong data-start=\"1049\" data-end=\"1055\">\u2714\ufe0f<\/strong> K\u00e4tev\u00e4 aamuk\u00e4ytt\u00f6\u00f6n<\/p>","protected":false},"featured_media":46123,"comment_status":"open","ping_status":"closed","template":"","meta":{"_acf_changed":false},"product_brand":[495],"product_cat":[123,251,122,248,500,250],"product_tag":[],"class_list":{"0":"post-46120","1":"product","2":"type-product","3":"status-publish","4":"has-post-thumbnail","6":"product_brand-qed","7":"product_cat-papildai-ilgaamziskumui","8":"product_cat-antioksidantai","9":"product_cat-lasteliu-jaunystei","10":"product_cat-nad-ir-mitochondrijos","11":"product_cat-outlet","12":"product_cat-telomeru-ir-dnr-apsauga","14":"first","15":"instock","16":"sale","17":"shipping-taxable","18":"purchasable","19":"product-type-simple"},"acf":[],"tiered_pricing_type":"fixed","tiered_pricing_fixed_rules":[],"tiered_pricing_product_settings":{"layout":"default","base_unit_name":{"singular":null,"plural":null},"default_variation":null},"tiered_pricing_minimum_quantity":null,"tiered_pricing_roles_data":[],"tiered_pricing_percentage_rules":[],"_links":{"self":[{"href":"https:\/\/purama.lt\/fi\/wp-json\/wp\/v2\/product\/46120","targetHints":{"allow":["GET"]}}],"collection":[{"href":"https:\/\/purama.lt\/fi\/wp-json\/wp\/v2\/product"}],"about":[{"href":"https:\/\/purama.lt\/fi\/wp-json\/wp\/v2\/types\/product"}],"replies":[{"embeddable":true,"href":"https:\/\/purama.lt\/fi\/wp-json\/wp\/v2\/comments?post=46120"}],"wp:featuredmedia":[{"embeddable":true,"href":"https:\/\/purama.lt\/fi\/wp-json\/wp\/v2\/media\/46123"}],"wp:attachment":[{"href":"https:\/\/purama.lt\/fi\/wp-json\/wp\/v2\/media?parent=46120"}],"wp:term":[{"taxonomy":"product_brand","embeddable":true,"href":"https:\/\/purama.lt\/fi\/wp-json\/wp\/v2\/product_brand?post=46120"},{"taxonomy":"product_cat","embeddable":true,"href":"https:\/\/purama.lt\/fi\/wp-json\/wp\/v2\/product_cat?post=46120"},{"taxonomy":"product_tag","embeddable":true,"href":"https:\/\/purama.lt\/fi\/wp-json\/wp\/v2\/product_tag?post=46120"}],"curies":[{"name":"wp","href":"https:\/\/api.w.org\/{rel}","templated":true}]}}