{"id":46119,"date":"2026-02-18T09:09:29","date_gmt":"2026-02-18T07:09:29","guid":{"rendered":"https:\/\/purama.lt\/produktas\/qed-miego-kokybei\/"},"modified":"2026-03-19T16:47:26","modified_gmt":"2026-03-19T14:47:26","slug":"qed-unen-laatuun","status":"publish","type":"product","link":"https:\/\/purama.lt\/fi\/produktas\/qed-miego-kokybei\/","title":{"rendered":"QED unen laatua varten"},"content":{"rendered":"<p><strong>Kulutus<\/strong><br>Ota 2 kapselia illalla veden kanssa<br>Suositellaan s\u00e4\u00e4nn\u00f6lliseen k\u00e4ytt\u00f6\u00f6n<br>\u00c4l\u00e4 ylit\u00e4 suositeltua vuorokausiannosta; ei lapsille.<\/p>\n\n\n\n<p><strong>Ainesosat<\/strong><br>magnesiumbisglysinaatti, gaba (gamma-aminovoihappo), hydroksipropyylimetyyliselluloosa (kapselin kuori), mikrokiteinen selluloosa, apigeniini (98 % standardoitu kamomillauute), magnesiumstearaatti.<\/p>","protected":false},"excerpt":{"rendered":"<p data-start=\"0\" data-end=\"716\"><strong data-start=\"16\" data-end=\"35\">QED Sleep<\/strong> ravintolis\u00e4 iltarutiiniin, joka on suunniteltu auttamaan <strong data-start=\"84\" data-end=\"132\">sulavasti \u201ekytkem\u00e4ll\u00e4\u201c kehosi lepotilaan.<\/strong> ilman keinotekoista stimulaatiota. Kaavassa yhdistyv\u00e4t <strong data-start=\"180\" data-end=\"213\">Magnesium (magnesiumbisglysinaatti)<\/strong>, <strong data-start=\"215\" data-end=\"223\">gaba<\/strong> ja <strong data-start=\"227\" data-end=\"264\">apigeniini kamomillauutteesta<\/strong> - Se on t\u00e4ydellinen yhdistelm\u00e4 silloin, kun haluat rauhoittua kiireisen p\u00e4iv\u00e4n j\u00e4lkeen ja mielesi on yh\u00e4 kiihtynyt. Magnesium edist\u00e4\u00e4 <strong data-start=\"373\" data-end=\"409\">hermoston normaali toiminta<\/strong> ja <strong data-start=\"413\" data-end=\"450\">normaalit psykologiset toiminnot<\/strong>, sek\u00e4 auttaa <strong data-start=\"468\" data-end=\"508\">v\u00e4hent\u00e4\u00e4 v\u00e4symyksen ja uupumuksen tunnetta<\/strong>. Lis\u00e4osa on <strong data-start=\"523\" data-end=\"540\">ilman melatoniinia<\/strong>, mik\u00e4 tekee siit\u00e4 k\u00e4tev\u00e4n niille, jotka etsiv\u00e4t pehme\u00e4mp\u00e4\u00e4 iltarituaalia. Lyhyt neutraali n\u00e4kemys: <strong data-start=\"627\" data-end=\"651\">magnesiumbisglysinaatti<\/strong> arvostetaan usein sen hyv\u00e4n siedett\u00e4vyyden ja biologisen hy\u00f6tyosuuden vuoksi.<\/p>\n<p data-start=\"718\" data-end=\"1025\"><strong data-start=\"718\" data-end=\"741\">Miksi valita<\/strong><br data-start=\"741\" data-end=\"744\" \/><strong data-start=\"744\" data-end=\"750\">\u2714\ufe0f<\/strong> melatoniinivapaa - lempe\u00e4 iltarituaali<br data-start=\"790\" data-end=\"793\" \/><strong data-start=\"793\" data-end=\"799\">\u2714\ufe0f<\/strong> magnesium tukee hermoston toimintaa ja psykologisia toimintoja<br data-start=\"861\" data-end=\"864\" \/><strong data-start=\"864\" data-end=\"870\">\u2714\ufe0f<\/strong> auttaa v\u00e4hent\u00e4m\u00e4\u00e4n v\u00e4symyksen ja uupumuksen tunnetta.<br data-start=\"914\" data-end=\"917\" \/><strong data-start=\"917\" data-end=\"923\">\u2714\ufe0f<\/strong> gaba ja apigeniini - iltatorkkujen rutiinia varten<br data-start=\"972\" data-end=\"975\" \/><strong data-start=\"975\" data-end=\"981\">\u2714\ufe0f<\/strong> ei sis\u00e4ll\u00e4 sokeria, v\u00e4riaineita eik\u00e4 tarpeettomia lis\u00e4aineita.<\/p>","protected":false},"featured_media":46128,"comment_status":"open","ping_status":"closed","template":"","meta":{"_acf_changed":true},"product_brand":[495],"product_cat":[271,500,123,269],"product_tag":[],"class_list":{"0":"post-46119","1":"product","2":"type-product","3":"status-publish","4":"has-post-thumbnail","6":"product_brand-qed","7":"product_cat-miego-kokybe","8":"product_cat-outlet","9":"product_cat-papildai-ilgaamziskumui","10":"product_cat-stresui-ir-miegui","12":"first","13":"instock","14":"sale","15":"shipping-taxable","16":"purchasable","17":"product-type-simple"},"acf":[],"tiered_pricing_type":"fixed","tiered_pricing_fixed_rules":[],"tiered_pricing_product_settings":{"layout":"default","base_unit_name":{"singular":null,"plural":null},"default_variation":null},"tiered_pricing_minimum_quantity":null,"tiered_pricing_roles_data":[],"tiered_pricing_percentage_rules":[],"_links":{"self":[{"href":"https:\/\/purama.lt\/fi\/wp-json\/wp\/v2\/product\/46119","targetHints":{"allow":["GET"]}}],"collection":[{"href":"https:\/\/purama.lt\/fi\/wp-json\/wp\/v2\/product"}],"about":[{"href":"https:\/\/purama.lt\/fi\/wp-json\/wp\/v2\/types\/product"}],"replies":[{"embeddable":true,"href":"https:\/\/purama.lt\/fi\/wp-json\/wp\/v2\/comments?post=46119"}],"wp:featuredmedia":[{"embeddable":true,"href":"https:\/\/purama.lt\/fi\/wp-json\/wp\/v2\/media\/46128"}],"wp:attachment":[{"href":"https:\/\/purama.lt\/fi\/wp-json\/wp\/v2\/media?parent=46119"}],"wp:term":[{"taxonomy":"product_brand","embeddable":true,"href":"https:\/\/purama.lt\/fi\/wp-json\/wp\/v2\/product_brand?post=46119"},{"taxonomy":"product_cat","embeddable":true,"href":"https:\/\/purama.lt\/fi\/wp-json\/wp\/v2\/product_cat?post=46119"},{"taxonomy":"product_tag","embeddable":true,"href":"https:\/\/purama.lt\/fi\/wp-json\/wp\/v2\/product_tag?post=46119"}],"curies":[{"name":"wp","href":"https:\/\/api.w.org\/{rel}","templated":true}]}}