{"id":46118,"date":"2026-02-18T09:09:28","date_gmt":"2026-02-18T07:09:28","guid":{"rendered":"https:\/\/purama.lt\/produktas\/qed-energijos-palaikymui\/"},"modified":"2026-03-30T18:49:16","modified_gmt":"2026-03-30T16:49:16","slug":"qed-energiatukea-varten","status":"publish","type":"product","link":"https:\/\/purama.lt\/fi\/produktas\/qed-energijos-palaikymui\/","title":{"rendered":"QED Energiatukea varten"},"content":{"rendered":"<p><strong>Kulutus<\/strong><br>Ota 2 kapselia aamulla tai ennen toimintaa veden kanssa.<br>\u00c4l\u00e4 ylit\u00e4 suositeltua vuorokausiannosta; ravintolis\u00e4\u00e4 ei saa k\u00e4ytt\u00e4\u00e4 ruoan korvikkeena; s\u00e4ilyt\u00e4 lasten ulottumattomissa.<br>Jos olet raskaana, imet\u00e4t tai k\u00e4yt\u00e4t l\u00e4\u00e4kkeit\u00e4 - ota yhteys l\u00e4\u00e4k\u00e4riin tai apteekkiin ennen k\u00e4ytt\u00f6\u00e4.<\/p>\n\n\n\n<p><strong>Ainesosat<\/strong><br>Cordyceps sinensis -sienen hedelm\u00e4runkouute (vakioitu 30 % polysakkarideihin), camellia sinensis -uute (vakioitu 98 % l-teaniiniin), hydroksipropyylimetyyliselluloosa, mikrokiteinen selluloosa, niasiiniamidi (b3-vitamiini), pyridoksiinihydrokloridi (b6-vitamiini), magnesiumstearaatti, syanokobalamiini (b12-vitamiini).<\/p>","protected":false},"excerpt":{"rendered":"<p data-start=\"0\" data-end=\"613\"><strong data-start=\"16\" data-end=\"36\">QED Energia<\/strong> ravintolis\u00e4 p\u00e4ivitt\u00e4iseen tahtiin, kun haluatte <strong data-start=\"83\" data-end=\"120\">tasainen energia ja keskittyminen<\/strong> ilman \u201e\u00e4killisi\u00e4 hypp\u00e4yksi\u00e4\u201c. Kaavassa yhdistyv\u00e4t <strong data-start=\"159\" data-end=\"181\">Cordyceps sinensis<\/strong> ote, <strong data-start=\"193\" data-end=\"227\">L-Teaniini vihre\u00e4st\u00e4 teest\u00e4<\/strong> ja vitamiineja <strong data-start=\"241\" data-end=\"256\">B3, B6, B12<\/strong>, jotka edist\u00e4v\u00e4t <strong data-start=\"279\" data-end=\"312\">normaali energia-aineenvaihdunta<\/strong>, <strong data-start=\"314\" data-end=\"340\">hermoston toiminta<\/strong> ja <strong data-start=\"344\" data-end=\"371\">psykologiset toiminnot<\/strong> yll\u00e4pito, ja B12 auttaa v\u00e4hent\u00e4m\u00e4\u00e4n <strong data-start=\"404\" data-end=\"436\">v\u00e4synyt ja uupunut olo<\/strong>. Ei sokeria eik\u00e4 keinotekoisia v\u00e4riaineita - vain kohdennettuja aktiivisia ainesosia, jotka sopivat aktiivista el\u00e4m\u00e4ntapaa noudattaville aikuisille.<\/p>\n<p data-start=\"615\" data-end=\"870\"><strong data-start=\"615\" data-end=\"638\">Miksi valita<\/strong><br data-start=\"638\" data-end=\"641\" \/><strong data-start=\"641\" data-end=\"647\">\u2714\ufe0f<\/strong> Cordycepsin ja l-teaniinin yhdistelm\u00e4 sujuvampaa p\u00e4ivitt\u00e4ist\u00e4 tahtia varten.<br data-start=\"704\" data-end=\"707\" \/><strong data-start=\"707\" data-end=\"713\">\u2714\ufe0f<\/strong> b-vitamiinit energia-aineenvaihduntaa ja hermostoa varten<br data-start=\"770\" data-end=\"773\" \/><strong data-start=\"773\" data-end=\"779\">\u2714\ufe0f<\/strong> b12 auttaa v\u00e4hent\u00e4m\u00e4\u00e4n v\u00e4symyst\u00e4 ja uupumusta.<br data-start=\"827\" data-end=\"830\" \/><strong data-start=\"830\" data-end=\"836\">\u2714\ufe0f<\/strong> sokeriton, ei keinotekoisia v\u00e4riaineita<\/p>","protected":false},"featured_media":46129,"comment_status":"open","ping_status":"closed","template":"","meta":{"_acf_changed":true},"product_brand":[495],"product_cat":[263,260,262,500,123],"product_tag":[],"class_list":{"0":"post-46118","1":"product","2":"type-product","3":"status-publish","4":"has-post-thumbnail","6":"product_brand-qed","7":"product_cat-fizine-istverme","8":"product_cat-energijai-ir-apykaitai","9":"product_cat-medziagu-apykaita","10":"product_cat-outlet","11":"product_cat-papildai-ilgaamziskumui","13":"first","14":"instock","15":"sale","16":"shipping-taxable","17":"purchasable","18":"product-type-simple"},"acf":[],"tiered_pricing_type":"fixed","tiered_pricing_fixed_rules":[],"tiered_pricing_product_settings":{"layout":"default","base_unit_name":{"singular":null,"plural":null},"default_variation":null},"tiered_pricing_minimum_quantity":null,"tiered_pricing_roles_data":[],"tiered_pricing_percentage_rules":[],"_links":{"self":[{"href":"https:\/\/purama.lt\/fi\/wp-json\/wp\/v2\/product\/46118","targetHints":{"allow":["GET"]}}],"collection":[{"href":"https:\/\/purama.lt\/fi\/wp-json\/wp\/v2\/product"}],"about":[{"href":"https:\/\/purama.lt\/fi\/wp-json\/wp\/v2\/types\/product"}],"replies":[{"embeddable":true,"href":"https:\/\/purama.lt\/fi\/wp-json\/wp\/v2\/comments?post=46118"}],"wp:featuredmedia":[{"embeddable":true,"href":"https:\/\/purama.lt\/fi\/wp-json\/wp\/v2\/media\/46129"}],"wp:attachment":[{"href":"https:\/\/purama.lt\/fi\/wp-json\/wp\/v2\/media?parent=46118"}],"wp:term":[{"taxonomy":"product_brand","embeddable":true,"href":"https:\/\/purama.lt\/fi\/wp-json\/wp\/v2\/product_brand?post=46118"},{"taxonomy":"product_cat","embeddable":true,"href":"https:\/\/purama.lt\/fi\/wp-json\/wp\/v2\/product_cat?post=46118"},{"taxonomy":"product_tag","embeddable":true,"href":"https:\/\/purama.lt\/fi\/wp-json\/wp\/v2\/product_tag?post=46118"}],"curies":[{"name":"wp","href":"https:\/\/api.w.org\/{rel}","templated":true}]}}