{"id":46094,"date":"2026-02-17T13:45:25","date_gmt":"2026-02-17T11:45:25","guid":{"rendered":"https:\/\/purama.lt\/?post_type=product&#038;p=46094"},"modified":"2026-04-05T12:57:06","modified_gmt":"2026-04-05T10:57:06","slug":"purama-kuparirungon-tiiviste","status":"publish","type":"product","link":"https:\/\/purama.lt\/fi\/produktas\/purama-varinis-kuno-sepetys\/","title":{"rendered":"Purama Copper vartaloharja"},"content":{"rendered":"<p><strong>K\u00e4ytt\u00f6<\/strong><br>Aloita kuivalla iholla (yleens\u00e4 ennen suihkua tai illalla ennen kylpy\u00e4).<br>Hankaa pitkill\u00e4, tasaisilla liikkeill\u00e4 syd\u00e4men suuntaan jaloista alkaen; hankaa hyvin hell\u00e4varaisesti tai ohita herk\u00e4t alueet.<br>Hoidon j\u00e4lkeen pese ja levit\u00e4 vartalo\u00f6ljy\u00e4\/voidetta; puhdista harjakset s\u00e4\u00e4nn\u00f6llisesti, \u00e4l\u00e4k\u00e4 kostuta puupohjaa.<\/p>","protected":false},"excerpt":{"rendered":"<p data-start=\"0\" data-end=\"565\"><strong data-start=\"16\" data-end=\"48\">Kuparinen vartaloharja -<\/strong> Ionisoitu kuparinen vartaloharja kuivakuorintaan, joka tasoittaa ja elvytt\u00e4\u00e4 ihoa p\u00e4ivitt\u00e4isell\u00e4 rituaalilla. S\u00e4\u00e4nn\u00f6llisell\u00e4 k\u00e4yt\u00f6ll\u00e4 se auttaa poistamaan kuolleet ihosolut, <strong data-start=\"215\" data-end=\"248\">parantaa ihon pehmeytt\u00e4<\/strong>, voi edist\u00e4\u00e4 <strong data-start=\"270\" data-end=\"297\">sile\u00e4mpi ihon rakenne<\/strong> ja <strong data-start=\"301\" data-end=\"340\">selluliitin merkkien n\u00e4kyvyyden v\u00e4hent\u00e4minen<\/strong>, ja syd\u00e4men suuntaiset liikkeet on perinteisesti liitetty imunesteen virtauksen ja verenkierron stimuloimiseen. Kupariharjasten ja ihon v\u00e4lisen kitkan sanotaan synnytt\u00e4v\u00e4n negatiivisia ioneja, mik\u00e4 on t\u00e4m\u00e4n harjarituaalin ainutlaatuinen elementti.<\/p>\n<p data-start=\"567\" data-end=\"904\"><strong data-start=\"567\" data-end=\"590\">Miksi valita<\/strong><br data-start=\"590\" data-end=\"593\" \/><strong data-start=\"593\" data-end=\"599\">\u2714\ufe0f<\/strong> Ionisoidut kupariharjakset - kuivakuorintarutiinisi kohokohta.<br data-start=\"674\" data-end=\"677\" \/><strong data-start=\"677\" data-end=\"683\">\u2714\ufe0f<\/strong> Soveltuu kuivaharjaukseen ennen suihkua tai uintia.<br data-start=\"726\" data-end=\"729\" \/><strong data-start=\"729\" data-end=\"735\">\u2714\ufe0f<\/strong> auttaa kuorimaan ihoa ja j\u00e4tt\u00e4m\u00e4\u00e4n sen sile\u00e4n tuntuiseksi<br data-start=\"784\" data-end=\"787\" \/><strong data-start=\"787\" data-end=\"793\">\u2714\ufe0f<\/strong> liikkeet syd\u00e4men suuntaan - hy\u00f6dyllisi\u00e4 imunesteen tyhjennykseen liittyv\u00e4ss\u00e4 itsehieronnassa.<br data-start=\"858\" data-end=\"861\" \/><strong data-start=\"861\" data-end=\"867\">\u2714\ufe0f<\/strong> helppo sis\u00e4llytt\u00e4\u00e4 p\u00e4ivitt\u00e4iseen rituaaliin<\/p>","protected":false},"featured_media":46095,"comment_status":"open","ping_status":"closed","template":"","meta":{"_acf_changed":false},"product_brand":[405],"product_cat":[92,57,382,300],"product_tag":[],"class_list":{"0":"post-46094","1":"product","2":"type-product","3":"status-publish","4":"has-post-thumbnail","6":"product_brand-purama","7":"product_cat-groziui","8":"product_cat-akcijos","9":"product_cat-kuno-sveitikliai","10":"product_cat-kunui","12":"first","13":"instock","14":"shipping-taxable","15":"purchasable","16":"product-type-simple"},"acf":[],"tiered_pricing_type":"fixed","tiered_pricing_fixed_rules":[],"tiered_pricing_product_settings":{"layout":"default","base_unit_name":{"singular":null,"plural":null},"default_variation":null},"tiered_pricing_minimum_quantity":null,"tiered_pricing_roles_data":[],"tiered_pricing_percentage_rules":[],"_links":{"self":[{"href":"https:\/\/purama.lt\/fi\/wp-json\/wp\/v2\/product\/46094","targetHints":{"allow":["GET"]}}],"collection":[{"href":"https:\/\/purama.lt\/fi\/wp-json\/wp\/v2\/product"}],"about":[{"href":"https:\/\/purama.lt\/fi\/wp-json\/wp\/v2\/types\/product"}],"replies":[{"embeddable":true,"href":"https:\/\/purama.lt\/fi\/wp-json\/wp\/v2\/comments?post=46094"}],"wp:featuredmedia":[{"embeddable":true,"href":"https:\/\/purama.lt\/fi\/wp-json\/wp\/v2\/media\/46095"}],"wp:attachment":[{"href":"https:\/\/purama.lt\/fi\/wp-json\/wp\/v2\/media?parent=46094"}],"wp:term":[{"taxonomy":"product_brand","embeddable":true,"href":"https:\/\/purama.lt\/fi\/wp-json\/wp\/v2\/product_brand?post=46094"},{"taxonomy":"product_cat","embeddable":true,"href":"https:\/\/purama.lt\/fi\/wp-json\/wp\/v2\/product_cat?post=46094"},{"taxonomy":"product_tag","embeddable":true,"href":"https:\/\/purama.lt\/fi\/wp-json\/wp\/v2\/product_tag?post=46094"}],"curies":[{"name":"wp","href":"https:\/\/api.w.org\/{rel}","templated":true}]}}