{"id":46090,"date":"2026-02-17T12:55:24","date_gmt":"2026-02-17T10:55:24","guid":{"rendered":"https:\/\/purama.lt\/?post_type=product&#038;p=46090"},"modified":"2026-03-10T11:20:52","modified_gmt":"2026-03-10T09:20:52","slug":"yesforlov-klitorista-stimuloiva-geeli","status":"publish","type":"product","link":"https:\/\/purama.lt\/fi\/produktas\/yesforlov-stimuliuojantis-gelis-klitoriui\/","title":{"rendered":"YESforLOV klitorista stimuloiva geeli"},"content":{"rendered":"<p><strong>K\u00e4ytt\u00f6<\/strong><br>Levit\u00e4 pieni tippa klitoriksen alueelle ja hiero kevyesti (voit vaihdella liikkeit\u00e4, painetta ja rytmi\u00e4).<br>K\u00e4yt\u00e4 tarpeen mukaan ennen l\u00e4heisyytt\u00e4 tai sen aikana<br>V\u00e4lt\u00e4 kosketusta silmiin; jos ilmenee \u00e4rsytyst\u00e4 tai allergista reaktiota, lopeta k\u00e4ytt\u00f6.<\/p>\n\n\n\n<p><strong>Ainesosat<\/strong><br>aqua (vesi), diglyseriini, mentha piperita (piparminttu) lehtivesi, pentylene glycol, sklerotiumkumi, arginiini, hydroksiasetofenoni, stevia rebaudiana -uute, butyleeniglykoli, karbomeeri, 1,2-heksaanidioli, kapryyliglykoli, glyseriini, mentha piperita (piparminttu) -\u00f6ljy, propyleeniglykoli, sitruunahappo, rosa gallica -kukkauute, kigelia africana -hedelm\u00e4uute, natriumbentsoaatti, kaliumsorbaatti, limoneeni, panax ginseng -juuriuute, natriumhydroksidi, sorbiinihappo, rosa damascena -kukkauute.<\/p>","protected":false},"excerpt":{"rendered":"<p data-start=\"0\" data-end=\"706\"><strong data-start=\"16\" data-end=\"63\">YESforLOV - kiihotusgeeli klitorikselle<\/strong> hell\u00e4varainen, tiivistetty stimuloiva intiimigeeli, kehitetty <strong data-start=\"127\" data-end=\"147\">klitoriksen alueelle<\/strong> - jotta kosketus tuntuisi voimakkaammalta ja kiihottuminen \u201ek\u00e4ynnistyisi\u201c nopeammin. Kaava tarjoaa miellytt\u00e4v\u00e4n <strong data-start=\"253\" data-end=\"270\">heat-cool<\/strong> Siin\u00e4 on raikas piparminttu tuoksu, se levittyy helposti ja on tahmeaa. Sopii sek\u00e4 yksin ett\u00e4 kumppanin kanssa, ja se on <strong data-start=\"382\" data-end=\"433\">yhteensopiva kondomien ja seksilelujen kanssa<\/strong>, ja se perustuu suurelta osin luonnollista alkuper\u00e4\u00e4 oleviin ainesosiin. Lyhyt tieteellisesti neutraali tuki: <strong data-start=\"533\" data-end=\"548\">L-arginiini<\/strong> Kosmetiikassa se liittyy usein verenkierron tunteen aktivointiin (typpioksidin synteesireitin kautta), ja se voi siksi edist\u00e4\u00e4 voimakkaampia tuntemuksia stimulaation kautta.<\/p>\n<p data-start=\"708\" data-end=\"987\"><strong data-start=\"708\" data-end=\"731\">Miksi valita<\/strong><br data-start=\"731\" data-end=\"734\" \/><strong data-start=\"734\" data-end=\"740\">\u2714\ufe0f<\/strong> l\u00e4mp\u00f6-viile\u00e4 vaikutus voimakkaampiin tuntemuksiin<br data-start=\"788\" data-end=\"791\" \/><strong data-start=\"791\" data-end=\"797\">\u2714\ufe0f<\/strong> tiivistetty kaava - pieni tippa riitt\u00e4\u00e4<br data-start=\"841\" data-end=\"844\" \/><strong data-start=\"844\" data-end=\"850\">\u2714\ufe0f<\/strong> yhteensopiva kondomien ja seksilelujen kanssa<br data-start=\"898\" data-end=\"901\" \/><strong data-start=\"901\" data-end=\"907\">\u2714\ufe0f<\/strong> raikas piparminttu tuoksu ja tunne<br data-start=\"945\" data-end=\"948\" \/><strong data-start=\"948\" data-end=\"954\">\u2714\ufe0f<\/strong> dermatologisesti testattu koostumus<\/p>","protected":false},"featured_media":46091,"comment_status":"open","ping_status":"closed","template":"","meta":{"_acf_changed":true},"product_brand":[],"product_cat":[276,278],"product_tag":[],"class_list":{"0":"post-46090","1":"product","2":"type-product","3":"status-publish","4":"has-post-thumbnail","6":"product_cat-seksualinei-sveikatai","7":"product_cat-moterims","9":"first","10":"instock","11":"shipping-taxable","12":"purchasable","13":"product-type-simple"},"acf":[],"tiered_pricing_type":"fixed","tiered_pricing_fixed_rules":[],"tiered_pricing_product_settings":{"layout":"default","base_unit_name":{"singular":null,"plural":null},"default_variation":null},"tiered_pricing_minimum_quantity":null,"tiered_pricing_roles_data":[],"tiered_pricing_percentage_rules":[],"_links":{"self":[{"href":"https:\/\/purama.lt\/fi\/wp-json\/wp\/v2\/product\/46090","targetHints":{"allow":["GET"]}}],"collection":[{"href":"https:\/\/purama.lt\/fi\/wp-json\/wp\/v2\/product"}],"about":[{"href":"https:\/\/purama.lt\/fi\/wp-json\/wp\/v2\/types\/product"}],"replies":[{"embeddable":true,"href":"https:\/\/purama.lt\/fi\/wp-json\/wp\/v2\/comments?post=46090"}],"wp:featuredmedia":[{"embeddable":true,"href":"https:\/\/purama.lt\/fi\/wp-json\/wp\/v2\/media\/46091"}],"wp:attachment":[{"href":"https:\/\/purama.lt\/fi\/wp-json\/wp\/v2\/media?parent=46090"}],"wp:term":[{"taxonomy":"product_brand","embeddable":true,"href":"https:\/\/purama.lt\/fi\/wp-json\/wp\/v2\/product_brand?post=46090"},{"taxonomy":"product_cat","embeddable":true,"href":"https:\/\/purama.lt\/fi\/wp-json\/wp\/v2\/product_cat?post=46090"},{"taxonomy":"product_tag","embeddable":true,"href":"https:\/\/purama.lt\/fi\/wp-json\/wp\/v2\/product_tag?post=46090"}],"curies":[{"name":"wp","href":"https:\/\/api.w.org\/{rel}","templated":true}]}}