{"id":45726,"date":"2026-02-05T14:01:09","date_gmt":"2026-02-05T12:01:09","guid":{"rendered":"https:\/\/purama.lt\/?post_type=product&#038;p=45726"},"modified":"2026-04-16T07:26:26","modified_gmt":"2026-04-16T05:26:26","slug":"kera-queens-hiustenlahtoa-vahentava-ja-kasvua-edistava-spray","status":"publish","type":"product","link":"https:\/\/purama.lt\/fi\/produktas\/kera-queens-plauku-slinkimo-mazinimo-ir-augimo-skatinimo-purskiklis\/","title":{"rendered":"Kera Queen's Booster Capillaire Anti-Chute Spray hiustenl\u00e4ht\u00f6\u00e4 vastaan"},"content":{"rendered":"<p><strong>K\u00e4ytt\u00f6<\/strong><br>Suihkuta kerran p\u00e4iv\u00e4ss\u00e4 puhtaisiin hiuksiin (kuiviin tai kosteisiin) 10 kertaa suoraan hiuspohjaan juurille.<br>Hiero py\u00f6rein liikkein noin 1 minuutin ajan huuhtelematta.<br>Jaa ylim\u00e4\u00e4r\u00e4inen m\u00e4\u00e4r\u00e4 hiusten pituuteen ja muotoile tavalliseen tapaan.<\/p>\n\n\n\n<p><strong>Ainesosat<\/strong><br>aqua, zingiber officinale root extract, cinnamomum cassia bark, cedrus atlantica bark oil, allium sativum bulb extract, mentha piperita oil, bentsyylialkoholi, bentsoehappo, dehydroetikkahappo, tokoferoli, limoneeni, linalool.<\/p>","protected":false},"excerpt":{"rendered":"<p data-start=\"0\" data-end=\"554\"><strong>Kera Queen's Booster Capillaire Anti-Chute Kera Queen's Booster Capillaire Anti-Chute<\/strong> - p\u00e4\u00e4nahan suihke <strong data-start=\"119\" data-end=\"146\">v\u00e4hent\u00e4\u00e4 hiustenl\u00e4ht\u00f6\u00e4<\/strong> ja <strong data-start=\"150\" data-end=\"176\">edist\u00e4\u00e4 hiusten kasvua<\/strong>. Suoraan hiusjuurille levitettyn\u00e4 se virkist\u00e4\u00e4 hiuspohjaa painottamatta hiuksia ja auttaa vahvistamaan hiusmassan tunnetta. Luonnollisten uutteiden ja eteeristen \u00f6ljyjen (inkiv\u00e4\u00e4ri, piparminttu, valkosipuliuute, setri\u00f6ljy) yhdistelm\u00e4 s\u00e4vytt\u00e4\u00e4, puhdistaa ja virkist\u00e4\u00e4, kun taas E-vitamiini (tokoferoli) toimii antioksidanttina - jota k\u00e4ytet\u00e4\u00e4n usein hiustenhoitovalmisteissa.<\/p>\n<p data-start=\"556\" data-end=\"796\"><strong data-start=\"556\" data-end=\"579\">Miksi valita<\/strong><br data-start=\"579\" data-end=\"582\" \/><strong data-start=\"582\" data-end=\"588\">\u2714\ufe0f<\/strong> auttaa v\u00e4hent\u00e4m\u00e4\u00e4n hiustenl\u00e4ht\u00f6\u00e4<br data-start=\"619\" data-end=\"622\" \/><strong data-start=\"622\" data-end=\"628\">\u2714\ufe0f<\/strong> auttaa stimuloimaan hiusten kasvua s\u00e4\u00e4nn\u00f6llisell\u00e4 k\u00e4yt\u00f6ll\u00e4<br data-start=\"681\" data-end=\"684\" \/><strong data-start=\"684\" data-end=\"690\">\u2714\ufe0f<\/strong> Suihkuta juureen - k\u00e4tev\u00e4 harvennetuille alueille.<br data-start=\"741\" data-end=\"744\" \/><strong data-start=\"744\" data-end=\"750\">\u2714\ufe0f<\/strong> kevyt, ei-rasvainen koostumus, joka ei paina hiuksia alasp\u00e4in<\/p>","protected":false},"featured_media":45727,"comment_status":"open","ping_status":"closed","template":"","meta":{"_acf_changed":false},"product_brand":[],"product_cat":[304,57,92,305],"product_tag":[],"class_list":{"0":"post-45726","1":"product","2":"type-product","3":"status-publish","4":"has-post-thumbnail","6":"product_cat-plaukams","7":"product_cat-akcijos","8":"product_cat-groziui","9":"product_cat-plauku-serumai","11":"first","12":"instock","13":"sale","14":"shipping-taxable","15":"purchasable","16":"product-type-simple"},"acf":[],"tiered_pricing_type":"fixed","tiered_pricing_fixed_rules":[],"tiered_pricing_product_settings":{"layout":"default","base_unit_name":{"singular":null,"plural":null},"default_variation":null},"tiered_pricing_minimum_quantity":null,"tiered_pricing_roles_data":[],"tiered_pricing_percentage_rules":[],"_links":{"self":[{"href":"https:\/\/purama.lt\/fi\/wp-json\/wp\/v2\/product\/45726","targetHints":{"allow":["GET"]}}],"collection":[{"href":"https:\/\/purama.lt\/fi\/wp-json\/wp\/v2\/product"}],"about":[{"href":"https:\/\/purama.lt\/fi\/wp-json\/wp\/v2\/types\/product"}],"replies":[{"embeddable":true,"href":"https:\/\/purama.lt\/fi\/wp-json\/wp\/v2\/comments?post=45726"}],"wp:featuredmedia":[{"embeddable":true,"href":"https:\/\/purama.lt\/fi\/wp-json\/wp\/v2\/media\/45727"}],"wp:attachment":[{"href":"https:\/\/purama.lt\/fi\/wp-json\/wp\/v2\/media?parent=45726"}],"wp:term":[{"taxonomy":"product_brand","embeddable":true,"href":"https:\/\/purama.lt\/fi\/wp-json\/wp\/v2\/product_brand?post=45726"},{"taxonomy":"product_cat","embeddable":true,"href":"https:\/\/purama.lt\/fi\/wp-json\/wp\/v2\/product_cat?post=45726"},{"taxonomy":"product_tag","embeddable":true,"href":"https:\/\/purama.lt\/fi\/wp-json\/wp\/v2\/product_tag?post=45726"}],"curies":[{"name":"wp","href":"https:\/\/api.w.org\/{rel}","templated":true}]}}