{"id":45714,"date":"2026-02-05T13:12:01","date_gmt":"2026-02-05T11:12:01","guid":{"rendered":"https:\/\/purama.lt\/produktas\/mimi-ogliarola-dop-ypac-tyras-alyvuogiu-aliejus\/"},"modified":"2026-02-05T14:01:34","modified_gmt":"2026-02-05T12:01:34","slug":"mimi-ogliarola-dop-erityisesti-puhdasta-oliivioljya","status":"publish","type":"product","link":"https:\/\/purama.lt\/fi\/produktas\/mimi-ogliarola-dop-ypac-tyras-alyvuogiu-aliejus\/","title":{"rendered":"Mimi Ogliarola DOP Ekstra-neitsytoliivi\u00f6ljy (DOP)"},"content":{"rendered":"<p><strong>K\u00e4ytt\u00f6<\/strong><br>Sopii miedoille ruokalajeille: salaatit, kala (my\u00f6s raakana\/h\u00f6yrytettyn\u00e4), \u00e4yri\u00e4iset, keitetyt tai paistetut vihannekset.<br>K\u00e4yt\u00e4 jo valmistetun ruoan viimeistelyyn tuomaan makua esiin.<br>S\u00e4ilytet\u00e4\u00e4n tiiviisti suljettuna pime\u00e4ss\u00e4 ja viile\u00e4ss\u00e4 paikassa.<\/p>\n\n\n\n<p><strong>Ainesosat<\/strong><br>ekstra-neitsytoliivi\u00f6ljy\u00e4 (Ogliarola barese oliivit).<\/p>","protected":false},"excerpt":{"rendered":"<p data-start=\"0\" data-end=\"635\"><strong data-start=\"16\" data-end=\"68\">Olio Mim\u00ec - Ogliarola DOP ekstra neitsytoliivi\u00f6ljy<\/strong> DOP-sertifioitu ekstra-neitsytoliivi\u00f6ljy, jonka alkuper\u00e4maa on <strong data-start=\"119\" data-end=\"139\">Ogliarola Barese<\/strong> oliivilajike, jolle on ominaista <strong data-start=\"172\" data-end=\"198\">vaaleanvihre\u00e4 hedelm\u00e4inen<\/strong> profiili ja elegantti maku. Tuoksu paljastaa <strong data-start=\"253\" data-end=\"268\">salaatinlehdet<\/strong> ja <strong data-start=\"273\" data-end=\"299\">vastaleikattu ruoho<\/strong> ja makua hallitsevat <strong data-start=\"329\" data-end=\"348\">tuoreita manteleita<\/strong> vihje; katkeruus ja ter\u00e4vyys ovat tuntuvia, mutta <strong data-start=\"393\" data-end=\"409\">tasapaino<\/strong>. Se on t\u00e4ydellinen valinta, kun haluat miedomman, mutta laadukkaan \u00f6ljyn jokap\u00e4iv\u00e4iseen maustamiseen, ja se on my\u00f6s <strong data-start=\"519\" data-end=\"541\">runsaasti polyfenoleja<\/strong> (613 mg\/kg), ja sille on ominaista <strong data-start=\"566\" data-end=\"586\">alhainen happamuus<\/strong> (0,2 %).<\/p>\n<p data-start=\"637\" data-end=\"1159\"><strong data-start=\"637\" data-end=\"660\">Miksi valita<\/strong><br data-start=\"660\" data-end=\"663\" \/><strong data-start=\"663\" data-end=\"669\">\u2714\ufe0f<\/strong> DOP-sertifioitu alkuper\u00e4 (Terra di Bari) <br data-start=\"746\" data-end=\"749\" \/><strong data-start=\"749\" data-end=\"755\">\u2714\ufe0f<\/strong> vaalean vihre\u00e4 hedelm\u00e4inen tuoksu, jossa on salaatin ja leikatun ruohon vivahteita. <br data-start=\"862\" data-end=\"865\" \/><strong data-start=\"865\" data-end=\"871\">\u2714\ufe0f<\/strong> maku on aavistuksen tuoreen mantelin makuinen. <br data-start=\"952\" data-end=\"955\" \/><strong data-start=\"955\" data-end=\"961\">\u2714\ufe0f<\/strong> tasapainoinen katkeruus ja mieto mausteisuus <br data-start=\"1040\" data-end=\"1043\" \/><strong data-start=\"1043\" data-end=\"1049\">\u2714\ufe0f<\/strong> runsaasti polyfenoleja, v\u00e4h\u00e4happoinen; puristetaan pian sadonkorjuun j\u00e4lkeen.<\/p>","protected":false},"featured_media":45717,"comment_status":"open","ping_status":"closed","template":"","meta":{"_acf_changed":true},"product_brand":[],"product_cat":[60,298],"product_tag":[],"class_list":{"0":"post-45714","1":"product","2":"type-product","3":"status-publish","4":"has-post-thumbnail","6":"product_cat-mitybai","7":"product_cat-sveikas-maistas","9":"first","10":"instock","11":"shipping-taxable","12":"purchasable","13":"product-type-simple"},"acf":[],"tiered_pricing_type":"fixed","tiered_pricing_fixed_rules":[],"tiered_pricing_product_settings":{"layout":"default","base_unit_name":{"singular":null,"plural":null},"default_variation":null},"tiered_pricing_minimum_quantity":null,"tiered_pricing_roles_data":[],"tiered_pricing_percentage_rules":[],"_links":{"self":[{"href":"https:\/\/purama.lt\/fi\/wp-json\/wp\/v2\/product\/45714","targetHints":{"allow":["GET"]}}],"collection":[{"href":"https:\/\/purama.lt\/fi\/wp-json\/wp\/v2\/product"}],"about":[{"href":"https:\/\/purama.lt\/fi\/wp-json\/wp\/v2\/types\/product"}],"replies":[{"embeddable":true,"href":"https:\/\/purama.lt\/fi\/wp-json\/wp\/v2\/comments?post=45714"}],"wp:featuredmedia":[{"embeddable":true,"href":"https:\/\/purama.lt\/fi\/wp-json\/wp\/v2\/media\/45717"}],"wp:attachment":[{"href":"https:\/\/purama.lt\/fi\/wp-json\/wp\/v2\/media?parent=45714"}],"wp:term":[{"taxonomy":"product_brand","embeddable":true,"href":"https:\/\/purama.lt\/fi\/wp-json\/wp\/v2\/product_brand?post=45714"},{"taxonomy":"product_cat","embeddable":true,"href":"https:\/\/purama.lt\/fi\/wp-json\/wp\/v2\/product_cat?post=45714"},{"taxonomy":"product_tag","embeddable":true,"href":"https:\/\/purama.lt\/fi\/wp-json\/wp\/v2\/product_tag?post=45714"}],"curies":[{"name":"wp","href":"https:\/\/api.w.org\/{rel}","templated":true}]}}